{"id":40265,"date":"2025-07-08T13:11:13","date_gmt":"2025-07-08T17:11:13","guid":{"rendered":"https:\/\/concoursmontreal.ca\/?page_id=40265"},"modified":"2026-04-04T09:59:49","modified_gmt":"2026-04-04T13:59:49","slug":"program","status":"publish","type":"page","link":"https:\/\/www.concoursmontreal.ca\/en\/violin-2026\/program\/","title":{"rendered":"Program"},"content":{"rendered":"<h2 style=\"text-align: left;\">Concours 2026 &#8211; PROGRAM<\/h2>\n<p><img loading=\"lazy\" decoding=\"async\" class=\"aligncenter size-full wp-image-41722\" src=\"\/wp-content\/uploads\/2025\/12\/Titre_violin2026.jpg\" alt=\"\" width=\"1200\" height=\"350\" srcset=\"\/wp-content\/uploads\/2025\/12\/Titre_violin2026.jpg 1200w, \/wp-content\/uploads\/2025\/12\/Titre_violin2026-768x224.jpg 768w\" sizes=\"auto, (max-width: 1200px) 100vw, 1200px\" \/><\/p>\n<p><span style=\"color: #ff0000;\"><strong><span style=\"font-size: 22px;\"><br \/>Virtuosity Without Borders<\/span><\/strong><\/span><\/p>\n<p><strong><span style=\"font-size: 16px;\">From the First Round to the Grand Final, buy your tickets now to the different rounds of the Concours 2026.<\/span><\/strong><\/p>\n\n<table id=\"tablepress-88\" class=\"tablepress tablepress-id-88\">\n<tbody>\n<tr class=\"row-1\">\n\t<td class=\"column-1\"><CENTER><b>FIRST ROUND<br \/>\n5 SESSIONS<\/td>\n<\/tr>\n<tr class=\"row-2\">\n\t<td class=\"column-1\"><CENTER>In this First Round, each competitor has 30 minutes to shine by performing a work by J.S. Bach, Telemann, or another Baroque composer, a work showcasing the competitor\u2019s virtuosity (Bazzini, Ernst, Paganini, Saint-Sa\u00ebns, Sarasate, Waxman, Wieniawski), a work of the competitor\u2019s choice from a third musical period.<\/td>\n<\/tr>\n<\/tbody>\n<\/table>\n\n<p><span style=\"font-size: 14px;\"><b>Bourgie Hall of the Montreal Museum of Fine Arts<br \/><\/b>1339, Sherbrooke Street West, Montreal (Qu\u00e9bec) H3G 1G2<strong><br \/><\/strong><\/span><\/p>\n<p><span style=\"font-size: 14px; color: #f13613;\"><strong>Wednesday, May 27, 2026, 1:30 p.m.<\/strong><\/span><br \/><span style=\"font-size: 14px;\">5 competitors<\/span><\/p>\n<p><span style=\"font-size: 14px; color: #f13613;\"><strong>Wednesday, May 27, 2026, 7:30 p.m.<\/strong><\/span><br \/><span style=\"font-size: 14px;\">4 competitors<\/span><\/p>\n<p><span style=\"font-size: 14px; color: #f13613;\"><strong>Thursday, May 28, 2026, 1:30 p.m.<\/strong><\/span><br \/><span style=\"font-size: 14px;\">5 competitors<\/span><\/p>\n<p><span style=\"font-size: 14px; color: #f13613;\"><strong>Thursday, May 28, 2026, 7:30 p.m.<\/strong><\/span><br \/><span style=\"font-size: 14px;\">4 competitors<\/span><\/p>\n<p><span style=\"font-size: 14px; color: #f13613;\"><strong>Friday, May 29, 2026, 1:30 p.m.<\/strong><\/span><br \/><span style=\"font-size: 14px;\">6 competitors<\/span><\/p>\n<p><span style=\"font-size: 14px;\">Announcement of the ten Semifinalists<\/span><br \/><span style=\"font-size: 14px;\"><span style=\"color: #000000;\"><span class=\"TextRun SCXW139327715 BCX0\" lang=\"FR-FR\" xml:lang=\"FR-FR\" data-contrast=\"auto\"><span class=\"NormalTextRun CommentHighlightRest SCXW139327715 BCX0\">Robert-Trempe Junior Jury Prize<br \/>Baroque Prize<\/span><\/span><\/span><\/span><\/p>\n<p><span style=\"vertical-align: inherit;\"><a class=\"maxbutton-140 maxbutton maxbutton-tickets-and-packages\" href=\"https:\/\/www.concoursmontreal.ca\/en\/violin-2026\/box-office\/\"><span class='mb-text'>TICKETS AND PACKAGES<\/span><\/a><\/span><\/p>\n<p>&nbsp;<\/p>\n<p>\n<table id=\"tablepress-97\" class=\"tablepress tablepress-id-97\">\n<tbody>\n<tr class=\"row-1\">\n\t<td class=\"column-1\"><CENTER><b>SATURDAY MAY 30, 2026, 1:30 p.m.<br \/>\nMINI VIOLINI<\/b><br \/>\n<br \/>\nOfficial sponsor of Mini Violini<br \/>\n<b>Spinelli<\/b><\/td>\n<\/tr>\n<tr class=\"row-2\">\n\t<td class=\"column-1\"><CENTER>Alongside the main competition events of the Concours, Mini Violini offers a memorable encounter with talented young violinists between the ages of 10 and 14. Come and meet the four young violinists of Mini Violini 2026 and discover these talented, virtuoso and prodigious artists.<\/td>\n<\/tr>\n<\/tbody>\n<\/table>\n<br \/><strong><b>Bourgie Hall of the Montreal Museum of Fine Arts<br \/><\/b>1339, Sherbrooke Street West, Montreal (Qu\u00e9bec) H3G 1G2<\/strong><\/p>\n<p><span style=\"font-size: 14px; color: #f13613;\"><strong>Mini Violini: The Four Seasons<\/strong><\/span><br \/><span data-teams=\"true\"><br \/><a href=\"https:\/\/www.concoursmontreal.ca\/en\/violin-2026\/mini-violini\/\" target=\"_blank\" rel=\"noopener\">Laura Jin<\/a> (Australia)<br \/><a href=\"https:\/\/www.concoursmontreal.ca\/en\/violin-2026\/mini-violini\/\" target=\"_blank\" rel=\"noopener\">Sacha Jorba-Wu<\/a> (Canada)<br \/><a href=\"https:\/\/www.concoursmontreal.ca\/en\/violin-2026\/mini-violini\/\" target=\"_blank\" rel=\"noopener\">Iza Kamnitzer<\/a> (Canada)<br \/><\/span><a href=\"https:\/\/www.concoursmontreal.ca\/en\/violin-2026\/mini-violini\/\" target=\"_blank\" rel=\"noopener\">Ria Kang<\/a> (United States)<\/p>\n<p><span style=\"vertical-align: inherit;\"><a class=\"maxbutton-140 maxbutton maxbutton-tickets-and-packages\" href=\"https:\/\/www.concoursmontreal.ca\/en\/violin-2026\/box-office\/\"><span class='mb-text'>TICKETS AND PACKAGES<\/span><\/a><\/span><\/p>\n<p>&nbsp;<\/p>\n<p>\n<table id=\"tablepress-91\" class=\"tablepress tablepress-id-91\">\n<tbody>\n<tr class=\"row-1\">\n\t<td class=\"column-1\"><CENTER><b>SEMIFINAL<br \/>\n3 SESSIONS<\/td>\n<\/tr>\n<tr class=\"row-2\">\n\t<td class=\"column-1\"><CENTER>At this stage of the Concours, each competitor must present a carefully selected 50-minute program comprising of a complete sonata by Bart\u00f3k, Beethoven, Brahms, Debussy, Enescu, Faur\u00e9, Franck, Jan\u00e1\u010dek, Prokofiev, Ravel, Schnittke, Schumann, Schubert or R. Strauss, a work of the competitor\u2019s choice, by any composer, and a work of the competitor\u2019s choice, by a Canadian composer.<\/td>\n<\/tr>\n<\/tbody>\n<\/table>\n<strong><br \/><\/strong><\/p>\n<p><span style=\"font-size: 14px;\"><b>Bourgie Hall of the Montreal Museum of Fine Arts<br \/><\/b>1339, Sherbrooke Street West, Montreal (Qu\u00e9bec) H3G 1G2<strong><br \/><\/strong><\/span><\/p>\n<p><span style=\"font-size: 14px; color: #f13613;\"><strong>Saturday, May 30, 2026, 7:30 p.m.<\/strong><\/span><br \/><span style=\"font-size: 14px;\">3 competitors<\/span><\/p>\n<p><span style=\"font-size: 14px; color: #f13613;\"><strong>Sunday, May 31, 2026, 12:45 p.m.<br \/><\/strong><span style=\"color: #000000;\">Talk: <\/span><span style=\"color: #000000;\">Guylaine Tremblay and Lucie Robert<\/span><br \/><span style=\"color: #000000;\">Free admission<\/span><\/span><\/p>\n<p><span style=\"font-size: 14px; color: #f13613;\"><strong>Sunday, May 31, 2026, 1:30 p.m.<\/strong><\/span><br \/><span style=\"font-size: 14px;\">4 competitors<\/span><\/p>\n<p><span style=\"font-size: 14px; color: #f13613;\"><strong>Sunday, May 31, 2026, 7:30 p.m.<\/strong><\/span><br \/><span style=\"font-size: 14px;\">3 competitors<\/span><\/p>\n<p><span style=\"font-size: 14px;\">Announcement of the five Finalists<\/span><br \/><span style=\"font-size: 14px;\"><span style=\"color: #000000;\"><span class=\"TextRun SCXW139327715 BCX0\" lang=\"FR-FR\" xml:lang=\"FR-FR\" data-contrast=\"auto\"><span class=\"NormalTextRun CommentHighlightRest SCXW139327715 BCX0\">Prize for Best interpretation of a sonata during the Semifinal<\/span><\/span><\/span><\/span><\/p>\n<p><span style=\"vertical-align: inherit;\"><a class=\"maxbutton-140 maxbutton maxbutton-tickets-and-packages\" href=\"https:\/\/www.concoursmontreal.ca\/en\/violin-2026\/box-office\/\"><span class='mb-text'>TICKETS AND PACKAGES<\/span><\/a><\/span><\/p>\n<p>&nbsp;<\/p>\n\n<table id=\"tablepress-106\" class=\"tablepress tablepress-id-106\">\n<tbody>\n<tr class=\"row-1\">\n\t<td class=\"column-1\"><CENTER><b>SUNDAY MAY 31<br \/>\nTHE CONCOURS ON THE ROAD<\/b><\/td>\n<\/tr>\n<\/tbody>\n<\/table>\n\n<p><span style=\"font-size: 14px;\">\u2022 <strong>Centre d&#8217;art de Richmond<\/strong>, Richmond<\/span><br \/><span style=\"font-size: 14px;\">\u2022 <strong>Concerts sur le fleuve<\/strong>, \u00cele des S\u0153urs<\/span><br \/><span style=\"font-size: 14px;\">\u2022 <strong>Le Vaisseau d&#8217;art<\/strong>, Farnham<\/span><\/p>\n<p>&nbsp;<\/p>\n\n<table id=\"tablepress-93\" class=\"tablepress tablepress-id-93\">\n<tbody>\n<tr class=\"row-1\">\n\t<td class=\"column-1\"><CENTER><b>FINAL<br \/>\nTWO ROUNDS<\/td>\n<\/tr>\n<tr class=\"row-2\">\n\t<td class=\"column-1\"><CENTER>The Final of the Concours 2026 will be presented in two stages. It promises unforgettable moments of music, where every note carries the hope of victory. For this final stage, the five finalists, and then the three grand finalists, will be accompanied by the Orchestre symphonique de Montr\u00e9al \u2014 the Concours' official orchestra \u2014 under the baton of Guest Conductor Sascha Goetzel.<\/td>\n<\/tr>\n<\/tbody>\n<\/table>\n\n<p><span style=\"font-size: 14px;\"><strong><b>Maison symphonique de Montr\u00e9al<\/b><br \/><\/strong>1600, Saint-Urbain Street, Montreal (Qu\u00e9bec) H2X 0S1<\/span><\/p>\n<p><span style=\"font-size: 14px;\"><strong><span style=\"color: #f13613;\">Wednesday, June 3, 2026, 7:30 p.m.<\/span><br \/>Final \u2013 Mozart Round<br \/><\/strong>5 finalists<\/span><\/p>\n<p>Announcement of the three Grand finalists<\/p>\n<p>&nbsp;<\/p>\n<p><span style=\"font-size: 14px; color: #f13613;\"><strong>Thursday, June 4, 2026, 7:30 p.m.<\/strong><\/span><br \/><span style=\"font-size: 14px;\"><strong>Grand final<br \/><\/strong>3 grand finalists<strong><br \/><\/strong><\/span><\/p>\n<p>&nbsp;<\/p>\n<p><span style=\"vertical-align: inherit; font-size: 14px;\"><a class=\"maxbutton-140 maxbutton maxbutton-tickets-and-packages\" href=\"https:\/\/www.concoursmontreal.ca\/en\/violin-2026\/box-office\/\"><span class='mb-text'>TICKETS AND PACKAGES<\/span><\/a><\/span><\/p>\n<p>&nbsp;<\/p>\n<p><strong><span style=\"font-size: 14px;\"><span style=\"color: #f13613;\">Closing ceremony<\/span><\/span><\/strong><br \/><span style=\"font-size: 14px;\">Announcement of the three 2026 laureates<\/span><br \/><span style=\"font-size: 14px;\">Joseph-Rouleau Career Development Grant (1<sup>st<\/sup>, 2<sup>nd<\/sup> and 3<sup>rd<\/sup> prize)\u00a0<br \/>Andr\u00e9-Bourbeau Award for the Best Canadian Artist<br \/>Sonata Prize\u00a0<br \/>Chamber Music Award<br \/>Mozart Prize<br \/>OSM Prize<br \/>ICI Musique Audience Choice Award\u00a0<br \/>Concours grant for the two unranked finalists<\/span><\/p>\n<p>&nbsp;<\/p>\n<p style=\"text-align: center;\"><span style=\"vertical-align: inherit;\"><a class=\"maxbutton-186 maxbutton maxbutton-concours-2026-en\" href=\"https:\/\/www.concoursmontreal.ca\/en\/violin-2026\/\"><span class='mb-text'>HOME - CONCOURS 2026<\/span><\/a>\u00a0 <\/span><\/p>\n<p style=\"text-align: center;\"><span style=\"vertical-align: inherit;\"><a class=\"maxbutton-140 maxbutton maxbutton-tickets-and-packages\" href=\"https:\/\/www.concoursmontreal.ca\/en\/violin-2026\/box-office\/\"><span class='mb-text'>TICKETS AND PACKAGES<\/span><\/a>\u00a0<\/span><\/p>\n<p style=\"text-align: center;\"><span style=\"vertical-align: inherit;\"><a class=\"maxbutton-75 maxbutton maxbutton-support-the-concours\" href=\"https:\/\/www.concoursmontreal.ca\/en\/support\/donate\/\"><span class='mb-text'>SUPPORT THE CONCOURS<\/span><\/a><\/span><\/p>\n","protected":false},"excerpt":{"rendered":"<p>Concours 2026 &#8211; PROGRAM Virtuosity Without Borders From the First Round to the Grand Final, buy your tickets now to the different rounds of the Concours 2026. Bourgie Hall of the Montreal Museum of Fine Arts1339, Sherbrooke Street West, Montreal (Qu\u00e9bec) H3G 1G2 Wednesday, May 27, 2026, 1:30 p.m.5 competitors Wednesday, May 27, 2026, 7:30 [&hellip;]<\/p>\n","protected":false},"author":1,"featured_media":0,"parent":38325,"menu_order":1,"comment_status":"closed","ping_status":"closed","template":"","meta":{"_acf_changed":false,"footnotes":""},"class_list":["post-40265","page","type-page","status-publish","hentry"],"acf":[],"featured_media_src_url":null,"_links":{"self":[{"href":"https:\/\/www.concoursmontreal.ca\/en\/wp-json\/wp\/v2\/pages\/40265","targetHints":{"allow":["GET"]}}],"collection":[{"href":"https:\/\/www.concoursmontreal.ca\/en\/wp-json\/wp\/v2\/pages"}],"about":[{"href":"https:\/\/www.concoursmontreal.ca\/en\/wp-json\/wp\/v2\/types\/page"}],"author":[{"embeddable":true,"href":"https:\/\/www.concoursmontreal.ca\/en\/wp-json\/wp\/v2\/users\/1"}],"replies":[{"embeddable":true,"href":"https:\/\/www.concoursmontreal.ca\/en\/wp-json\/wp\/v2\/comments?post=40265"}],"version-history":[{"count":6,"href":"https:\/\/www.concoursmontreal.ca\/en\/wp-json\/wp\/v2\/pages\/40265\/revisions"}],"predecessor-version":[{"id":44358,"href":"https:\/\/www.concoursmontreal.ca\/en\/wp-json\/wp\/v2\/pages\/40265\/revisions\/44358"}],"up":[{"embeddable":true,"href":"https:\/\/www.concoursmontreal.ca\/en\/wp-json\/wp\/v2\/pages\/38325"}],"wp:attachment":[{"href":"https:\/\/www.concoursmontreal.ca\/en\/wp-json\/wp\/v2\/media?parent=40265"}],"curies":[{"name":"wp","href":"https:\/\/api.w.org\/{rel}","templated":true}]}}