{"id":16159,"date":"2020-12-02T13:29:03","date_gmt":"2020-12-02T18:29:03","guid":{"rendered":"https:\/\/www.concoursmontreal.ca\/?page_id=16159"},"modified":"2024-07-26T12:07:54","modified_gmt":"2024-07-26T16:07:54","slug":"piano-2020","status":"publish","type":"page","link":"https:\/\/www.concoursmontreal.ca\/fr\/archives\/editions-passees\/piano-2020\/","title":{"rendered":"Piano 2020"},"content":{"rendered":"<h2 style=\"text-align: left;\">CMIM 2020 &#8211; FESTIVAL VIRTUEL INTERNATIONAL\u00a0<\/h2>\n<p style=\"text-align: left;\"><img loading=\"lazy\" decoding=\"async\" class=\"size-full wp-image-12740 alignnone\" src=\"\/wp-content\/uploads\/2020\/05\/Je_reviendrai_en-te\u0302te_prolongation.jpg\" alt=\"\" width=\"1600\" height=\"500\" srcset=\"\/wp-content\/uploads\/2020\/05\/Je_reviendrai_en-te\u0302te_prolongation.jpg 1600w, \/wp-content\/uploads\/2020\/05\/Je_reviendrai_en-te\u0302te_prolongation-768x240.jpg 768w, \/wp-content\/uploads\/2020\/05\/Je_reviendrai_en-te\u0302te_prolongation-1536x480.jpg 1536w\" sizes=\"auto, (max-width: 1600px) 100vw, 1600px\" \/><\/p>\n<p>&nbsp;<\/p>\n<p style=\"text-align: right;\"><a class=\"maxbutton-40 maxbutton maxbutton-editions-passees\" href=\"https:\/\/www.concoursmontreal.ca\/fr\/archives\/editions-passees\/\"><span class='mb-text'>\u00c9ditions pass\u00e9es<\/span><\/a><\/p>\n<p>&nbsp;<\/p>\n<p style=\"text-align: left;\"><span style=\"font-size: 14px;\">Le confinement li\u00e9 \u00e0 la pand\u00e9mie de la COVID-19 et la fermeture des fronti\u00e8res internationales n&rsquo;ont jamais emp\u00each\u00e9 la musique de voyager et de venir jusqu&rsquo;\u00e0 nous. Inspir\u00e9 des paroles de la chanson <em><strong>Je reviendrai \u00e0 Montr\u00e9al<\/strong><\/em> de Robert Charlebois, le CMIM convie le public \u00e0 un festival virtuel international.<\/span><\/p>\n<p style=\"text-align: left;\"><span style=\"font-size: 14px;\">Aux dates m\u00eames o\u00f9 devait se tenir l&rsquo;\u00e9dition Piano 2020, le CMIM propose de d\u00e9couvrir plusieurs des jeunes pianistes s\u00e9lectionn\u00e9s pour l&rsquo;\u00e9dition report\u00e9e d&rsquo;un an et ayant d\u00e9j\u00e0 annonc\u00e9 leur retour \u00e0 Montr\u00e9al pour l&rsquo;\u00e9dition 2021.<\/span><\/p>\n<p style=\"text-align: left;\"><span style=\"font-size: 14px;\">Tous les jours, \u00e0 midi, du <strong>4 au 18 mai 2020<\/strong>, depuis leur milieu de vie respectif partout sur la plan\u00e8te, les concurrents s\u00e9lectionn\u00e9s interpr\u00e8tent de courts r\u00e9citals nous donnant un avant-go\u00fbt de la prochaine comp\u00e9tition qui se tiendra \u00e0 Montr\u00e9al du <strong>25 mai au 2 juin 2021<\/strong>.<\/span><\/p>\n<p>* * *<\/p>\n<p style=\"text-align: left;\"><span style=\"font-size: 16px;\"><strong>Un succ\u00e8s international<\/strong><\/span><br \/>Nous \u00e9tions plus de 209 000 \u00e0 suivre les pianistes participants du festival virtuel <em><strong>Je reviendrai \u00e0 Montr\u00e9al<\/strong><\/em>. Au-del\u00e0 de l&rsquo;isolement physique, les participants ont donn\u00e9 un sens nouveau aux mots&#8230; <span style=\"font-size: 14px;\"><strong><em>Je reviendrai \u00e0 Montr\u00e9al!<\/em><\/strong><\/span><\/p>\n<p style=\"text-align: left;\">\u00a0<\/p>\n<p>&nbsp;<\/p>\n<p><span style=\"font-size: 18px;\"><strong>Voyez toutes les vid\u00e9os :<\/strong><\/span><\/p>\n<div class=\"epyt-gallery\" data-currpage=\"1\" id=\"epyt_gallery_44800\"><iframe loading=\"lazy\"  id=\"_ytid_53402\"  width=\"490\" height=\"276\"  data-origwidth=\"490\" data-origheight=\"276\" src=\"https:\/\/www.youtube.com\/embed\/U6MQ-pJi8iM?enablejsapi=1&autoplay=0&cc_load_policy=0&cc_lang_pref=&iv_load_policy=1&loop=0&rel=1&fs=1&playsinline=0&autohide=2&theme=dark&color=red&controls=1&disablekb=0&\" class=\"__youtube_prefs__  no-lazyload\" title=\"YouTube player\"  data-epytgalleryid=\"epyt_gallery_44800\"  allow=\"fullscreen; accelerometer; autoplay; clipboard-write; encrypted-media; gyroscope; picture-in-picture; web-share\" referrerpolicy=\"strict-origin-when-cross-origin\" allowfullscreen data-no-lazy=\"1\" data-skipgform_ajax_framebjll=\"\"><\/iframe><div class=\"epyt-gallery-list\"><div class=\"epyt-pagination \"><div tabindex=\"0\" role=\"button\" class=\"epyt-pagebutton epyt-prev  hide \" data-playlistid=\"PL_P9by_tMFzH8vVzLsbob9vdposL5-dd-\" data-pagesize=\"15\" data-pagetoken=\"\" data-epcolumns=\"3\" data-showtitle=\"1\" data-showpaging=\"1\" data-autonext=\"0\" data-thumbplay=\"1\"><div class=\"epyt-arrow\">&laquo;<\/div> <div>Prev<\/div><\/div><div class=\"epyt-pagenumbers hide\"><div class=\"epyt-current\">1<\/div><div class=\"epyt-pageseparator\"> \/ <\/div><div class=\"epyt-totalpages\">1<\/div><\/div><div tabindex=\"0\" role=\"button\" class=\"epyt-pagebutton epyt-next hide \" data-playlistid=\"PL_P9by_tMFzH8vVzLsbob9vdposL5-dd-\" data-pagesize=\"15\" data-pagetoken=\"\" data-epcolumns=\"3\" data-showtitle=\"1\" data-showpaging=\"1\" data-autonext=\"0\" data-thumbplay=\"1\"><div>Next<\/div> <div class=\"epyt-arrow\">&raquo;<\/div><\/div><div class=\"epyt-loader\"><img loading=\"lazy\" decoding=\"async\" alt=\"loading\" width=\"16\" height=\"11\" src=\"https:\/\/www.concoursmontreal.ca\/wp-content\/plugins\/youtube-embed-plus\/images\/gallery-page-loader.gif\"><\/div><\/div><div class=\"epyt-gallery-allthumbs  epyt-cols-3 \"><div tabindex=\"0\" role=\"button\" data-videoid=\"U6MQ-pJi8iM\" class=\"epyt-gallery-thumb\"><div class=\"epyt-gallery-img-box\"><div class=\"epyt-gallery-img\" style=\"background-image: url(https:\/\/i.ytimg.com\/vi\/U6MQ-pJi8iM\/hqdefault.jpg)\"><div class=\"epyt-gallery-playhover\"><img loading=\"lazy\" decoding=\"async\" alt=\"play\" class=\"epyt-play-img\" width=\"30\" height=\"23\" src=\"https:\/\/www.concoursmontreal.ca\/wp-content\/plugins\/youtube-embed-plus\/images\/playhover.png\" data-no-lazy=\"1\" data-skipgform_ajax_framebjll=\"\" \/><div class=\"epyt-gallery-playcrutch\"><\/div><\/div><\/div><\/div><div class=\"epyt-gallery-title\">J.S. Bach : Concerto BWV 1065 (d&#039;apr\u00e8s\/after Vivaldi op. 3 n\u00b0 10)<\/div><\/div><div tabindex=\"0\" role=\"button\" data-videoid=\"GCGMuKyqEeU\" class=\"epyt-gallery-thumb\"><div class=\"epyt-gallery-img-box\"><div class=\"epyt-gallery-img\" style=\"background-image: url(https:\/\/i.ytimg.com\/vi\/GCGMuKyqEeU\/hqdefault.jpg)\"><div class=\"epyt-gallery-playhover\"><img loading=\"lazy\" decoding=\"async\" alt=\"play\" class=\"epyt-play-img\" width=\"30\" height=\"23\" src=\"https:\/\/www.concoursmontreal.ca\/wp-content\/plugins\/youtube-embed-plus\/images\/playhover.png\" data-no-lazy=\"1\" data-skipgform_ajax_framebjll=\"\" \/><div class=\"epyt-gallery-playcrutch\"><\/div><\/div><\/div><\/div><div class=\"epyt-gallery-title\">Yeontaek Oh : Je reviendrai \u00e0 Montr\u00e9al | CMIM<\/div><\/div><div tabindex=\"0\" role=\"button\" data-videoid=\"lWen-9ZP6Vs\" class=\"epyt-gallery-thumb\"><div class=\"epyt-gallery-img-box\"><div class=\"epyt-gallery-img\" style=\"background-image: url(https:\/\/i.ytimg.com\/vi\/lWen-9ZP6Vs\/hqdefault.jpg)\"><div class=\"epyt-gallery-playhover\"><img loading=\"lazy\" decoding=\"async\" alt=\"play\" class=\"epyt-play-img\" width=\"30\" height=\"23\" src=\"https:\/\/www.concoursmontreal.ca\/wp-content\/plugins\/youtube-embed-plus\/images\/playhover.png\" data-no-lazy=\"1\" data-skipgform_ajax_framebjll=\"\" \/><div class=\"epyt-gallery-playcrutch\"><\/div><\/div><\/div><\/div><div class=\"epyt-gallery-title\">Stephanie Tang : Je reviendrai \u00e0 Montr\u00e9al  | CMIM<\/div><\/div><div class=\"epyt-gallery-rowbreak\"><\/div><div tabindex=\"0\" role=\"button\" data-videoid=\"Q8iLUul1fg4\" class=\"epyt-gallery-thumb\"><div class=\"epyt-gallery-img-box\"><div class=\"epyt-gallery-img\" style=\"background-image: url(https:\/\/i.ytimg.com\/vi\/Q8iLUul1fg4\/hqdefault.jpg)\"><div class=\"epyt-gallery-playhover\"><img loading=\"lazy\" decoding=\"async\" alt=\"play\" class=\"epyt-play-img\" width=\"30\" height=\"23\" src=\"https:\/\/www.concoursmontreal.ca\/wp-content\/plugins\/youtube-embed-plus\/images\/playhover.png\" data-no-lazy=\"1\" data-skipgform_ajax_framebjll=\"\" \/><div class=\"epyt-gallery-playcrutch\"><\/div><\/div><\/div><\/div><div class=\"epyt-gallery-title\">Krzysztof\u202fKsi\u0105\u017cek : Je reviendrai \u00e0 Montr\u00e9al | CMIM<\/div><\/div><div tabindex=\"0\" role=\"button\" data-videoid=\"SSgr82wGfqY\" class=\"epyt-gallery-thumb\"><div class=\"epyt-gallery-img-box\"><div class=\"epyt-gallery-img\" style=\"background-image: url(https:\/\/i.ytimg.com\/vi\/SSgr82wGfqY\/hqdefault.jpg)\"><div class=\"epyt-gallery-playhover\"><img loading=\"lazy\" decoding=\"async\" alt=\"play\" class=\"epyt-play-img\" width=\"30\" height=\"23\" src=\"https:\/\/www.concoursmontreal.ca\/wp-content\/plugins\/youtube-embed-plus\/images\/playhover.png\" data-no-lazy=\"1\" data-skipgform_ajax_framebjll=\"\" \/><div class=\"epyt-gallery-playcrutch\"><\/div><\/div><\/div><\/div><div class=\"epyt-gallery-title\">Suah Ye : Je reviendrai \u00e0 Montr\u00e9al | CMIM<\/div><\/div><div tabindex=\"0\" role=\"button\" data-videoid=\"uSftu_deLeE\" class=\"epyt-gallery-thumb\"><div class=\"epyt-gallery-img-box\"><div class=\"epyt-gallery-img\" style=\"background-image: url(https:\/\/i.ytimg.com\/vi\/uSftu_deLeE\/hqdefault.jpg)\"><div class=\"epyt-gallery-playhover\"><img loading=\"lazy\" decoding=\"async\" alt=\"play\" class=\"epyt-play-img\" width=\"30\" height=\"23\" src=\"https:\/\/www.concoursmontreal.ca\/wp-content\/plugins\/youtube-embed-plus\/images\/playhover.png\" data-no-lazy=\"1\" data-skipgform_ajax_framebjll=\"\" \/><div class=\"epyt-gallery-playcrutch\"><\/div><\/div><\/div><\/div><div class=\"epyt-gallery-title\">Cristian Sandrin : Je reviendrai \u00e0 Montr\u00e9al | CMIM<\/div><\/div><div class=\"epyt-gallery-rowbreak\"><\/div><div tabindex=\"0\" role=\"button\" data-videoid=\"UJxksCFiM-w\" class=\"epyt-gallery-thumb\"><div class=\"epyt-gallery-img-box\"><div class=\"epyt-gallery-img\" style=\"background-image: url(https:\/\/i.ytimg.com\/vi\/UJxksCFiM-w\/hqdefault.jpg)\"><div class=\"epyt-gallery-playhover\"><img loading=\"lazy\" decoding=\"async\" alt=\"play\" class=\"epyt-play-img\" width=\"30\" height=\"23\" src=\"https:\/\/www.concoursmontreal.ca\/wp-content\/plugins\/youtube-embed-plus\/images\/playhover.png\" data-no-lazy=\"1\" data-skipgform_ajax_framebjll=\"\" \/><div class=\"epyt-gallery-playcrutch\"><\/div><\/div><\/div><\/div><div class=\"epyt-gallery-title\">Dmitry Sin : Je reviendrai \u00e0 Montr\u00e9al | CMIM<\/div><\/div><div tabindex=\"0\" role=\"button\" data-videoid=\"fH1-ppIuMWM\" class=\"epyt-gallery-thumb\"><div class=\"epyt-gallery-img-box\"><div class=\"epyt-gallery-img\" style=\"background-image: url(https:\/\/i.ytimg.com\/vi\/fH1-ppIuMWM\/hqdefault.jpg)\"><div class=\"epyt-gallery-playhover\"><img loading=\"lazy\" decoding=\"async\" alt=\"play\" class=\"epyt-play-img\" width=\"30\" height=\"23\" src=\"https:\/\/www.concoursmontreal.ca\/wp-content\/plugins\/youtube-embed-plus\/images\/playhover.png\" data-no-lazy=\"1\" data-skipgform_ajax_framebjll=\"\" \/><div class=\"epyt-gallery-playcrutch\"><\/div><\/div><\/div><\/div><div class=\"epyt-gallery-title\">Kevin Ahfat : Je reviendrai \u00e0 Montr\u00e9al | CMIM<\/div><\/div><div tabindex=\"0\" role=\"button\" data-videoid=\"oEesT256OzE\" class=\"epyt-gallery-thumb\"><div class=\"epyt-gallery-img-box\"><div class=\"epyt-gallery-img\" style=\"background-image: url(https:\/\/i.ytimg.com\/vi\/oEesT256OzE\/hqdefault.jpg)\"><div class=\"epyt-gallery-playhover\"><img loading=\"lazy\" decoding=\"async\" alt=\"play\" class=\"epyt-play-img\" width=\"30\" height=\"23\" src=\"https:\/\/www.concoursmontreal.ca\/wp-content\/plugins\/youtube-embed-plus\/images\/playhover.png\" data-no-lazy=\"1\" data-skipgform_ajax_framebjll=\"\" \/><div class=\"epyt-gallery-playcrutch\"><\/div><\/div><\/div><\/div><div class=\"epyt-gallery-title\">Alice Burla - Je reviendrai \u00e0 Montr\u00e9al - CMIM<\/div><\/div><div class=\"epyt-gallery-rowbreak\"><\/div><div tabindex=\"0\" role=\"button\" data-videoid=\"T971qNWqth4\" class=\"epyt-gallery-thumb\"><div class=\"epyt-gallery-img-box\"><div class=\"epyt-gallery-img\" style=\"background-image: url(https:\/\/i.ytimg.com\/vi\/T971qNWqth4\/hqdefault.jpg)\"><div class=\"epyt-gallery-playhover\"><img loading=\"lazy\" decoding=\"async\" alt=\"play\" class=\"epyt-play-img\" width=\"30\" height=\"23\" src=\"https:\/\/www.concoursmontreal.ca\/wp-content\/plugins\/youtube-embed-plus\/images\/playhover.png\" data-no-lazy=\"1\" data-skipgform_ajax_framebjll=\"\" \/><div class=\"epyt-gallery-playcrutch\"><\/div><\/div><\/div><\/div><div class=\"epyt-gallery-title\">Alexey Trushechkin - Je reviendrai \u00e0 Montr\u00e9al - CMIM<\/div><\/div><div tabindex=\"0\" role=\"button\" data-videoid=\"6VVRNa2BxAk\" class=\"epyt-gallery-thumb\"><div class=\"epyt-gallery-img-box\"><div class=\"epyt-gallery-img\" style=\"background-image: url(https:\/\/i.ytimg.com\/vi\/6VVRNa2BxAk\/hqdefault.jpg)\"><div class=\"epyt-gallery-playhover\"><img loading=\"lazy\" decoding=\"async\" alt=\"play\" class=\"epyt-play-img\" width=\"30\" height=\"23\" src=\"https:\/\/www.concoursmontreal.ca\/wp-content\/plugins\/youtube-embed-plus\/images\/playhover.png\" data-no-lazy=\"1\" data-skipgform_ajax_framebjll=\"\" \/><div class=\"epyt-gallery-playcrutch\"><\/div><\/div><\/div><\/div><div class=\"epyt-gallery-title\">Ken Nakasako : Je reviendrai \u00e0 Montr\u00e9al | CMIM<\/div><\/div><div tabindex=\"0\" role=\"button\" data-videoid=\"i_9yABO66j0\" class=\"epyt-gallery-thumb\"><div class=\"epyt-gallery-img-box\"><div class=\"epyt-gallery-img\" style=\"background-image: url(https:\/\/i.ytimg.com\/vi\/i_9yABO66j0\/hqdefault.jpg)\"><div class=\"epyt-gallery-playhover\"><img loading=\"lazy\" decoding=\"async\" alt=\"play\" class=\"epyt-play-img\" width=\"30\" height=\"23\" src=\"https:\/\/www.concoursmontreal.ca\/wp-content\/plugins\/youtube-embed-plus\/images\/playhover.png\" data-no-lazy=\"1\" data-skipgform_ajax_framebjll=\"\" \/><div class=\"epyt-gallery-playcrutch\"><\/div><\/div><\/div><\/div><div class=\"epyt-gallery-title\">Su Yeon Kim : Je reviendrai \u00e0 Montr\u00e9al | CMIM<\/div><\/div><div class=\"epyt-gallery-rowbreak\"><\/div><div tabindex=\"0\" role=\"button\" data-videoid=\"xin4QKdYXkg\" class=\"epyt-gallery-thumb\"><div class=\"epyt-gallery-img-box\"><div class=\"epyt-gallery-img\" style=\"background-image: url(https:\/\/i.ytimg.com\/vi\/xin4QKdYXkg\/hqdefault.jpg)\"><div class=\"epyt-gallery-playhover\"><img loading=\"lazy\" decoding=\"async\" alt=\"play\" class=\"epyt-play-img\" width=\"30\" height=\"23\" src=\"https:\/\/www.concoursmontreal.ca\/wp-content\/plugins\/youtube-embed-plus\/images\/playhover.png\" data-no-lazy=\"1\" data-skipgform_ajax_framebjll=\"\" \/><div class=\"epyt-gallery-playcrutch\"><\/div><\/div><\/div><\/div><div class=\"epyt-gallery-title\">Dimitri Malignan : Je reviendrai \u00e0 Montr\u00e9al | CMIM<\/div><\/div><div tabindex=\"0\" role=\"button\" data-videoid=\"_L2Y8j0-23E\" class=\"epyt-gallery-thumb\"><div class=\"epyt-gallery-img-box\"><div class=\"epyt-gallery-img\" style=\"background-image: url(https:\/\/i.ytimg.com\/vi\/_L2Y8j0-23E\/hqdefault.jpg)\"><div class=\"epyt-gallery-playhover\"><img loading=\"lazy\" decoding=\"async\" alt=\"play\" class=\"epyt-play-img\" width=\"30\" height=\"23\" src=\"https:\/\/www.concoursmontreal.ca\/wp-content\/plugins\/youtube-embed-plus\/images\/playhover.png\" data-no-lazy=\"1\" data-skipgform_ajax_framebjll=\"\" \/><div class=\"epyt-gallery-playcrutch\"><\/div><\/div><\/div><\/div><div class=\"epyt-gallery-title\">CMIM : Je reviendrai \u00e0 Montr\u00e9al | Festival international virtuel - Festival online<\/div><\/div><div class=\"epyt-gallery-clear\"><\/div><\/div><div class=\"epyt-pagination \"><div tabindex=\"0\" role=\"button\" class=\"epyt-pagebutton epyt-prev  hide \" data-playlistid=\"PL_P9by_tMFzH8vVzLsbob9vdposL5-dd-\" data-pagesize=\"15\" data-pagetoken=\"\" data-epcolumns=\"3\" data-showtitle=\"1\" data-showpaging=\"1\" data-autonext=\"0\" data-thumbplay=\"1\"><div class=\"epyt-arrow\">&laquo;<\/div> <div>Prev<\/div><\/div><div class=\"epyt-pagenumbers hide\"><div class=\"epyt-current\">1<\/div><div class=\"epyt-pageseparator\"> \/ <\/div><div class=\"epyt-totalpages\">1<\/div><\/div><div tabindex=\"0\" role=\"button\" class=\"epyt-pagebutton epyt-next hide \" data-playlistid=\"PL_P9by_tMFzH8vVzLsbob9vdposL5-dd-\" data-pagesize=\"15\" data-pagetoken=\"\" data-epcolumns=\"3\" data-showtitle=\"1\" data-showpaging=\"1\" data-autonext=\"0\" data-thumbplay=\"1\"><div>Next<\/div> <div class=\"epyt-arrow\">&raquo;<\/div><\/div><div class=\"epyt-loader\"><img loading=\"lazy\" decoding=\"async\" alt=\"loading\" width=\"16\" height=\"11\" src=\"https:\/\/www.concoursmontreal.ca\/wp-content\/plugins\/youtube-embed-plus\/images\/gallery-page-loader.gif\"><\/div><\/div><\/div><\/div>\n<p>&nbsp;<\/p>\n<p><span style=\"font-size: 18px;\"><strong>S\u00e9ance de visionnement (Watch Party)<\/strong><\/span><\/p>\n<p><img loading=\"lazy\" decoding=\"async\" class=\"aligncenter size-full wp-image-12901\" src=\"\/wp-content\/uploads\/2020\/05\/facebook.png\" alt=\"\" width=\"40\" height=\"41\" \/><\/p>\n<table border=\"0\" width=\"50%\" cellspacing=\"1\" cellpadding=\"5\" align=\"center\">\n<tbody>\n<tr>\n<td>\n<p><span style=\"font-size: 18px;\"><\/span><\/p>\n<\/td>\n<td><span style=\"font-size: 18px;\"><\/span><\/td>\n<\/tr>\n<\/tbody>\n<\/table>\n<p>&nbsp;<\/p>\n","protected":false},"excerpt":{"rendered":"<p>CMIM 2020 &#8211; FESTIVAL VIRTUEL INTERNATIONAL\u00a0 &nbsp; &nbsp; Le confinement li\u00e9 \u00e0 la pand\u00e9mie de la COVID-19 et la fermeture des fronti\u00e8res internationales n&rsquo;ont jamais emp\u00each\u00e9 la musique de voyager et de venir jusqu&rsquo;\u00e0 nous. Inspir\u00e9 des paroles de la chanson Je reviendrai \u00e0 Montr\u00e9al de Robert Charlebois, le CMIM convie le public \u00e0 un [&hellip;]<\/p>\n","protected":false},"author":1,"featured_media":0,"parent":92,"menu_order":5,"comment_status":"closed","ping_status":"closed","template":"","meta":{"_acf_changed":false,"footnotes":""},"class_list":["post-16159","page","type-page","status-publish","hentry"],"acf":[],"featured_media_src_url":null,"_links":{"self":[{"href":"https:\/\/www.concoursmontreal.ca\/fr\/wp-json\/wp\/v2\/pages\/16159","targetHints":{"allow":["GET"]}}],"collection":[{"href":"https:\/\/www.concoursmontreal.ca\/fr\/wp-json\/wp\/v2\/pages"}],"about":[{"href":"https:\/\/www.concoursmontreal.ca\/fr\/wp-json\/wp\/v2\/types\/page"}],"author":[{"embeddable":true,"href":"https:\/\/www.concoursmontreal.ca\/fr\/wp-json\/wp\/v2\/users\/1"}],"replies":[{"embeddable":true,"href":"https:\/\/www.concoursmontreal.ca\/fr\/wp-json\/wp\/v2\/comments?post=16159"}],"version-history":[{"count":5,"href":"https:\/\/www.concoursmontreal.ca\/fr\/wp-json\/wp\/v2\/pages\/16159\/revisions"}],"predecessor-version":[{"id":16165,"href":"https:\/\/www.concoursmontreal.ca\/fr\/wp-json\/wp\/v2\/pages\/16159\/revisions\/16165"}],"up":[{"embeddable":true,"href":"https:\/\/www.concoursmontreal.ca\/fr\/wp-json\/wp\/v2\/pages\/92"}],"wp:attachment":[{"href":"https:\/\/www.concoursmontreal.ca\/fr\/wp-json\/wp\/v2\/media?parent=16159"}],"curies":[{"name":"wp","href":"https:\/\/api.w.org\/{rel}","templated":true}]}}