{"id":1925,"date":"2015-03-25T22:19:39","date_gmt":"2015-03-26T02:19:39","guid":{"rendered":"http:\/\/cmim.sequencedigitale.com\/?page_id=1925"},"modified":"2023-10-08T08:12:35","modified_gmt":"2023-10-08T12:12:35","slug":"abonnement","status":"publish","type":"page","link":"https:\/\/www.concoursmontreal.ca\/fr\/abonnement\/","title":{"rendered":"S&rsquo;inscrire \u00e0 notre infolettre"},"content":{"rendered":"<p>Inscrivez-vous \u00e0 notre infolettre pour vous tenir inform\u00e9 des nouvelles du CMIM<br \/>recevoir du contenu exclusif!<\/p>\n","protected":false},"excerpt":{"rendered":"<p>Inscrivez-vous \u00e0 notre infolettre pour vous tenir inform\u00e9 des nouvelles du CMIMrecevoir du contenu exclusif!<\/p>\n","protected":false},"author":1,"featured_media":0,"parent":0,"menu_order":29,"comment_status":"closed","ping_status":"closed","template":"tpl-subscribe.php","meta":{"_acf_changed":false,"footnotes":""},"class_list":["post-1925","page","type-page","status-publish","hentry"],"acf":[],"featured_media_src_url":null,"_links":{"self":[{"href":"https:\/\/www.concoursmontreal.ca\/fr\/wp-json\/wp\/v2\/pages\/1925","targetHints":{"allow":["GET"]}}],"collection":[{"href":"https:\/\/www.concoursmontreal.ca\/fr\/wp-json\/wp\/v2\/pages"}],"about":[{"href":"https:\/\/www.concoursmontreal.ca\/fr\/wp-json\/wp\/v2\/types\/page"}],"author":[{"embeddable":true,"href":"https:\/\/www.concoursmontreal.ca\/fr\/wp-json\/wp\/v2\/users\/1"}],"replies":[{"embeddable":true,"href":"https:\/\/www.concoursmontreal.ca\/fr\/wp-json\/wp\/v2\/comments?post=1925"}],"version-history":[{"count":3,"href":"https:\/\/www.concoursmontreal.ca\/fr\/wp-json\/wp\/v2\/pages\/1925\/revisions"}],"predecessor-version":[{"id":31405,"href":"https:\/\/www.concoursmontreal.ca\/fr\/wp-json\/wp\/v2\/pages\/1925\/revisions\/31405"}],"wp:attachment":[{"href":"https:\/\/www.concoursmontreal.ca\/fr\/wp-json\/wp\/v2\/media?parent=1925"}],"curies":[{"name":"wp","href":"https:\/\/api.w.org\/{rel}","templated":true}]}}