{"id":249,"date":"2015-03-01T15:59:03","date_gmt":"2015-03-01T15:59:03","guid":{"rendered":"http:\/\/concoursmontreal.ca\/?page_id=249"},"modified":"2024-07-26T12:10:53","modified_gmt":"2024-07-26T16:10:53","slug":"piano-2011","status":"publish","type":"page","link":"https:\/\/www.concoursmontreal.ca\/fr\/archives\/editions-passees\/piano-2011\/","title":{"rendered":"Piano 2011"},"content":{"rendered":"<h2 style=\"text-align: left;\">Piano 2011<\/h2>\n<p style=\"text-align: left;\"><img loading=\"lazy\" decoding=\"async\" class=\"size-full wp-image-15213 alignnone\" src=\"\/wp-content\/uploads\/2020\/10\/Titre_Piano-2011_fr.jpg\" alt=\"\" width=\"1200\" height=\"350\" srcset=\"\/wp-content\/uploads\/2020\/10\/Titre_Piano-2011_fr.jpg 1200w, \/wp-content\/uploads\/2020\/10\/Titre_Piano-2011_fr-768x224.jpg 768w\" sizes=\"auto, (max-width: 1200px) 100vw, 1200px\" \/><\/p>\n<p style=\"text-align: right;\"><a class=\"maxbutton-40 maxbutton maxbutton-editions-passees\" href=\"https:\/\/www.concoursmontreal.ca\/fr\/archives\/editions-passees\/\"><span class='mb-text'>\u00c9ditions pass\u00e9es<\/span><\/a><\/p>\n<h2 style=\"text-align: left;\">Laur\u00e9ats<\/h2>\n<div class=\"columns cols14-34\">\n<div class=\"columns-col c0\">\n<div class=\"columns-wrap\"><img loading=\"lazy\" decoding=\"async\" class=\"alignnone size-full wp-image-1686\" src=\"\/wp-content\/uploads\/2015\/03\/Beatrice-Rana-CMIMPiano2011.jpg\" alt=\"Beatrice-Rana-CMIMPiano2011\" width=\"350\" height=\"256\" \/><\/div>\n<\/div>\n<div class=\"columns-col c1\">\n<div class=\"columns-wrap\">\n<p><strong class=\"h2\">BEATRICE RANA<\/strong><br \/>Italie<\/p>\n<p><strong>Premier prix<\/strong><br \/>30 000$<\/p>\n<p><strong>Prix d\u2019interpr\u00e9tation de l\u2019\u0153uvre canadienne impos\u00e9e<\/strong> <br \/>5 000 $<\/p>\n<p><strong>Prix du public de Radio-Canada<\/strong><br \/>5 000 $<\/p>\n<\/div>\n<\/div>\n<div class=\"clearfix\"><!--CLEARFIX --><\/div>\n<\/div>\n<div class=\"columns cols14-34\">\n<div class=\"columns-col c0\">\n<div class=\"columns-wrap\"><img loading=\"lazy\" decoding=\"async\" class=\"alignnone size-full wp-image-1687\" src=\"\/wp-content\/uploads\/2015\/03\/Lindsay-Garritson-CMIMPiano2011.jpg\" alt=\"Lindsay-Garritson-CMIMPiano2011\" width=\"350\" height=\"256\" \/><\/div>\n<\/div>\n<div class=\"columns-col c1\">\n<div class=\"columns-wrap\">\n<p><strong style=\"font-style: normal;\"><strong class=\"h2\">LINDSAY GARRITSON<\/strong><br \/><\/strong>\u00c9tats-Unis<\/p>\n<p><strong>Deuxi\u00e8me prix<\/strong> <br \/>15 000 $<\/p>\n<\/div>\n<\/div>\n<div class=\"clearfix\"><!--CLEARFIX --><\/div>\n<\/div>\n<div class=\"columns cols14-34\">\n<div class=\"columns-col c0\">\n<div class=\"columns-wrap\"><img loading=\"lazy\" decoding=\"async\" class=\"alignnone size-full wp-image-1688\" src=\"\/wp-content\/uploads\/2015\/03\/Henry-Kramer-CMIMPiano2011.jpg\" alt=\"Henry-Kramer-CMIMPiano2011\" width=\"350\" height=\"248\" \/><\/div>\n<\/div>\n<div class=\"columns-col c1\"><strong class=\"h2\">HENRY KRAMER<\/strong><\/p>\n<p>\u00c9tats-Unis<\/p>\n<p><strong>Troisi\u00e8me prix\u00a0<br \/><\/strong>10 000 $<\/p>\n<\/div>\n<div class=\"clearfix\"><!--CLEARFIX --><\/div>\n<\/div>\n<div class=\"columns cols14-34\">\n<div class=\"columns-col c0\">\n<div class=\"columns-wrap\"><img loading=\"lazy\" decoding=\"async\" class=\"alignnone size-full wp-image-1689\" src=\"\/wp-content\/uploads\/2015\/03\/Steven-Massicotte-CMIMPiano2011.jpg\" alt=\"Steven-Massicotte-CMIMPiano2011\" width=\"350\" height=\"279\" \/><\/div>\n<\/div>\n<div class=\"columns-col c1\"><strong class=\"h2\">STEVEN MASSICOTTE<\/strong><\/p>\n<p>Canada<\/p>\n<p><strong>Prix Joseph-Rouleau pour le meilleur artiste qu\u00e9b\u00e9cois <br \/><\/strong>5\u00a0000 $<\/p>\n<\/div>\n<div class=\"clearfix\"><!--CLEARFIX --><\/div>\n<\/div>\n<div class=\"columns cols14-34\">\n<div class=\"columns-col c0\">\n<div class=\"columns-wrap\"><img loading=\"lazy\" decoding=\"async\" class=\"alignnone size-full wp-image-1690\" src=\"\/wp-content\/uploads\/2015\/03\/Tina-Chong-CMIMPiano2011.jpg\" alt=\"Tina-Chong-CMIMPiano2011\" width=\"350\" height=\"247\" \/><\/div>\n<\/div>\n<div class=\"columns-col c1\"><strong class=\"h2\">TINA CHONG<\/strong><\/p>\n<p>Canada<\/p>\n<p><strong>Prix pour le meilleur artiste canadien <br \/><\/strong>10 000 $<\/p>\n<\/div>\n<div class=\"clearfix\"><!--CLEARFIX --><!--CLEARFIX --><\/div>\n<\/div>\n<div class=\"columns cols14-34\">\n<div class=\"columns-col c0\">\n<div class=\"columns-wrap\"><img loading=\"lazy\" decoding=\"async\" class=\"alignnone size-full wp-image-1691\" src=\"\/wp-content\/uploads\/2015\/03\/Yulia-Chaplina-CMIMPiano2011.jpg\" alt=\"Yulia-Chaplina-CMIMPiano2011\" width=\"350\" height=\"255\" \/><\/div>\n<\/div>\n<div class=\"columns-col c1\"><strong>Bourse du CMIM<\/strong><\/p>\n<p>Attribu\u00e9e aux 3 finalistes non-class\u00e9s<br \/>2 000 $<\/p>\n<p><strong class=\"h2\"><strong>Yulia Chaplina<\/strong><br \/><\/strong>Russie<\/p>\n<\/div>\n<div class=\"clearfix\"><!--CLEARFIX --><\/div>\n<\/div>\n<div class=\"columns cols14-34\">\n<div class=\"columns-col c0\">\n<div class=\"columns-wrap\"><img loading=\"lazy\" decoding=\"async\" class=\"alignnone size-full wp-image-1692\" src=\"\/wp-content\/uploads\/2015\/03\/Zheeyoung-Moon-CMIMPiano2011.jpg\" alt=\"Zheeyoung-Moon-CMIMPiano2011\" width=\"350\" height=\"249\" \/><\/div>\n<\/div>\n<div class=\"columns-col c1\"><strong class=\"h2\"><strong>Zheeyoung Moon <\/strong><\/strong><\/p>\n<p>Cor\u00e9e du Sud<\/p>\n<p>&nbsp;<\/p>\n<\/div>\n<div class=\"clearfix\"><!--CLEARFIX --><\/div>\n<\/div>\n<div class=\"columns cols14-34\">\n<div class=\"columns-col c0\">\n<div class=\"columns-wrap\"><img loading=\"lazy\" decoding=\"async\" class=\"alignnone size-full wp-image-1693\" src=\"\/wp-content\/uploads\/2015\/03\/Jong-Ho-Won-CMIMPiano2011-b.jpg\" alt=\"Jong-Ho-Won-CMIMPiano2011-b\" width=\"350\" height=\"245\" \/><\/div>\n<\/div>\n<div class=\"columns-col c1\"><strong class=\"h2\"><strong>Jong Ho Won<\/strong><\/strong><\/p>\n<p>Cor\u00e9e du Sud<\/p>\n<p>&nbsp;<\/p>\n<\/div>\n<div class=\"clearfix\">\u00a0<\/div>\n<\/div>\n<hr \/>\n<div style=\"text-align: left;\">\n<h2 class=\"h1\">Jury<\/h2>\n<p class=\"h2\">Arnaldo Cohen (Br\u00e9sil)<br \/>Jean-Philippe Collard (France)<br \/>Mari Kodama (Japon)<br \/>James Parker (Canada)<br \/>Benjamin Pasternack (\u00c9tats-Unis)<br \/>Imre Rohmann (Autriche)<br \/>Lilya Zilberstein (Russie)<\/p>\n<h2 class=\"h1\">\u0152uvre canadienne impos\u00e9e<\/h2>\n<p><em>A Wild Innocence<\/em> | David L. McIntyre<\/p>\n<h2 class=\"h1\">Orchestre<\/h2>\n<p>Orchestre M\u00e9tropolitain<\/p>\n<h2 class=\"h1\">Chef<\/h2>\n<p>Jean-Fran\u00e7ois Rivest<\/p>\n<\/div>\n","protected":false},"excerpt":{"rendered":"<p>Piano 2011 Laur\u00e9ats BEATRICE RANAItalie Premier prix30 000$ Prix d\u2019interpr\u00e9tation de l\u2019\u0153uvre canadienne impos\u00e9e 5 000 $ Prix du public de Radio-Canada5 000 $ LINDSAY GARRITSON\u00c9tats-Unis Deuxi\u00e8me prix 15 000 $ HENRY KRAMER \u00c9tats-Unis Troisi\u00e8me prix\u00a010 000 $ STEVEN MASSICOTTE Canada Prix Joseph-Rouleau pour le meilleur artiste qu\u00e9b\u00e9cois 5\u00a0000 $ TINA CHONG Canada Prix pour [&hellip;]<\/p>\n","protected":false},"author":1,"featured_media":0,"parent":92,"menu_order":14,"comment_status":"closed","ping_status":"closed","template":"tpl-competition.php","meta":{"_acf_changed":false,"footnotes":""},"class_list":["post-249","page","type-page","status-publish","hentry"],"acf":[],"featured_media_src_url":null,"_links":{"self":[{"href":"https:\/\/www.concoursmontreal.ca\/fr\/wp-json\/wp\/v2\/pages\/249","targetHints":{"allow":["GET"]}}],"collection":[{"href":"https:\/\/www.concoursmontreal.ca\/fr\/wp-json\/wp\/v2\/pages"}],"about":[{"href":"https:\/\/www.concoursmontreal.ca\/fr\/wp-json\/wp\/v2\/types\/page"}],"author":[{"embeddable":true,"href":"https:\/\/www.concoursmontreal.ca\/fr\/wp-json\/wp\/v2\/users\/1"}],"replies":[{"embeddable":true,"href":"https:\/\/www.concoursmontreal.ca\/fr\/wp-json\/wp\/v2\/comments?post=249"}],"version-history":[{"count":2,"href":"https:\/\/www.concoursmontreal.ca\/fr\/wp-json\/wp\/v2\/pages\/249\/revisions"}],"predecessor-version":[{"id":15217,"href":"https:\/\/www.concoursmontreal.ca\/fr\/wp-json\/wp\/v2\/pages\/249\/revisions\/15217"}],"up":[{"embeddable":true,"href":"https:\/\/www.concoursmontreal.ca\/fr\/wp-json\/wp\/v2\/pages\/92"}],"wp:attachment":[{"href":"https:\/\/www.concoursmontreal.ca\/fr\/wp-json\/wp\/v2\/media?parent=249"}],"curies":[{"name":"wp","href":"https:\/\/api.w.org\/{rel}","templated":true}]}}