{"id":257,"date":"2015-03-01T16:00:22","date_gmt":"2015-03-01T16:00:22","guid":{"rendered":"http:\/\/concoursmontreal.ca\/?page_id=257"},"modified":"2024-07-26T12:11:54","modified_gmt":"2024-07-26T16:11:54","slug":"piano-2008","status":"publish","type":"page","link":"https:\/\/www.concoursmontreal.ca\/fr\/archives\/editions-passees\/piano-2008\/","title":{"rendered":"Piano 2008"},"content":{"rendered":"<h2 style=\"text-align: left;\">Piano 2008<\/h2>\n<p><img loading=\"lazy\" decoding=\"async\" class=\"size-full wp-image-16035 alignnone\" src=\"\/wp-content\/uploads\/2020\/11\/Titre_Piano-2008.jpg\" alt=\"\" width=\"1200\" height=\"350\" srcset=\"\/wp-content\/uploads\/2020\/11\/Titre_Piano-2008.jpg 1200w, \/wp-content\/uploads\/2020\/11\/Titre_Piano-2008-768x224.jpg 768w\" sizes=\"auto, (max-width: 1200px) 100vw, 1200px\" \/><\/p>\n<h2 style=\"text-align: right;\"><a class=\"maxbutton-40 maxbutton maxbutton-editions-passees\" href=\"https:\/\/www.concoursmontreal.ca\/fr\/archives\/editions-passees\/\"><span class='mb-text'>\u00c9ditions pass\u00e9es<\/span><\/a><\/h2>\n<h2 style=\"text-align: left;\">Laur\u00e9ats<\/h2>\n<div class=\"columns cols14-34\">\n<div class=\"columns-col c0\">\n<div class=\"columns-wrap\"><img loading=\"lazy\" decoding=\"async\" class=\"alignnone size-full wp-image-1739\" src=\"\/wp-content\/uploads\/2015\/03\/Nareh-Archamanyan.jpg\" alt=\"Nareh-Archamanyan\" width=\"260\" height=\"190\" \/><\/div>\n<\/div>\n<div class=\"columns-col c1\">\n<div class=\"columns-wrap\">\n<p><strong class=\"h2\">NAREH ARGHAMANYAN<\/strong><br \/>\u00a0Arm\u00e9nie<\/p>\n<p><strong>Premier prix<\/strong><br \/>30 000$<br \/>Le Premier prix du Concours est accompagn\u00e9 d\u2019un enregistrement pour la maison de\u00a0disques canadienne Analekta.<\/p>\n<p><strong>Prix d\u2019interpr\u00e9tation de l\u2019\u0153uvre canadienne impos\u00e9e<\/strong><br \/>5 000$<\/p>\n<p><strong>Prix du public \u00a0\u00bb Hommage \u00e0 Yvonne Hubert \u00ab\u00a0<\/strong><br \/>2 500$<\/p>\n<\/div>\n<\/div>\n<div class=\"clearfix\"><!--CLEARFIX --><\/div>\n<\/div>\n<div class=\"columns cols14-34\">\n<div class=\"columns-col c0\">\n<div class=\"columns-wrap\"><img loading=\"lazy\" decoding=\"async\" class=\"alignnone size-full wp-image-1740\" src=\"\/wp-content\/uploads\/2015\/03\/Alexandre-Moutouzkine.jpg\" alt=\"Alexandre-Moutouzkine\" width=\"260\" height=\"190\" \/><\/div>\n<\/div>\n<div class=\"columns-col c1\">\n<div class=\"columns-wrap\">\n<p><strong class=\"h2\">ALEXANDRE MOUTOUZKINE<\/strong><br \/>Russie<\/p>\n<p><strong>Deuxi\u00e8me prix, ex-aequo<\/strong><br \/>Le deuxi\u00e8me prix (15 000 $) et le troisi\u00e8me prix (7 500 $) sont fondus en un deuxi\u00e8me prix\u00a0de 22 500 $ partag\u00e9 \u00e9galement (11 250 $) entre Alexandre Moutouzkine et Masataka Takada.<\/p>\n<\/div>\n<\/div>\n<div class=\"clearfix\"><!--CLEARFIX --><\/div>\n<\/div>\n<div class=\"columns cols14-34\">\n<div class=\"columns-col c0\">\n<div class=\"columns-wrap\"><img loading=\"lazy\" decoding=\"async\" class=\"alignnone size-full wp-image-1741\" src=\"\/wp-content\/uploads\/2015\/03\/Masataka-Takada.jpg\" alt=\"Masataka-Takada\" width=\"260\" height=\"190\" \/><\/div>\n<\/div>\n<div class=\"columns-col c1\">\n<div class=\"columns-wrap\">\n<p><strong class=\"h2\">MASATAKA TAKADA<\/strong><br \/>Japon<\/p>\n<p><strong>Deuxi\u00e8me prix, ex-aequo<\/strong><br \/>Le deuxi\u00e8me prix (15 000 $) et le troisi\u00e8me prix (7 500 $) sont fondus en un deuxi\u00e8me prix\u00a0de 22 500 $ partag\u00e9 \u00e9galement (11 250 $) entre Alexandre Moutouzkine et Masataka Takada.<\/p>\n<\/div>\n<\/div>\n<div class=\"clearfix\"><!--CLEARFIX --><\/div>\n<\/div>\n<div class=\"columns cols14-34\">\n<div class=\"columns-col c0\">\n<div class=\"columns-wrap\"><img loading=\"lazy\" decoding=\"async\" class=\"alignnone size-full wp-image-1742\" src=\"\/wp-content\/uploads\/2015\/03\/Marie-H\u00e9l\u00e8ne-Trempe.jpg\" alt=\"Marie-H\u00e9l\u00e8ne-Trempe\" width=\"260\" height=\"190\" \/><\/div>\n<\/div>\n<div class=\"columns-col c1\">\n<div class=\"columns-wrap\">\n<p><strong class=\"h2\">MARIE-H\u00c9L\u00c8NE TREMPE<\/strong><br \/>Canada<\/p>\n<p><strong>Prix Joseph-Rouleau pour le meilleur artiste qu\u00e9b\u00e9cois<\/strong> <br \/>7 500 $\u00a0<\/p>\n<\/div>\n<\/div>\n<\/div>\n<div class=\"columns cols14-34\">\n<div class=\"clearfix\"><!--CLEARFIX --><\/div>\n<\/div>\n<div class=\"columns cols14-34\">\n<div class=\"columns-col c0\">\n<div class=\"columns-wrap\"><img loading=\"lazy\" decoding=\"async\" class=\"alignnone size-full wp-image-1743\" src=\"\/wp-content\/uploads\/2015\/03\/Sergei-Saratovsky.jpg\" alt=\"Sergei-Saratovsky\" width=\"260\" height=\"190\" \/><\/div>\n<\/div>\n<div class=\"columns-col c1\"><strong class=\"h2\">SERGEI SARATOVSKY<\/strong><\/p>\n<p>Canada<\/p>\n<p><strong>Prix pour le meilleur artiste canadien<\/strong> <br \/>5 000 $<\/p>\n<\/div>\n<div class=\"clearfix\"><!--CLEARFIX --><\/div>\n<\/div>\n<hr \/>\n<div style=\"text-align: left;\">\n<h2 class=\"h1\">Jury<\/h2>\n<p class=\"h2\">Arnaldo Cohen (Br\u00e9sil)<br \/>Dang Thai Son (Vietnam)<br \/>Andr\u00e9 De Groote (Belgique)<br \/>Marc Durand (Canada)<br \/>Louise Forand-Samson (Canada) Piotr Paleczny (Pologne)<br \/>Imre Rohmann (Autriche)<br \/>Peter R\u00f6sel (Allemagne)<br \/>Jacques Rouvier (France)<\/p>\n<h2 class=\"h1\">\u0152uvre canadienne impos\u00e9e<\/h2>\n<p><em>Fastforward<\/em> | Alexina Louie<\/p>\n<h2 class=\"h1\">Orchestre<\/h2>\n<p>Orchestre M\u00e9tropolitain<\/p>\n<h2 class=\"h1\">Chef<\/h2>\n<p>Jean-Marie Zeitouni<\/p>\n<\/div>\n","protected":false},"excerpt":{"rendered":"<p>Piano 2008 Laur\u00e9ats NAREH ARGHAMANYAN\u00a0Arm\u00e9nie Premier prix30 000$Le Premier prix du Concours est accompagn\u00e9 d\u2019un enregistrement pour la maison de\u00a0disques canadienne Analekta. Prix d\u2019interpr\u00e9tation de l\u2019\u0153uvre canadienne impos\u00e9e5 000$ Prix du public \u00a0\u00bb Hommage \u00e0 Yvonne Hubert \u00ab\u00a02 500$ ALEXANDRE MOUTOUZKINERussie Deuxi\u00e8me prix, ex-aequoLe deuxi\u00e8me prix (15 000 $) et le troisi\u00e8me prix (7 500 [&hellip;]<\/p>\n","protected":false},"author":1,"featured_media":0,"parent":92,"menu_order":17,"comment_status":"closed","ping_status":"closed","template":"tpl-competition.php","meta":{"_acf_changed":false,"footnotes":""},"class_list":["post-257","page","type-page","status-publish","hentry"],"acf":[],"featured_media_src_url":null,"_links":{"self":[{"href":"https:\/\/www.concoursmontreal.ca\/fr\/wp-json\/wp\/v2\/pages\/257","targetHints":{"allow":["GET"]}}],"collection":[{"href":"https:\/\/www.concoursmontreal.ca\/fr\/wp-json\/wp\/v2\/pages"}],"about":[{"href":"https:\/\/www.concoursmontreal.ca\/fr\/wp-json\/wp\/v2\/types\/page"}],"author":[{"embeddable":true,"href":"https:\/\/www.concoursmontreal.ca\/fr\/wp-json\/wp\/v2\/users\/1"}],"replies":[{"embeddable":true,"href":"https:\/\/www.concoursmontreal.ca\/fr\/wp-json\/wp\/v2\/comments?post=257"}],"version-history":[{"count":2,"href":"https:\/\/www.concoursmontreal.ca\/fr\/wp-json\/wp\/v2\/pages\/257\/revisions"}],"predecessor-version":[{"id":16038,"href":"https:\/\/www.concoursmontreal.ca\/fr\/wp-json\/wp\/v2\/pages\/257\/revisions\/16038"}],"up":[{"embeddable":true,"href":"https:\/\/www.concoursmontreal.ca\/fr\/wp-json\/wp\/v2\/pages\/92"}],"wp:attachment":[{"href":"https:\/\/www.concoursmontreal.ca\/fr\/wp-json\/wp\/v2\/media?parent=257"}],"curies":[{"name":"wp","href":"https:\/\/api.w.org\/{rel}","templated":true}]}}