{"id":259,"date":"2015-03-01T16:00:45","date_gmt":"2015-03-01T16:00:45","guid":{"rendered":"http:\/\/concoursmontreal.ca\/?page_id=259"},"modified":"2024-07-26T12:12:25","modified_gmt":"2024-07-26T16:12:25","slug":"chant-2007","status":"publish","type":"page","link":"https:\/\/www.concoursmontreal.ca\/fr\/archives\/editions-passees\/chant-2007\/","title":{"rendered":"Chant 2007"},"content":{"rendered":"<h2 style=\"text-align: left;\"><span style=\"vertical-align: inherit;\">Voix 2007<\/span><\/h2>\n<p style=\"text-align: left;\"><img loading=\"lazy\" decoding=\"async\" class=\"size-full wp-image-15192 alignnone\" src=\"\/wp-content\/uploads\/2020\/10\/Titre_Voix-2007.jpg\" alt=\"\" width=\"1200\" height=\"350\" srcset=\"\/wp-content\/uploads\/2020\/10\/Titre_Voix-2007.jpg 1200w, \/wp-content\/uploads\/2020\/10\/Titre_Voix-2007-768x224.jpg 768w\" sizes=\"auto, (max-width: 1200px) 100vw, 1200px\" \/><\/p>\n<p style=\"text-align: right;\"><a class=\"maxbutton-40 maxbutton maxbutton-editions-passees\" href=\"https:\/\/www.concoursmontreal.ca\/fr\/archives\/editions-passees\/\"><span class='mb-text'>\u00c9ditions pass\u00e9es<\/span><\/a><\/p>\n<h2 style=\"text-align: left;\"><span style=\"vertical-align: inherit;\">Laur\u00e9ats<\/span><\/h2>\n<div class=\"columns cols14-34\">\n<div class=\"columns-col c0\">\n<div class=\"columns-wrap\"><img loading=\"lazy\" decoding=\"async\" class=\"alignnone size-full wp-image-1746\" src=\"\/wp-content\/uploads\/2015\/03\/Marianne-Fiset.jpg\" alt=\"Marianne-Fiset\" width=\"260\" height=\"190\" \/><\/div>\n<\/div>\n<div class=\"columns-col c1\">\n<div class=\"columns-wrap\">\n<p><strong class=\"h2\"><span style=\"vertical-align: inherit;\"><span style=\"vertical-align: inherit;\">MARIANNE FISET, soprano<\/span><\/span><\/strong><br \/><span style=\"vertical-align: inherit;\"><span style=\"vertical-align: inherit;\"> Canada<\/span><\/span><\/p>\n<p><strong><span style=\"vertical-align: inherit;\"><span style=\"vertical-align: inherit;\">Grand prix Premier\u00a0<\/span><\/span><\/strong><br \/><span style=\"vertical-align: inherit;\"><span style=\"vertical-align: inherit;\"> 25000 $<\/span><\/span><\/p>\n<p><strong><span style=\"vertical-align: inherit;\"><span style=\"vertical-align: inherit;\">Prix \u200b\u200bJean A. Chalmers<\/span><\/span><\/strong><br \/><span style=\"vertical-align: inherit;\"><span style=\"vertical-align: inherit;\"> pour le meilleur artiste canadien <\/span><\/span><br \/><span style=\"vertical-align: inherit;\"><span style=\"vertical-align: inherit;\">offert par le Canadian Opera Volunteer Committee <\/span><\/span><br \/><span style=\"vertical-align: inherit;\"><span style=\"vertical-align: inherit;\">10 000 $<\/span><\/span><\/p>\n<p><strong><span style=\"vertical-align: inherit;\"><span style=\"vertical-align: inherit;\">Prix \u200b\u200bJoseph-Rouleau<\/span><\/span><\/strong><br \/><span style=\"vertical-align: inherit;\"><span style=\"vertical-align: inherit;\"> pour le meilleur artiste qu\u00e9b\u00e9cois <\/span><\/span><br \/><span style=\"vertical-align: inherit;\"><span style=\"vertical-align: inherit;\">offert par la Fondation Hans J.Black 7500 <\/span><\/span><br \/><span style=\"vertical-align: inherit;\"><span style=\"vertical-align: inherit;\">$<\/span><\/span><\/p>\n<p><strong><span style=\"vertical-align: inherit;\"><span style=\"vertical-align: inherit;\">Prix \u200b\u200bPoulenc de la m\u00e9lodie fran\u00e7aise<\/span><\/span><\/strong><br \/><span style=\"vertical-align: inherit;\"><span style=\"vertical-align: inherit;\"> offert par l&rsquo;Association des Amis de Francis Poulenc et par Dalton Baldwin <\/span><\/span><br \/><span style=\"vertical-align: inherit;\"><span style=\"vertical-align: inherit;\">4000 $<\/span><\/span><\/p>\n<p><strong><span style=\"vertical-align: inherit;\"><span style=\"vertical-align: inherit;\">Prix \u200b\u200bdu public<\/span><\/span><\/strong><br \/><span style=\"vertical-align: inherit;\"><span style=\"vertical-align: inherit;\"> \u00abHommage \u00e0 L\u00e9opold Simoneau\u00bb <\/span><\/span><br \/><span style=\"vertical-align: inherit;\"><span style=\"vertical-align: inherit;\">2 500 $<\/span><\/span><\/p>\n<\/div>\n<\/div>\n<div class=\"clearfix\"><!--CLEARFIX --><\/div>\n<\/div>\n<div class=\"columns cols14-34\">\n<div class=\"columns-col c0\">\n<div class=\"columns-wrap\"><img loading=\"lazy\" decoding=\"async\" class=\"alignnone size-full wp-image-1747\" src=\"\/wp-content\/uploads\/2015\/03\/Steven-Ebel.jpg\" alt=\"Steven-Ebel\" width=\"260\" height=\"190\" \/><\/div>\n<\/div>\n<div class=\"columns-col c1\">\n<div class=\"columns-wrap\">\n<p><strong class=\"h2\"><span style=\"vertical-align: inherit;\"><span style=\"vertical-align: inherit;\">STEVEN EBEL, t\u00e9nor<\/span><\/span><\/strong><br \/><span style=\"vertical-align: inherit;\"><span style=\"vertical-align: inherit;\"> \u00c9tats-Unis<\/span><\/span><\/p>\n<p><strong><span style=\"vertical-align: inherit;\"><span style=\"vertical-align: inherit;\">Deuxi\u00e8me grand prix<\/span><\/span><\/strong><br \/><span style=\"vertical-align: inherit;\"><span style=\"vertical-align: inherit;\"> 15000 $<\/span><\/span><\/p>\n<\/div>\n<\/div>\n<div class=\"clearfix\"><!--CLEARFIX --><\/div>\n<\/div>\n<div class=\"columns cols14-34\">\n<div class=\"columns-col c0\">\n<div class=\"columns-wrap\"><img loading=\"lazy\" decoding=\"async\" class=\"alignnone size-full wp-image-1748\" src=\"\/wp-content\/uploads\/2015\/03\/Evgenie-Grekova.jpg\" alt=\"Evgenie-Grekova\" width=\"260\" height=\"190\" \/><\/div>\n<\/div>\n<div class=\"columns-col c1\">\n<div class=\"columns-wrap\">\n<p><strong class=\"h2\"><span style=\"vertical-align: inherit;\"><span style=\"vertical-align: inherit;\">EVGENIA GREKOVA, soprano<\/span><\/span><\/strong><br \/><span style=\"vertical-align: inherit;\"><span style=\"vertical-align: inherit;\"> Russie<\/span><\/span><\/p>\n<p><strong><span style=\"vertical-align: inherit;\"><span style=\"vertical-align: inherit;\">Troisi\u00e8me grand prix<\/span><\/span><\/strong><br \/><span style=\"vertical-align: inherit;\"><span style=\"vertical-align: inherit;\"> 7500 $<\/span><\/span><\/p>\n<\/div>\n<\/div>\n<div class=\"clearfix\"><!--CLEARFIX --><\/div>\n<\/div>\n<div class=\"columns cols14-34\">\n<div class=\"columns-col c0\">\n<div class=\"columns-wrap\"><img loading=\"lazy\" decoding=\"async\" class=\"alignnone size-full wp-image-1749\" src=\"\/wp-content\/uploads\/2015\/03\/Julie-Boulianne.jpg\" alt=\"Julie-Boulianne\" width=\"260\" height=\"190\" \/><\/div>\n<\/div>\n<div class=\"columns-col c1\">\n<div class=\"columns-wrap\">\n<p><strong class=\"h2\"><span style=\"vertical-align: inherit;\"><span style=\"vertical-align: inherit;\">JULIE BOULIANNE, mezzo-soprano<\/span><\/span><\/strong><br \/><span style=\"vertical-align: inherit;\"><span style=\"vertical-align: inherit;\"> Canada<\/span><\/span><\/p>\n<p><strong><span style=\"vertical-align: inherit;\"><span style=\"vertical-align: inherit;\">Quatri\u00e8me prix<\/span><\/span><\/strong><br \/><span style=\"vertical-align: inherit;\"><span style=\"vertical-align: inherit;\"> 5 000 $<\/span><\/span><\/p>\n<p><strong><span style=\"vertical-align: inherit;\"><span style=\"vertical-align: inherit;\">Prix \u200b\u200bde la Chambre Professionnelle des Directeurs d&rsquo;Op\u00e9ra<\/span><\/span><\/strong><br \/><span style=\"vertical-align: inherit;\"><span style=\"vertical-align: inherit;\"> remis au finaliste le plus prometteur <\/span><\/span><br \/><span style=\"vertical-align: inherit;\"><span style=\"vertical-align: inherit;\">1500 $<\/span><\/span><\/p>\n<\/div>\n<\/div>\n<div class=\"clearfix\"><!--CLEARFIX --><\/div>\n<\/div>\n<div class=\"columns cols14-34\">\n<div class=\"columns-col c0\">\n<div class=\"columns-wrap\"><img loading=\"lazy\" decoding=\"async\" class=\"alignnone size-full wp-image-1750\" src=\"\/wp-content\/uploads\/2015\/03\/Lateicia-Brewer.jpg\" alt=\"Lateicia-Brasseur\" width=\"260\" height=\"190\" \/><\/div>\n<\/div>\n<div class=\"columns-col c1\">\n<div class=\"columns-wrap\">\n<p><strong class=\"h2\"><span style=\"vertical-align: inherit;\"><span style=\"vertical-align: inherit;\">LETICIA BREWER, soprano<\/span><\/span><\/strong><br \/><span style=\"vertical-align: inherit;\"><span style=\"vertical-align: inherit;\"> Canada<\/span><\/span><\/p>\n<p><strong><span style=\"vertical-align: inherit;\"><span style=\"vertical-align: inherit;\">Cinqui\u00e8me prix\u00a0<\/span><\/span><\/strong><br \/><span style=\"vertical-align: inherit;\"><span style=\"vertical-align: inherit;\"> 4000 $<\/span><\/span><\/p>\n<\/div>\n<\/div>\n<div class=\"clearfix\"><!--CLEARFIX --><\/div>\n<\/div>\n<div class=\"columns cols14-34\">\n<div class=\"columns-col c0\">\n<div class=\"columns-wrap\"><img loading=\"lazy\" decoding=\"async\" class=\"alignnone size-full wp-image-1751\" src=\"\/wp-content\/uploads\/2015\/03\/Peter-Barrett.jpg\" alt=\"Peter-Barrett\" width=\"260\" height=\"190\" \/><\/div>\n<\/div>\n<div class=\"columns-col c1\">\n<div class=\"columns-wrap\">\n<p><strong class=\"h2\"><span style=\"vertical-align: inherit;\"><span style=\"vertical-align: inherit;\">PETER BARRETT, Baryton<\/span><\/span><\/strong><br \/><span style=\"vertical-align: inherit;\"><span style=\"vertical-align: inherit;\"> Canada<\/span><\/span><\/p>\n<p><strong><span style=\"vertical-align: inherit;\"><span style=\"vertical-align: inherit;\">Sixi\u00e8me prix 3000<\/span><\/span><\/strong> <br \/><span style=\"vertical-align: inherit;\"><span style=\"vertical-align: inherit;\"> $<\/span><\/span><\/p>\n<\/div>\n<\/div>\n<\/div>\n<div class=\"columns cols14-34\">\u00a0<\/div>\n<div class=\"columns cols14-34\">\n<div class=\"clearfix\"><!--CLEARFIX --><\/div>\n<\/div>\n<div class=\"columns cols14-34\">\n<div class=\"columns-col c0\">\n<div class=\"columns-wrap\"><img loading=\"lazy\" decoding=\"async\" class=\"alignnone size-full wp-image-1752\" src=\"\/wp-content\/uploads\/2015\/03\/Susanns-Ellen-Kirchesch.jpg\" alt=\"Susanns-Ellen-Kirchesch\" width=\"260\" height=\"190\" \/><\/div>\n<\/div>\n<div class=\"columns-col c1\"><strong class=\"h2\"><span style=\"vertical-align: inherit;\"><span style=\"vertical-align: inherit;\">SUSANNE ELLEN KIRCHESCH, SOPRANO<\/span><\/span><\/strong><\/p>\n<p><span style=\"vertical-align: inherit;\"><span style=\"vertical-align: inherit;\">Allemagne<\/span><\/span><\/p>\n<p><strong><span style=\"vertical-align: inherit;\"><span style=\"vertical-align: inherit;\">Prix \u200b\u200bd&rsquo;interpr\u00e9tation de l&rsquo;\u0153uvre canadienne impos\u00e9e <\/span><\/span><br \/><span style=\"vertical-align: inherit;\"><span style=\"vertical-align: inherit;\">5000 $<\/span><\/span><\/strong><\/p>\n<\/div>\n<div class=\"clearfix\"><!--CLEARFIX --><\/div>\n<\/div>\n<hr \/>\n<div style=\"text-align: left;\">\n<h2 class=\"h1\"><span style=\"vertical-align: inherit;\"><span style=\"vertical-align: inherit;\">Jury<\/span><\/span><\/h2>\n<p class=\"h2\"><span style=\"vertical-align: inherit;\"><span style=\"vertical-align: inherit;\">Dalton Baldwin (\u00c9tats-Unis) <\/span><\/span><br \/><span style=\"vertical-align: inherit;\"><span style=\"vertical-align: inherit;\">Rudolf Berger (Autriche) <\/span><\/span><br \/><span style=\"vertical-align: inherit;\"><span style=\"vertical-align: inherit;\">Judith Forst (Canada) <\/span><\/span><br \/><span style=\"vertical-align: inherit;\"><span style=\"vertical-align: inherit;\">Joji Hattori (Japon) <\/span><\/span><br \/><span style=\"vertical-align: inherit;\"><span style=\"vertical-align: inherit;\">Pierre Medecin (France) <\/span><\/span><br \/><span style=\"vertical-align: inherit;\"><span style=\"vertical-align: inherit;\">Sherrill Milnes (\u00c9tats-Unis) <\/span><\/span><br \/><span style=\"vertical-align: inherit;\"><span style=\"vertical-align: inherit;\">Joseph Rouleau (Canada)<\/span><\/span><\/p>\n<h2 class=\"h1\"><span style=\"vertical-align: inherit;\"><span style=\"vertical-align: inherit;\">\u0152uvre canadienne impos\u00e9e<\/span><\/span><\/h2>\n<p><em><span style=\"vertical-align: inherit;\"><span style=\"vertical-align: inherit;\">Portraits; <\/span><span style=\"vertical-align: inherit;\">Prologue<\/span><\/span><\/em><span style=\"vertical-align: inherit;\"><span style=\"vertical-align: inherit;\"> | <\/span><span style=\"vertical-align: inherit;\">Julien Bilodeau<\/span><\/span><\/p>\n<h2 class=\"h1\"><span style=\"vertical-align: inherit;\"><span style=\"vertical-align: inherit;\">Orchestre<\/span><\/span><\/h2>\n<p><span style=\"vertical-align: inherit;\"><span style=\"vertical-align: inherit;\">Orchestre M\u00e9tropolitain<\/span><\/span><\/p>\n<h2 class=\"h1\"><span style=\"vertical-align: inherit;\"><span style=\"vertical-align: inherit;\">Chef<\/span><\/span><\/h2>\n<p><span style=\"vertical-align: inherit;\"><span style=\"vertical-align: inherit;\">Daniel Lipton<\/span><\/span><\/p>\n<\/div>\n","protected":false},"excerpt":{"rendered":"<p>Voix 2007 Laur\u00e9ats MARIANNE FISET, soprano Canada Grand prix Premier\u00a0 25000 $ Prix \u200b\u200bJean A. Chalmers pour le meilleur artiste canadien offert par le Canadian Opera Volunteer Committee 10 000 $ Prix \u200b\u200bJoseph-Rouleau pour le meilleur artiste qu\u00e9b\u00e9cois offert par la Fondation Hans J.Black 7500 $ Prix \u200b\u200bPoulenc de la m\u00e9lodie fran\u00e7aise offert par l&rsquo;Association [&hellip;]<\/p>\n","protected":false},"author":1,"featured_media":0,"parent":92,"menu_order":18,"comment_status":"closed","ping_status":"closed","template":"tpl-competition.php","meta":{"_acf_changed":false,"footnotes":""},"class_list":["post-259","page","type-page","status-publish","hentry"],"acf":[],"featured_media_src_url":null,"_links":{"self":[{"href":"https:\/\/www.concoursmontreal.ca\/fr\/wp-json\/wp\/v2\/pages\/259","targetHints":{"allow":["GET"]}}],"collection":[{"href":"https:\/\/www.concoursmontreal.ca\/fr\/wp-json\/wp\/v2\/pages"}],"about":[{"href":"https:\/\/www.concoursmontreal.ca\/fr\/wp-json\/wp\/v2\/types\/page"}],"author":[{"embeddable":true,"href":"https:\/\/www.concoursmontreal.ca\/fr\/wp-json\/wp\/v2\/users\/1"}],"replies":[{"embeddable":true,"href":"https:\/\/www.concoursmontreal.ca\/fr\/wp-json\/wp\/v2\/comments?post=259"}],"version-history":[{"count":4,"href":"https:\/\/www.concoursmontreal.ca\/fr\/wp-json\/wp\/v2\/pages\/259\/revisions"}],"predecessor-version":[{"id":21002,"href":"https:\/\/www.concoursmontreal.ca\/fr\/wp-json\/wp\/v2\/pages\/259\/revisions\/21002"}],"up":[{"embeddable":true,"href":"https:\/\/www.concoursmontreal.ca\/fr\/wp-json\/wp\/v2\/pages\/92"}],"wp:attachment":[{"href":"https:\/\/www.concoursmontreal.ca\/fr\/wp-json\/wp\/v2\/media?parent=259"}],"curies":[{"name":"wp","href":"https:\/\/api.w.org\/{rel}","templated":true}]}}