{"id":261,"date":"2015-03-01T16:01:10","date_gmt":"2015-03-01T16:01:10","guid":{"rendered":"http:\/\/concoursmontreal.ca\/?page_id=261"},"modified":"2024-07-26T12:12:31","modified_gmt":"2024-07-26T16:12:31","slug":"violon-2006","status":"publish","type":"page","link":"https:\/\/www.concoursmontreal.ca\/fr\/archives\/editions-passees\/violon-2006\/","title":{"rendered":"Violon 2006"},"content":{"rendered":"<h2 style=\"text-align: left;\">Violon 2006<\/h2>\n<p><img loading=\"lazy\" decoding=\"async\" class=\"size-full wp-image-15146 alignnone\" src=\"\/wp-content\/uploads\/2020\/10\/Titre_violon-2006.jpg\" alt=\"\" width=\"1200\" height=\"350\" srcset=\"\/wp-content\/uploads\/2020\/10\/Titre_violon-2006.jpg 1200w, \/wp-content\/uploads\/2020\/10\/Titre_violon-2006-768x224.jpg 768w\" sizes=\"auto, (max-width: 1200px) 100vw, 1200px\" \/><\/p>\n<p style=\"text-align: right;\"><a class=\"maxbutton-40 maxbutton maxbutton-editions-passees\" href=\"https:\/\/www.concoursmontreal.ca\/fr\/archives\/editions-passees\/\"><span class='mb-text'>\u00c9ditions pass\u00e9es<\/span><\/a><\/p>\n<h2 style=\"text-align: left;\">Laur\u00e9ats<\/h2>\n<div class=\"columns cols14-34\">\n<div class=\"columns-col c0\">\n<div class=\"columns-wrap\"><img loading=\"lazy\" decoding=\"async\" class=\"alignnone size-full wp-image-1755\" src=\"\/wp-content\/uploads\/2015\/03\/Jinjoo-Cho.jpg\" alt=\"Jinjoo-Cho\" width=\"260\" height=\"190\" \/><\/div>\n<\/div>\n<div class=\"columns-col c1\">\n<div class=\"columns-wrap\">\n<p><strong class=\"h2\">JINJOO CHO<\/strong><br \/>Cor\u00e9e du Sud<\/p>\n<p><strong>Premier grand prix\u00a0<br \/><\/strong>remis par le Gouvernement du Qu\u00e9bec <br \/>25 000 $<\/p>\n<p><strong>Prix du public \u00ab Hommage \u00e0 Gilles Lefebvre \u00bb<\/strong><br \/>remis par Hydro-Qu\u00e9bec<br \/>2 500 $<\/p>\n<\/div>\n<\/div>\n<div class=\"clearfix\"><!--CLEARFIX --><\/div>\n<\/div>\n<div class=\"columns cols14-34\">\n<div class=\"columns-col c0\">\n<div class=\"columns-wrap\"><img loading=\"lazy\" decoding=\"async\" class=\"alignnone size-full wp-image-1756\" src=\"\/wp-content\/uploads\/2015\/03\/Ye-Eun-Choi.jpg\" alt=\"Ye-Eun-Choi\" width=\"260\" height=\"190\" \/><\/div>\n<\/div>\n<div class=\"columns-col c1\">\n<div class=\"columns-wrap\">\n<p><strong class=\"h2\">YE-EUN CHOI<\/strong><br \/>Cor\u00e9e du Sud<\/p>\n<p><strong>Deuxi\u00e8me grand prix<br \/><\/strong>remis par\u00a0Alcoa<br \/>15 000 $<\/p>\n<p><strong>Prix d\u2019interpr\u00e9tation de l\u2019\u0153uvre canadienne impos\u00e9e<\/strong><br \/>remis par Espace musique<br \/>5 000 $<\/p>\n<\/div>\n<\/div>\n<div class=\"clearfix\"><!--CLEARFIX --><\/div>\n<\/div>\n<div class=\"columns cols14-34\">\n<div class=\"columns-col c0\">\n<div class=\"columns-wrap\"><img loading=\"lazy\" decoding=\"async\" class=\"alignnone size-full wp-image-1757\" src=\"\/wp-content\/uploads\/2015\/03\/Marcus-Tannenberger.jpg\" alt=\"Marcus-Tannenberger\" width=\"260\" height=\"190\" \/><\/div>\n<\/div>\n<div class=\"columns-col c1\">\n<div class=\"columns-wrap\">\n<p><strong class=\"h2\">MARCUS TANNEBERGER<\/strong><br \/>Allemagne<\/p>\n<p><strong>Troisi\u00e8me grand prix<br \/><\/strong>remis par\u00a0Telus<br \/>7 500 $<\/p>\n<\/div>\n<\/div>\n<div class=\"clearfix\"><!--CLEARFIX --><\/div>\n<\/div>\n<div class=\"columns cols14-34\">\n<div class=\"columns-col c0\">\n<div class=\"columns-wrap\"><img loading=\"lazy\" decoding=\"async\" class=\"alignnone size-full wp-image-1758\" src=\"\/wp-content\/uploads\/2015\/03\/Corrine-Chapelle.jpg\" alt=\"Corrine-Chapelle\" width=\"260\" height=\"190\" \/><\/div>\n<\/div>\n<div class=\"columns-col c1\">\n<div class=\"columns-wrap\">\n<p><strong class=\"h2\">CORINNE CHAPELLE<\/strong><br \/>\u00c9tats-Unis<\/p>\n<p><strong>Quatri\u00e8me\u00a0prix<br \/><\/strong>remis par le Groupe CGI <br \/>5 000 $<\/p>\n<\/div>\n<\/div>\n<div class=\"clearfix\"><!--CLEARFIX --><\/div>\n<\/div>\n<div class=\"columns cols14-34\">\n<div class=\"columns-col c0\">\n<div class=\"columns-wrap\"><img loading=\"lazy\" decoding=\"async\" class=\"alignnone size-full wp-image-1759\" src=\"\/wp-content\/uploads\/2015\/03\/Mayuko-Kamio.jpg\" alt=\"Mayuko-Kamio\" width=\"260\" height=\"190\" \/><\/div>\n<\/div>\n<div class=\"columns-col c1\">\n<div class=\"columns-wrap\">\n<p><strong class=\"h2\">MAYUKO KAMIO<\/strong><br \/>Japon<\/p>\n<p><strong>Cinqui\u00e8me\u00a0prix\u00a0<br \/><\/strong>remis par Gaz Metro<br \/>4 000 $<\/p>\n<\/div>\n<\/div>\n<div class=\"clearfix\"><!--CLEARFIX --><\/div>\n<\/div>\n<div class=\"columns cols14-34\">\n<div class=\"columns-col c0\">\n<div class=\"columns-wrap\"><img loading=\"lazy\" decoding=\"async\" class=\"alignnone size-full wp-image-1760\" src=\"\/wp-content\/uploads\/2015\/03\/Dan-Zhu.jpg\" alt=\"Dan-Zhu\" width=\"260\" height=\"190\" \/><\/div>\n<\/div>\n<div class=\"columns-col c1\">\n<div class=\"columns-wrap\">\n<p><strong class=\"h2\">DAN ZHU<\/strong><br \/>Chine<\/p>\n<p><strong>Sixi\u00e8me prix<\/strong> <br \/>remis par la Ville de Montr\u00e9al <br \/>3 000 $<\/p>\n<\/div>\n<\/div>\n<div class=\"clearfix\"><!--CLEARFIX --><\/div>\n<\/div>\n<div class=\"columns cols14-34\">\n<div class=\"columns-col c0\">\n<div class=\"columns-wrap\"><img loading=\"lazy\" decoding=\"async\" class=\"alignnone size-full wp-image-1761\" src=\"\/wp-content\/uploads\/2015\/03\/Jean-Sebastien-Roy.jpg\" alt=\"Jean-Sebastien-Roy\" width=\"260\" height=\"190\" \/><\/div>\n<\/div>\n<div class=\"columns-col c1\">\n<div class=\"columns-wrap\">\n<p><strong class=\"h2\">JEAN-S\u00c9BASTIEN ROY<\/strong><br \/>Canada<\/p>\n<p><strong>Prix Joseph-Rouleau pour le meilleur artiste qu\u00e9b\u00e9cois<\/strong><br \/>remis par la Fondation Hans J. Black et M. Joseph Rouleau<br \/>7 500 $<\/p>\n<\/div>\n<\/div>\n<div class=\"clearfix\"><!--CLEARFIX --><\/div>\n<\/div>\n<div class=\"columns cols14-34\">\u00a0<\/div>\n<div class=\"columns cols14-34\">\n<div class=\"clearfix\"><!--CLEARFIX --><\/div>\n<\/div>\n<div class=\"columns cols14-34\">\n<div class=\"columns-col c0\">\n<div class=\"columns-wrap\"><img loading=\"lazy\" decoding=\"async\" class=\"alignnone size-full wp-image-1762\" src=\"\/wp-content\/uploads\/2015\/03\/Nikki-Chooi.jpg\" alt=\"Nikki-Chooi\" width=\"260\" height=\"190\" \/><\/div>\n<\/div>\n<div class=\"columns-col c1\"><strong class=\"h2\">NIKKI CHOI<\/strong><\/p>\n<p>Canada<\/p>\n<p><strong>Prix \u00c9toiles Galaxie de Radio-Canada pour le meilleur artiste canadien<br \/><\/strong>remis par la Soci\u00e9t\u00e9 Radio-Canada et madame Huguette Trudeau-Lefebvre<br \/>5 000 $<\/p>\n<\/div>\n<div class=\"clearfix\"><!--CLEARFIX --><\/div>\n<\/div>\n<hr \/>\n<div style=\"text-align: left;\">\n<h2 class=\"h1\">Jury<\/h2>\n<p class=\"h2\">Zakhar Bron (Allemagne)<br \/>Andrew Dawes (Canada)<br \/>Michael Frischenschlager (Autriche)<br \/>Paul Kantor (\u00c9tats-Unis)<br \/>Igor Oistrakh (Russie)<br \/>G\u00e9rard Poulet (France)<br \/>Lucie Robert (Canada)<br \/>Yuli Turovsky (Canada)<br \/>Arie Van Lysebeth (Belgique)<\/p>\n<h2 class=\"h1\">\u0152uvre canadienne impos\u00e9e<\/h2>\n<p><em>And Dreams Rush Forth to Seek the Distance<\/em> | Scott Good<\/p>\n<h2 class=\"h1\">Orchestre<\/h2>\n<p>Orchestre symphonique de Montr\u00e9al<\/p>\n<h2 class=\"h1\">Chef<\/h2>\n<p>Muhai Tang<\/p>\n<\/div>\n","protected":false},"excerpt":{"rendered":"<p>Violon 2006 Laur\u00e9ats JINJOO CHOCor\u00e9e du Sud Premier grand prix\u00a0remis par le Gouvernement du Qu\u00e9bec 25 000 $ Prix du public \u00ab Hommage \u00e0 Gilles Lefebvre \u00bbremis par Hydro-Qu\u00e9bec2 500 $ YE-EUN CHOICor\u00e9e du Sud Deuxi\u00e8me grand prixremis par\u00a0Alcoa15 000 $ Prix d\u2019interpr\u00e9tation de l\u2019\u0153uvre canadienne impos\u00e9eremis par Espace musique5 000 $ MARCUS TANNEBERGERAllemagne Troisi\u00e8me [&hellip;]<\/p>\n","protected":false},"author":1,"featured_media":0,"parent":92,"menu_order":19,"comment_status":"closed","ping_status":"closed","template":"tpl-competition.php","meta":{"_acf_changed":false,"footnotes":""},"class_list":["post-261","page","type-page","status-publish","hentry"],"acf":[],"featured_media_src_url":null,"_links":{"self":[{"href":"https:\/\/www.concoursmontreal.ca\/fr\/wp-json\/wp\/v2\/pages\/261","targetHints":{"allow":["GET"]}}],"collection":[{"href":"https:\/\/www.concoursmontreal.ca\/fr\/wp-json\/wp\/v2\/pages"}],"about":[{"href":"https:\/\/www.concoursmontreal.ca\/fr\/wp-json\/wp\/v2\/types\/page"}],"author":[{"embeddable":true,"href":"https:\/\/www.concoursmontreal.ca\/fr\/wp-json\/wp\/v2\/users\/1"}],"replies":[{"embeddable":true,"href":"https:\/\/www.concoursmontreal.ca\/fr\/wp-json\/wp\/v2\/comments?post=261"}],"version-history":[{"count":3,"href":"https:\/\/www.concoursmontreal.ca\/fr\/wp-json\/wp\/v2\/pages\/261\/revisions"}],"predecessor-version":[{"id":16004,"href":"https:\/\/www.concoursmontreal.ca\/fr\/wp-json\/wp\/v2\/pages\/261\/revisions\/16004"}],"up":[{"embeddable":true,"href":"https:\/\/www.concoursmontreal.ca\/fr\/wp-json\/wp\/v2\/pages\/92"}],"wp:attachment":[{"href":"https:\/\/www.concoursmontreal.ca\/fr\/wp-json\/wp\/v2\/media?parent=261"}],"curies":[{"name":"wp","href":"https:\/\/api.w.org\/{rel}","templated":true}]}}