{"id":265,"date":"2015-03-01T16:02:15","date_gmt":"2015-03-01T16:02:15","guid":{"rendered":"http:\/\/concoursmontreal.ca\/?page_id=265"},"modified":"2024-07-26T12:12:45","modified_gmt":"2024-07-26T16:12:45","slug":"piano-2004","status":"publish","type":"page","link":"https:\/\/www.concoursmontreal.ca\/fr\/archives\/editions-passees\/piano-2004\/","title":{"rendered":"Piano 2004"},"content":{"rendered":"<h2 style=\"text-align: left;\">Piano 2004<\/h2>\n<h2 style=\"text-align: right;\"><img loading=\"lazy\" decoding=\"async\" class=\"size-full wp-image-15135 alignnone\" src=\"\/wp-content\/uploads\/2020\/10\/Titre_Piano-2004_fr.jpg\" alt=\"\" width=\"1200\" height=\"350\" srcset=\"\/wp-content\/uploads\/2020\/10\/Titre_Piano-2004_fr.jpg 1200w, \/wp-content\/uploads\/2020\/10\/Titre_Piano-2004_fr-768x224.jpg 768w\" sizes=\"auto, (max-width: 1200px) 100vw, 1200px\" \/><\/h2>\n<h2 style=\"text-align: right;\">\u00a0<a class=\"maxbutton-40 maxbutton maxbutton-editions-passees\" href=\"https:\/\/www.concoursmontreal.ca\/fr\/archives\/editions-passees\/\"><span class='mb-text'>\u00c9ditions pass\u00e9es<\/span><\/a><\/h2>\n<h2 class=\"h1\" style=\"text-align: left;\">Laur\u00e9ats<\/h2>\n<div class=\"columns cols14-34\">\n<div class=\"columns-col c0\">\n<div class=\"columns-wrap\"><img loading=\"lazy\" decoding=\"async\" class=\"alignnone size-full wp-image-1774\" src=\"\/wp-content\/uploads\/2015\/03\/Serhiy-Salov.jpg\" alt=\"Serhiy-Salov\" width=\"260\" height=\"190\" \/><\/div>\n<\/div>\n<div class=\"columns-col c1\">\n<div class=\"columns-wrap\">\n<p><strong class=\"h2\">SERHIY SALOV<\/strong><br \/>Ukraine<\/p>\n<p><strong>Premier grand prix : Prix Standard Life\u00a0<\/strong><br \/>25 000 $<\/p>\n<p><strong>Prix du public &#8211; \u00ab Hommage \u00e0 Andr\u00e9 Mathieu \u00bb<\/strong><br \/>offert par Hydro-Qu\u00e9bec<br \/>2 500 $\u00a0<\/p>\n<\/div>\n<\/div>\n<div class=\"clearfix\"><!--CLEARFIX --><\/div>\n<\/div>\n<div class=\"columns cols14-34\">\n<div class=\"columns-col c0\">\n<div class=\"columns-wrap\"><img loading=\"lazy\" decoding=\"async\" class=\"alignnone size-full wp-image-1775\" src=\"\/wp-content\/uploads\/2015\/03\/David-Fray.jpg\" alt=\"David-Fray\" width=\"260\" height=\"190\" \/><\/div>\n<\/div>\n<div class=\"columns-col c1\">\n<div class=\"columns-wrap\">\n<p><strong class=\"h2\">DAVID FRAY<\/strong><br \/>France<\/p>\n<p><strong>Deuxi\u00e8me grand prix<br \/><\/strong>offert par Alcoa<br \/>15 000 $<\/p>\n<p><strong>Prix d&rsquo;interpr\u00e9tation de l&rsquo;\u0153uvre canadienne in\u00e9dite <br \/><\/strong>offert par Loto-Qu\u00e9bec <br \/>5 000 $<\/p>\n<\/div>\n<\/div>\n<div class=\"clearfix\"><!--CLEARFIX --><\/div>\n<\/div>\n<div class=\"columns cols14-34\">\n<div class=\"columns-col c0\">\n<div class=\"columns-wrap\"><img loading=\"lazy\" decoding=\"async\" class=\"alignnone size-full wp-image-1776\" src=\"\/wp-content\/uploads\/2015\/03\/Daria-Rabotkina.jpg\" alt=\"Daria-Rabotkina\" width=\"260\" height=\"190\" \/><\/div>\n<\/div>\n<div class=\"columns-col c1\">\n<div class=\"columns-wrap\">\n<p><strong class=\"h2\">DARIA RABOTKINA<\/strong><br \/>Russie<\/p>\n<p><strong>Troisi\u00e8me grand prix<br \/><\/strong>offert par la Banque Nationale<br \/>7 500 $<\/p>\n<\/div>\n<\/div>\n<div class=\"clearfix\"><!--CLEARFIX --><\/div>\n<\/div>\n<div class=\"columns cols14-34\">\n<div class=\"columns-col c0\">\n<div class=\"columns-wrap\"><img loading=\"lazy\" decoding=\"async\" class=\"alignnone size-full wp-image-1777\" src=\"\/wp-content\/uploads\/2015\/03\/Spencer-Myer.jpg\" alt=\"Spencer-Myer\" width=\"260\" height=\"190\" \/><\/div>\n<\/div>\n<div class=\"columns-col c1\">\n<div class=\"columns-wrap\">\n<p><strong class=\"h2\">SPENCER MYER<\/strong><br \/>\u00c9tats-Unis<\/p>\n<p><strong>Quatri\u00e8me prix<br \/><\/strong>offert par Gaz M\u00e9tropolitain<br \/>5 000 $<\/p>\n<\/div>\n<\/div>\n<div class=\"clearfix\"><!--CLEARFIX --><\/div>\n<\/div>\n<div class=\"columns cols14-34\">\n<div class=\"columns-col c0\">\n<div class=\"columns-wrap\"><img loading=\"lazy\" decoding=\"async\" class=\"alignnone size-full wp-image-1778\" src=\"\/wp-content\/uploads\/2015\/03\/Natalia-Zagalskaia.jpg\" alt=\"Natalia-Zagalskaia\" width=\"260\" height=\"190\" \/><\/div>\n<\/div>\n<div class=\"columns-col c1\">\n<div class=\"columns-wrap\">\n<p><strong class=\"h2\">NATALIA ZAGALSKAIA<\/strong><br \/>Russie<\/p>\n<p><strong>Cinqui\u00e8me prix<\/strong> <br \/>offert par CGI<br \/>4 000 $<\/p>\n<\/div>\n<\/div>\n<div class=\"clearfix\"><!--CLEARFIX --><\/div>\n<\/div>\n<div class=\"columns cols14-34\">\n<div class=\"columns-col c0\">\n<div class=\"columns-wrap\"><img loading=\"lazy\" decoding=\"async\" class=\"alignnone size-full wp-image-1779\" src=\"\/wp-content\/uploads\/2015\/03\/Darrett-Zusko.jpg\" alt=\"Darrett-Zusko\" width=\"260\" height=\"190\" \/><\/div>\n<\/div>\n<div class=\"columns-col c1\">\n<div class=\"columns-wrap\">\n<p><strong class=\"h2\">DARRETT ZUSKO<\/strong><br \/>Canada<\/p>\n<p><strong>Sixi\u00e8me prix<\/strong> <br \/>offert par la SAQ<br \/>3 000 $<\/p>\n<p><strong>Prix \u00c9toiles Galaxie de Radio-Canada remis au meilleur Canadien<\/strong><br \/>5 000 $<\/p>\n<\/div>\n<\/div>\n<div class=\"clearfix\"><!--CLEARFIX --><\/div>\n<\/div>\n<div class=\"columns cols14-34\">\u00a0<\/div>\n<div class=\"columns cols14-34\">\n<div class=\"clearfix\"><!--CLEARFIX --><\/div>\n<\/div>\n<div class=\"columns cols14-34\">\n<div class=\"columns-col c0\">\n<div class=\"columns-wrap\"><img loading=\"lazy\" decoding=\"async\" class=\"alignnone size-full wp-image-1780\" src=\"\/wp-content\/uploads\/2015\/03\/Matthieu-Fortin.jpg\" alt=\"Matthieu-Fortin\" width=\"260\" height=\"190\" \/><\/div>\n<\/div>\n<div class=\"columns-col c1\"><strong class=\"h2\">MATTHIEU FORTIN<\/strong><\/p>\n<p>Canada<\/p>\n<p><strong>Prix Joseph-Rouleau remis au meilleur Qu\u00e9b\u00e9cois<br \/><\/strong>offert par le gouvernement du Qu\u00e9bec<br \/>5 000 $<\/p>\n<\/div>\n<div class=\"clearfix\"><!--CLEARFIX --><\/div>\n<\/div>\n<hr \/>\n<div style=\"text-align: left;\">\n<h2 class=\"h1\">Jury<\/h2>\n<p class=\"h2\">Angela Cheng (Canada)<br \/>Michel Dalberto (France) <br \/>Akiko Ebi (Japon)<br \/>Yoheved Kaplinsky (Isra\u00ebl) <br \/>Mikha\u00efl Kollontay (Russie)<br \/>Andr\u00e9 Laplante (Canada)<br \/>Kum-Sing Lee (Chine) <br \/>Benedetto Lupo (Italie)\u00a0<br \/>Arie Van Lysebeth (Belgique)<\/p>\n<h2 class=\"h1\">\u0152uvre canadienne impos\u00e9e<\/h2>\n<p><em>Impromptu pour piano, opus 70<\/em> | Jacques H\u00e9tu<\/p>\n<h2 class=\"h1\">Orchestre<\/h2>\n<p>Orchestre symphonique de Montr\u00e9al<\/p>\n<h2 class=\"h1\">Chef<\/h2>\n<p>Jacques Lacombe<\/p>\n<\/div>\n","protected":false},"excerpt":{"rendered":"<p>Piano 2004 \u00a0 Laur\u00e9ats SERHIY SALOVUkraine Premier grand prix : Prix Standard Life\u00a025 000 $ Prix du public &#8211; \u00ab Hommage \u00e0 Andr\u00e9 Mathieu \u00bboffert par Hydro-Qu\u00e9bec2 500 $\u00a0 DAVID FRAYFrance Deuxi\u00e8me grand prixoffert par Alcoa15 000 $ Prix d&rsquo;interpr\u00e9tation de l&rsquo;\u0153uvre canadienne in\u00e9dite offert par Loto-Qu\u00e9bec 5 000 $ DARIA RABOTKINARussie Troisi\u00e8me grand prixoffert [&hellip;]<\/p>\n","protected":false},"author":1,"featured_media":0,"parent":92,"menu_order":21,"comment_status":"closed","ping_status":"closed","template":"tpl-competition.php","meta":{"_acf_changed":false,"footnotes":""},"class_list":["post-265","page","type-page","status-publish","hentry"],"acf":[],"featured_media_src_url":null,"_links":{"self":[{"href":"https:\/\/www.concoursmontreal.ca\/fr\/wp-json\/wp\/v2\/pages\/265","targetHints":{"allow":["GET"]}}],"collection":[{"href":"https:\/\/www.concoursmontreal.ca\/fr\/wp-json\/wp\/v2\/pages"}],"about":[{"href":"https:\/\/www.concoursmontreal.ca\/fr\/wp-json\/wp\/v2\/types\/page"}],"author":[{"embeddable":true,"href":"https:\/\/www.concoursmontreal.ca\/fr\/wp-json\/wp\/v2\/users\/1"}],"replies":[{"embeddable":true,"href":"https:\/\/www.concoursmontreal.ca\/fr\/wp-json\/wp\/v2\/comments?post=265"}],"version-history":[{"count":3,"href":"https:\/\/www.concoursmontreal.ca\/fr\/wp-json\/wp\/v2\/pages\/265\/revisions"}],"predecessor-version":[{"id":15138,"href":"https:\/\/www.concoursmontreal.ca\/fr\/wp-json\/wp\/v2\/pages\/265\/revisions\/15138"}],"up":[{"embeddable":true,"href":"https:\/\/www.concoursmontreal.ca\/fr\/wp-json\/wp\/v2\/pages\/92"}],"wp:attachment":[{"href":"https:\/\/www.concoursmontreal.ca\/fr\/wp-json\/wp\/v2\/media?parent=265"}],"curies":[{"name":"wp","href":"https:\/\/api.w.org\/{rel}","templated":true}]}}