{"id":26987,"date":"2022-11-24T11:51:32","date_gmt":"2022-11-24T16:51:32","guid":{"rendered":"https:\/\/concoursmontreal.ca\/?page_id=26987"},"modified":"2026-01-09T09:51:03","modified_gmt":"2026-01-09T14:51:03","slug":"faire-un-don","status":"publish","type":"page","link":"https:\/\/www.concoursmontreal.ca\/fr\/appuyez\/faire-un-don\/","title":{"rendered":"Faire un don"},"content":{"rendered":"<h2 style=\"text-align: left;\">SOUTENEZ LE CONCOURS<\/h2>\n<p style=\"text-align: right;\"><a href=\"\/wp-content\/uploads\/2024\/11\/Titre_don.jpg\"><img loading=\"lazy\" decoding=\"async\" class=\"size-full wp-image-36267 alignnone\" src=\"\/wp-content\/uploads\/2024\/11\/Titre_don.jpg\" alt=\"\" width=\"1200\" height=\"350\" srcset=\"\/wp-content\/uploads\/2024\/11\/Titre_don.jpg 1200w, \/wp-content\/uploads\/2024\/11\/Titre_don-768x224.jpg 768w\" sizes=\"auto, (max-width: 1200px) 100vw, 1200px\" \/><\/a><\/p>\n<p style=\"text-align: right;\">La soprano Simone McIntosh, Laur\u00e9ate Voix 2022<\/p>\n<p>&nbsp;<\/p>\n<p style=\"text-align: left;\"><span style=\"font-size: 14px;\">Le Concours musical international de Montr\u00e9al incarne avec \u00e9clat la <strong>richesse culturelle, la diversit\u00e9, et l\u2019ouverture sur le monde<\/strong> qui caract\u00e9risent Montr\u00e9al. Chaque ann\u00e9e, des artistes de talents exceptionnels viennent des quatre coins du globe pour y participer. En collaboration avec de nombreux partenaires, <strong>le Concours favorise la rencontre entre les jeunes artistes du monde et les Montr\u00e9alais<\/strong> tout en permettant au public de vivre la fr\u00e9n\u00e9sie de la comp\u00e9tition.<\/span><\/p>\n<p><span style=\"font-size: 14px;\">En donnant au Concours musical international de Montr\u00e9al, vous contribuez \u00e0 la cr\u00e9ation d\u2019un grand rendez-vous musical prestigieux \u00e0 Montr\u00e9al.<\/span><\/p>\n<a class=\"maxbutton-168 maxbutton maxbutton-je-soutiens-le-concours\" target=\"_blank\" rel=\"noopener\" href=\"https:\/\/www.jedonneenligne.org\/cmim\/?lng=0\"><span class='mb-text'>JE SOUTIENS LE CONCOURS<\/span><\/a>\n<p>&nbsp;<\/p>\n<p>&nbsp;<\/p>\n<p style=\"text-align: left;\"><span style=\"font-size: 22px;\"><span style=\"color: #ff0000;\">L&rsquo;impact de vos dons<br \/><\/span><\/span>Accueil et h\u00e9bergement de nos concurrents, et des membres du jury, partenariats avec les meilleurs ensembles musicaux et organismes de concert \u00e0 Montr\u00e9al, vos dons permettent au Concours d&rsquo;offrir la meilleure exp\u00e9rience \u00e0 ses concurrents pour qu&rsquo;ils puissent se concentrer sur une seule chose : donner le meilleur d&rsquo;eux-m\u00eames et nous \u00e9blouir.<\/p>\n<hr \/>\n<h2 style=\"text-align: center;\"><span style=\"font-size: 18px;\">Comment <span style=\"color: #fc4237;\"><strong>donner <\/strong><\/span>au CONCOURS ?<\/span><\/h2>\n<p style=\"text-align: center;\"><span style=\"color: #fc4237; font-size: 14px;\"><b>EN LIGNE<\/b><\/span><br \/><span style=\"font-size: 14px;\">Utilisez le formulaire s\u00e9curis\u00e9 en <strong><a href=\"https:\/\/www.jedonneenligne.org\/cmim\/DON2526\/\">cliquant ici<\/a><\/strong><\/span><\/p>\n<p style=\"text-align: center;\"><span style=\"color: #fc4237; font-size: 14px;\"><b>PAR T\u00c9L\u00c9PHONE<\/b><\/span><br \/><span style=\"font-size: 14px;\">514-845-4108\u202c poste 232<\/span><\/p>\n<p style=\"text-align: center;\"><span style=\"color: #fc4237; font-size: 14px;\"><b>PAR LA POSTE<\/b><\/span><br \/><span style=\"font-size: 14px;\">Envoyez votre ch\u00e8que \u00e0 l\u2019ordre de<\/span><br \/><span style=\"font-size: 14px;\">Concours musical international de Montr\u00e9al<\/span><br \/><span style=\"font-size: 14px;\"><strong>Adresse<\/strong> : 305, avenue Mont-Royal Est, Montr\u00e9al (Qu\u00e9bec) H2T 1P8<\/span><\/p>\n<p style=\"text-align: center;\"><span style=\"color: #fc4237; font-size: 14px;\"><b>DONS DE PARRAINAGE, DONS MAJEURS, DONS EN ACTIONS ET PARTENARIATS<\/b><\/span><br \/><span style=\"font-size: 14px;\">Pour faire un don ou pour toutes questions, veuillez contacter<\/span><br \/><span style=\"font-size: 14px;\"><a href=\"#Zm9uZGF0aW9uQGNvbmNvdXJzbW9udHJlYWwuY2E=\" class=\"mailto\" rel=\"email\">fondation@concoursmontreal.ca<\/a><\/span><\/p>\n<a class=\"maxbutton-189 maxbutton maxbutton-politique-d-acceptation-et-de-gestion-de-don\" target=\"_blank\" rel=\"noopener\" href=\"\/wp-content\/uploads\/2025\/12\/Concours_Politique_acceptation_dons-FINALE-2025-2.pdf\" download=\"\"><span class='mb-text'>POLITIQUE DE DON<\/span><\/a>\n<hr \/>\n<h2 style=\"text-align: left;\"><span style=\"font-size: 18px;\">Pourquoi <span style=\"color: #fc4237;\"><strong>donn<\/strong><\/span><\/span><span style=\"font-size: 18px;\"><span style=\"color: #fc4237;\"><strong>er <\/strong><\/span>au CONCOURS ?<\/span><\/h2>\n<p style=\"text-align: left;\"><span style=\"font-size: 14px;\">Vos dons soutiennent les activit\u00e9s du Concours musical international de Montr\u00e9al dont le d\u00e9veloppement des carri\u00e8res de nos laur\u00e9ats et laur\u00e9ates.<\/span><\/p>\n<p style=\"text-align: left;\"><span style=\"font-size: 14px;\">D\u00e9couvrez ci-dessous les t\u00e9moignages des artistes du Concours qui vous expliquent l&rsquo;importance de votre appui.<\/span><\/p>\n<h2>\u00a0<\/h2>\n<table>\n<tbody>\n<tr>\n<td><a href=\"\/wp-content\/uploads\/2024\/11\/Su_Yeon_Kim-1.png\"><img loading=\"lazy\" decoding=\"async\" class=\"wp-image-36345 alignleft\" src=\"\/wp-content\/uploads\/2024\/11\/Su_Yeon_Kim-1.png\" alt=\"\" width=\"300\" height=\"300\" srcset=\"\/wp-content\/uploads\/2024\/11\/Su_Yeon_Kim-1.png 600w, \/wp-content\/uploads\/2024\/11\/Su_Yeon_Kim-1-80x80.png 80w\" sizes=\"auto, (max-width: 300px) 100vw, 300px\" \/><\/a><\/td>\n<td style=\"text-align: left;\">\n<h2>\u00a0<\/h2>\n<\/td>\n<td style=\"text-align: left;\">\n<h2>Carri\u00e8re<\/h2>\n<p><i><em>\u00ab <\/em>Le Concours musical international de Montr\u00e9al a jou\u00e9 un r\u00f4le important et il a eu une tr\u00e8s grande influence pour ma carri\u00e8re&#8230; Le Concours m&rsquo;a apport\u00e9 un soutien en continu. En tant que musicienne, il est toujours si important et si pr\u00e9cieux d\u2019\u00eatre soutenu.<\/p>\n<p>Gagner le Concours, a compl\u00e8tement chang\u00e9 ma vie, toute ma vie ! Depuis ma victoire, je joue beaucoup plus souvent en concert. Le CMIM permet de r\u00eaver toujours plus, et d\u2019offrir toute notre musique au monde entier. <em> \u00bb<\/p>\n<p><\/em><\/i><strong>Su Yeon Kim<\/strong>, 1<sup>er<\/sup> prix, Piano 2021<i><em><br \/><\/em><\/i><\/p>\n<\/td>\n<\/tr>\n<tr>\n<td><a href=\"\/wp-content\/uploads\/2024\/11\/Meredith_Wohlgemuth-1.png\"><img loading=\"lazy\" decoding=\"async\" class=\"alignleft wp-image-36358\" src=\"\/wp-content\/uploads\/2024\/11\/Meredith_Wohlgemuth-1.png\" alt=\"\" width=\"300\" height=\"300\" srcset=\"\/wp-content\/uploads\/2024\/11\/Meredith_Wohlgemuth-1.png 500w, \/wp-content\/uploads\/2024\/11\/Meredith_Wohlgemuth-1-80x80.png 80w\" sizes=\"auto, (max-width: 300px) 100vw, 300px\" \/><\/a><\/td>\n<td style=\"text-align: left;\">\n<h2>\u00a0<\/h2>\n<\/td>\n<td style=\"text-align: left;\">\n<h2>Cr\u00e9dibilit\u00e9<\/h2>\n<p>\u00ab <em>Ma victoire \u00e0 Montr\u00e9al a \u00e9t\u00e9 un \u00e9l\u00e9ment important \u00e0 ajouter \u00e0 mon CV\u2026 Cette victoire m\u2019a donn\u00e9 la cr\u00e9dibilit\u00e9 dont j\u2019avais besoin apr\u00e8s avoir obtenu mon dipl\u00f4me de Juilliard. <\/em><\/p>\n<p><em>Je veux que vous compreniez \u00e0 quel point Montr\u00e9al a tout chang\u00e9 pour moi. Ce fut un tournant total dans ma carri\u00e8re et dans ma vie ! <\/em>\u00bb<\/p>\n<p><b>Meredith Wohlgemuth<\/b>, 1<sup>er<\/sup> prix, Voix 2022 &#8211; M\u00e9lodie<\/p>\n<\/td>\n<\/tr>\n<tr>\n<td style=\"text-align: left;\"><img loading=\"lazy\" decoding=\"async\" class=\"alignleft wp-image-12447\" src=\"\/wp-content\/uploads\/2020\/05\/Tuiles-page-de-don-1.png\" alt=\"\" width=\"300\" height=\"300\" \/><\/td>\n<td style=\"text-align: left;\">\n<h2 style=\"text-align: left;\">\u00a0<\/h2>\n<\/td>\n<td>\n<h2 style=\"text-align: left;\">Changement<\/h2>\n<p style=\"text-align: left;\"><em>\u00ab J&rsquo;ai re\u00e7u des invitations \u00e0 me produire en concert \u00e0 travers le monde entier, l&rsquo;opportunit\u00e9 d&rsquo;enregistrer mon premier CD et de rencontrer au sein du Jury une personne qui a chang\u00e9 ma vie comme pianiste. Le Concours musical international de Montr\u00e9al a litt\u00e9ralement r\u00e9alis\u00e9 mon r\u00eave de devenir pianiste. \u00bb<\/em><\/p>\n<p style=\"text-align: left;\"><strong>Beatrice Rana<\/strong>, 1<sup>er<\/sup> prix, Piano 2011<em><\/p>\n<p><\/em><\/p>\n<\/td>\n<\/tr>\n<\/tbody>\n<\/table>\n<hr \/>\n<p><span style=\"font-size: 18px; color: #ff0000;\"><strong>Le t\u00e9moignage de Su Yeon Kim &#8211; Concours 2021 &#8211; Piano<\/strong><\/span><\/p>\n<div style=\"padding: 56.25% 0 0 0; position: relative;\"><iframe style=\"position: absolute; top: 0; left: 0; width: 100%; height: 100%;\" title=\"Su Yeon Kim, laur\u00e9ate de Piano 2021, t\u00e9moigne de l'importance du CMIM\" src=\"https:\/\/player.vimeo.com\/video\/774324036?h=ab8e7266d2&amp;badge=0&amp;autopause=0&amp;player_id=0&amp;app_id=58479\" frameborder=\"0\" data-mce-fragment=\"1\"><\/iframe><\/div>\n<p><script src=\"https:\/\/player.vimeo.com\/api\/player.js\"><\/script><\/p>\n<p><span style=\"font-size: 16px;\"><span style=\"font-size: 14px;\">La pianiste <strong>Su Yeon Kim<\/strong> a pu profiter de nombreuses actions suite \u00e0 sa victoire \u00e0 l&rsquo;\u00e9dition Piano 2021 du Concours musical international de Montr\u00e9al : invitation \u00e0 des concerts, r\u00e9sidence d&rsquo;artiste, enregistrement d\u2019album, conseils professionnels pour le d\u00e9veloppement de sa carri\u00e8re, etc.<\/span><\/span><span style=\"font-size: 14px;\">\u00a0<\/span><\/p>\n<hr \/>\n<p style=\"text-align: center;\">Le <strong>Concours musical international de Montr\u00e9al<\/strong> <br \/>est un organisme de bienfaisance enregistr\u00e9 aupr\u00e8s de l&rsquo;Agence du revenu du Canada (ARC) : 144249182 RR 0001.<\/p>\n<p>La <strong>Fondation Concours musical international de Montr\u00e9al<\/strong> <br \/>est un organisme de bienfaisance enregistr\u00e9 aupr\u00e8s de l\u2019Agence du revenu du Canada (ARC) : 847794989 RR 0001.<\/p>\n","protected":false},"excerpt":{"rendered":"<p>SOUTENEZ LE CONCOURS La soprano Simone McIntosh, Laur\u00e9ate Voix 2022 &nbsp; Le Concours musical international de Montr\u00e9al incarne avec \u00e9clat la richesse culturelle, la diversit\u00e9, et l\u2019ouverture sur le monde qui caract\u00e9risent Montr\u00e9al. Chaque ann\u00e9e, des artistes de talents exceptionnels viennent des quatre coins du globe pour y participer. En collaboration avec de nombreux partenaires, [&hellip;]<\/p>\n","protected":false},"author":1,"featured_media":0,"parent":14,"menu_order":1,"comment_status":"closed","ping_status":"closed","template":"","meta":{"_acf_changed":false,"footnotes":""},"class_list":["post-26987","page","type-page","status-publish","hentry"],"acf":[],"featured_media_src_url":null,"_links":{"self":[{"href":"https:\/\/www.concoursmontreal.ca\/fr\/wp-json\/wp\/v2\/pages\/26987","targetHints":{"allow":["GET"]}}],"collection":[{"href":"https:\/\/www.concoursmontreal.ca\/fr\/wp-json\/wp\/v2\/pages"}],"about":[{"href":"https:\/\/www.concoursmontreal.ca\/fr\/wp-json\/wp\/v2\/types\/page"}],"author":[{"embeddable":true,"href":"https:\/\/www.concoursmontreal.ca\/fr\/wp-json\/wp\/v2\/users\/1"}],"replies":[{"embeddable":true,"href":"https:\/\/www.concoursmontreal.ca\/fr\/wp-json\/wp\/v2\/comments?post=26987"}],"version-history":[{"count":6,"href":"https:\/\/www.concoursmontreal.ca\/fr\/wp-json\/wp\/v2\/pages\/26987\/revisions"}],"predecessor-version":[{"id":42044,"href":"https:\/\/www.concoursmontreal.ca\/fr\/wp-json\/wp\/v2\/pages\/26987\/revisions\/42044"}],"up":[{"embeddable":true,"href":"https:\/\/www.concoursmontreal.ca\/fr\/wp-json\/wp\/v2\/pages\/14"}],"wp:attachment":[{"href":"https:\/\/www.concoursmontreal.ca\/fr\/wp-json\/wp\/v2\/media?parent=26987"}],"curies":[{"name":"wp","href":"https:\/\/api.w.org\/{rel}","templated":true}]}}