{"id":27096,"date":"2022-11-25T09:13:29","date_gmt":"2022-11-25T14:13:29","guid":{"rendered":"https:\/\/www.concoursmontreal.ca\/?page_id=27096"},"modified":"2024-08-13T17:23:40","modified_gmt":"2024-08-13T21:23:40","slug":"piano-2021-cours-de-maitre","status":"publish","type":"page","link":"https:\/\/www.concoursmontreal.ca\/fr\/ecoutez\/piano-2021-cours-de-maitre\/","title":{"rendered":"Piano 2021 &#8211; Cours de ma\u00eetre"},"content":{"rendered":"<h2 style=\"text-align: left;\">Piano 2021 &#8211; Cours de ma\u00eetre<\/h2>\n<p style=\"text-align: left;\"><img loading=\"lazy\" decoding=\"async\" class=\"alignleft size-full wp-image-19740\" src=\"\/wp-content\/uploads\/2021\/05\/Titre_classes2020_fr.jpg\" alt=\"\" width=\"1200\" height=\"350\" srcset=\"\/wp-content\/uploads\/2021\/05\/Titre_classes2020_fr.jpg 1200w, \/wp-content\/uploads\/2021\/05\/Titre_classes2020_fr-768x224.jpg 768w\" sizes=\"auto, (max-width: 1200px) 100vw, 1200px\" \/>Les pianistes <a href=\"https:\/\/www.concoursmontreal.ca\/fr\/jury\/mari-kodama\/\" target=\"_blank\" rel=\"noopener\"><strong>Mari Kodama<\/strong><\/a> et <strong><a href=\"https:\/\/www.concoursmontreal.ca\/fr\/jury\/charles-richard-hamelin\/\" target=\"_blank\" rel=\"noopener\">Charles Richard-Hamelin<\/a><\/strong> partagent leur passion avec 6 jeunes pianistes qu\u00e9b\u00e9cois en travaillant avec eux des \u0153uvres de Chopin et de Beethoven.<\/p>\n<p style=\"text-align: left;\">Charles Richard-Hamelin et Mari Kodama sont membres du jury Piano 2021 du Concours musical international de Montr\u00e9al<\/p>\n<p style=\"text-align: left;\">Avec les classes de ma\u00eetre Piano 2021, vous aurez un acc\u00e8s privil\u00e9gi\u00e9 \u00e0 une le\u00e7on de piano en compagnie de ma\u00eetres reconnus pour leur expertise de ces compositeurs.<\/p>\n<p>&nbsp;<\/p>\n<div class=\"epyt-gallery\" data-currpage=\"1\" id=\"epyt_gallery_81146\"><iframe loading=\"lazy\"  id=\"_ytid_19379\"  width=\"490\" height=\"276\"  data-origwidth=\"490\" data-origheight=\"276\" src=\"https:\/\/www.youtube.com\/embed\/QtgLZ47wLd0?enablejsapi=1&autoplay=0&cc_load_policy=0&cc_lang_pref=&iv_load_policy=1&loop=0&rel=1&fs=1&playsinline=0&autohide=2&theme=dark&color=red&controls=1&disablekb=0&\" class=\"__youtube_prefs__  no-lazyload\" title=\"YouTube player\"  data-epytgalleryid=\"epyt_gallery_81146\"  allow=\"fullscreen; accelerometer; autoplay; clipboard-write; encrypted-media; gyroscope; picture-in-picture; web-share\" referrerpolicy=\"strict-origin-when-cross-origin\" allowfullscreen data-no-lazy=\"1\" data-skipgform_ajax_framebjll=\"\"><\/iframe><div class=\"epyt-gallery-list\"><div class=\"epyt-pagination \"><div tabindex=\"0\" role=\"button\" class=\"epyt-pagebutton epyt-prev  hide \" data-playlistid=\"PL_P9by_tMFzFPp0GkYCLleCcnouha6sbg\" data-pagesize=\"15\" data-pagetoken=\"\" data-epcolumns=\"3\" data-showtitle=\"1\" data-showpaging=\"1\" data-autonext=\"0\" data-thumbplay=\"1\"><div class=\"epyt-arrow\">&laquo;<\/div> <div>Prev<\/div><\/div><div class=\"epyt-pagenumbers hide\"><div class=\"epyt-current\">1<\/div><div class=\"epyt-pageseparator\"> \/ <\/div><div class=\"epyt-totalpages\">1<\/div><\/div><div tabindex=\"0\" role=\"button\" class=\"epyt-pagebutton epyt-next hide \" data-playlistid=\"PL_P9by_tMFzFPp0GkYCLleCcnouha6sbg\" data-pagesize=\"15\" data-pagetoken=\"\" data-epcolumns=\"3\" data-showtitle=\"1\" data-showpaging=\"1\" data-autonext=\"0\" data-thumbplay=\"1\"><div>Next<\/div> <div class=\"epyt-arrow\">&raquo;<\/div><\/div><div class=\"epyt-loader\"><img loading=\"lazy\" decoding=\"async\" alt=\"loading\" width=\"16\" height=\"11\" src=\"https:\/\/www.concoursmontreal.ca\/wp-content\/plugins\/youtube-embed-plus\/images\/gallery-page-loader.gif\"><\/div><\/div><div class=\"epyt-gallery-allthumbs  epyt-cols-3 \"><div tabindex=\"0\" role=\"button\" data-videoid=\"QtgLZ47wLd0\" class=\"epyt-gallery-thumb\"><div class=\"epyt-gallery-img-box\"><div class=\"epyt-gallery-img\" style=\"background-image: url(https:\/\/i.ytimg.com\/vi\/QtgLZ47wLd0\/hqdefault.jpg)\"><div class=\"epyt-gallery-playhover\"><img loading=\"lazy\" decoding=\"async\" alt=\"play\" class=\"epyt-play-img\" width=\"30\" height=\"23\" src=\"https:\/\/www.concoursmontreal.ca\/wp-content\/plugins\/youtube-embed-plus\/images\/playhover.png\" data-no-lazy=\"1\" data-skipgform_ajax_framebjll=\"\" \/><div class=\"epyt-gallery-playcrutch\"><\/div><\/div><\/div><\/div><div class=\"epyt-gallery-title\">Cours de ma\u00eetre\/Masterclass | Charles Richard-Hamelin  | CHOPIN - 1<\/div><\/div><div tabindex=\"0\" role=\"button\" data-videoid=\"p67kXW596WE\" class=\"epyt-gallery-thumb\"><div class=\"epyt-gallery-img-box\"><div class=\"epyt-gallery-img\" style=\"background-image: url(https:\/\/i.ytimg.com\/vi\/p67kXW596WE\/hqdefault.jpg)\"><div class=\"epyt-gallery-playhover\"><img loading=\"lazy\" decoding=\"async\" alt=\"play\" class=\"epyt-play-img\" width=\"30\" height=\"23\" src=\"https:\/\/www.concoursmontreal.ca\/wp-content\/plugins\/youtube-embed-plus\/images\/playhover.png\" data-no-lazy=\"1\" data-skipgform_ajax_framebjll=\"\" \/><div class=\"epyt-gallery-playcrutch\"><\/div><\/div><\/div><\/div><div class=\"epyt-gallery-title\">Coursde ma\u00eetre\/Masterclass | Mari Kodama | BEETHOVEN - 1<\/div><\/div><div tabindex=\"0\" role=\"button\" data-videoid=\"4hOL3canPGs\" class=\"epyt-gallery-thumb\"><div class=\"epyt-gallery-img-box\"><div class=\"epyt-gallery-img\" style=\"background-image: url(https:\/\/i.ytimg.com\/vi\/4hOL3canPGs\/hqdefault.jpg)\"><div class=\"epyt-gallery-playhover\"><img loading=\"lazy\" decoding=\"async\" alt=\"play\" class=\"epyt-play-img\" width=\"30\" height=\"23\" src=\"https:\/\/www.concoursmontreal.ca\/wp-content\/plugins\/youtube-embed-plus\/images\/playhover.png\" data-no-lazy=\"1\" data-skipgform_ajax_framebjll=\"\" \/><div class=\"epyt-gallery-playcrutch\"><\/div><\/div><\/div><\/div><div class=\"epyt-gallery-title\">Cours de ma\u00eetre\/Masterclass | Charles Richard-Hamelin | CHOPIN - 2<\/div><\/div><div class=\"epyt-gallery-rowbreak\"><\/div><div tabindex=\"0\" role=\"button\" data-videoid=\"0pFt5CSZlkg\" class=\"epyt-gallery-thumb\"><div class=\"epyt-gallery-img-box\"><div class=\"epyt-gallery-img\" style=\"background-image: url(https:\/\/i.ytimg.com\/vi\/0pFt5CSZlkg\/hqdefault.jpg)\"><div class=\"epyt-gallery-playhover\"><img loading=\"lazy\" decoding=\"async\" alt=\"play\" class=\"epyt-play-img\" width=\"30\" height=\"23\" src=\"https:\/\/www.concoursmontreal.ca\/wp-content\/plugins\/youtube-embed-plus\/images\/playhover.png\" data-no-lazy=\"1\" data-skipgform_ajax_framebjll=\"\" \/><div class=\"epyt-gallery-playcrutch\"><\/div><\/div><\/div><\/div><div class=\"epyt-gallery-title\">Cours de ma\u00eetre\/Masterclass | Mari Kodama | BEETHOVEN - 2<\/div><\/div><div tabindex=\"0\" role=\"button\" data-videoid=\"Ax6wTqblxaM\" class=\"epyt-gallery-thumb\"><div class=\"epyt-gallery-img-box\"><div class=\"epyt-gallery-img\" style=\"background-image: url(https:\/\/i.ytimg.com\/vi\/Ax6wTqblxaM\/hqdefault.jpg)\"><div class=\"epyt-gallery-playhover\"><img loading=\"lazy\" decoding=\"async\" alt=\"play\" class=\"epyt-play-img\" width=\"30\" height=\"23\" src=\"https:\/\/www.concoursmontreal.ca\/wp-content\/plugins\/youtube-embed-plus\/images\/playhover.png\" data-no-lazy=\"1\" data-skipgform_ajax_framebjll=\"\" \/><div class=\"epyt-gallery-playcrutch\"><\/div><\/div><\/div><\/div><div class=\"epyt-gallery-title\">Cours de ma\u00eetre\/Masterclass | Charles Richard-Hamelin | CHOPIN - 3<\/div><\/div><div tabindex=\"0\" role=\"button\" data-videoid=\"j3NCcf1jsyw\" class=\"epyt-gallery-thumb\"><div class=\"epyt-gallery-img-box\"><div class=\"epyt-gallery-img\" style=\"background-image: url(https:\/\/i.ytimg.com\/vi\/j3NCcf1jsyw\/hqdefault.jpg)\"><div class=\"epyt-gallery-playhover\"><img loading=\"lazy\" decoding=\"async\" alt=\"play\" class=\"epyt-play-img\" width=\"30\" height=\"23\" src=\"https:\/\/www.concoursmontreal.ca\/wp-content\/plugins\/youtube-embed-plus\/images\/playhover.png\" data-no-lazy=\"1\" data-skipgform_ajax_framebjll=\"\" \/><div class=\"epyt-gallery-playcrutch\"><\/div><\/div><\/div><\/div><div class=\"epyt-gallery-title\">Cours de ma\u00eetre\/Masterclass | Mari Kodama | BEETHOVEN - 3<\/div><\/div><div class=\"epyt-gallery-rowbreak\"><\/div><div class=\"epyt-gallery-clear\"><\/div><\/div><div class=\"epyt-pagination \"><div tabindex=\"0\" role=\"button\" class=\"epyt-pagebutton epyt-prev  hide \" data-playlistid=\"PL_P9by_tMFzFPp0GkYCLleCcnouha6sbg\" data-pagesize=\"15\" data-pagetoken=\"\" data-epcolumns=\"3\" data-showtitle=\"1\" data-showpaging=\"1\" data-autonext=\"0\" data-thumbplay=\"1\"><div class=\"epyt-arrow\">&laquo;<\/div> <div>Prev<\/div><\/div><div class=\"epyt-pagenumbers hide\"><div class=\"epyt-current\">1<\/div><div class=\"epyt-pageseparator\"> \/ <\/div><div class=\"epyt-totalpages\">1<\/div><\/div><div tabindex=\"0\" role=\"button\" class=\"epyt-pagebutton epyt-next hide \" data-playlistid=\"PL_P9by_tMFzFPp0GkYCLleCcnouha6sbg\" data-pagesize=\"15\" data-pagetoken=\"\" data-epcolumns=\"3\" data-showtitle=\"1\" data-showpaging=\"1\" data-autonext=\"0\" data-thumbplay=\"1\"><div>Next<\/div> <div class=\"epyt-arrow\">&raquo;<\/div><\/div><div class=\"epyt-loader\"><img loading=\"lazy\" decoding=\"async\" alt=\"loading\" width=\"16\" height=\"11\" src=\"https:\/\/www.concoursmontreal.ca\/wp-content\/plugins\/youtube-embed-plus\/images\/gallery-page-loader.gif\"><\/div><\/div><\/div><\/div>\n<p>&nbsp;<\/p>\n<h2 style=\"text-align: center;\"><span style=\"color: #fc4237;\"><strong>Beethoven <\/strong><\/span><\/h2>\n<h2 style=\"text-align: center;\"><strong>avec Mari Kodama<\/strong><\/h2>\n<p>&nbsp;<\/p>\n<p style=\"text-align: left;\">La pianiste japonaise <a href=\"https:\/\/www.concoursmontreal.ca\/fr\/jury\/mari-kodama\/\" target=\"_blank\" rel=\"noopener\"><strong>Mari Kodama<\/strong><\/a> est profond\u00e9ment attach\u00e9e \u00e0 la musique de Beethoven. Elle a enregistr\u00e9 l&rsquo;int\u00e9gralit\u00e9 de ses 32 sonates sur l\u2019\u00e9tiquette Pentatone. Dans cette s\u00e9rie de classes de ma\u00eetre, elle explore la musique du d\u00e9but, du milieu et de la fin de l&rsquo;\u0153uvre du grand compositeur allemand.<\/p>\n<p>&nbsp;<\/p>\n<p style=\"text-align: left;\"><strong>Sonate n<sup>o<\/sup>\u00a03\u00a0en do majeur, op.\u00a02 n\u1d52\u00a03\u00a0(1794-1795)<\/strong><\/p>\n<p style=\"text-align: left;\">1. Allegro con brio<\/p>\n<p style=\"text-align: left;\">Antoine Rivard-Landry, Universit\u00e9 de Montr\u00e9al<\/p>\n<p style=\"text-align: left;\">\u00a0<\/p>\n<p style=\"text-align: left;\"><strong>Sonate n<sup>o<\/sup>\u00a026 en mi b\u00e9mol majeur, op.\u00a081a\u00a0 (1809-0819)<\/strong><\/p>\n<p style=\"text-align: left;\">1. Das Lebewohl : Adagio \u2013 Allegro<\/p>\n<p style=\"text-align: left;\">Gabrielle Gagnon-Picard, Conservatoire de musique de Montr\u00e9al<\/p>\n<p style=\"text-align: left;\">\u00a0<\/p>\n<p style=\"text-align: left;\"><strong>Sonate n<sup>o<\/sup>\u00a031 en\u00a0la\u00a0b\u00e9mol majeur, op.\u00a0110 (1821-1822)\u00a0\u00a0<\/strong><\/p>\n<p style=\"text-align: left;\">1. Moderato cantabile molto espressivo<\/p>\n<p style=\"text-align: left;\">Tong Wang, Universit\u00e9 McGill &#8211; \u00c9cole de musique Schulich \u00a0\u00a0\u00a0<\/p>\n<p style=\"text-align: left;\">\u00a0<\/p>\n<p style=\"text-align: left;\">\u00a0<\/p>\n<h2 style=\"text-align: center;\"><span style=\"color: #fc4237;\"><strong>Chopin <\/strong><\/span><\/h2>\n<h2 style=\"text-align: center;\"><strong>avec Charles Richard-Hamelin<\/strong><\/h2>\n<p>&nbsp;<\/p>\n<p style=\"text-align: left;\">Le pianiste canadien <strong><a href=\"https:\/\/www.concoursmontreal.ca\/fr\/jury\/charles-richard-hamelin\/\" target=\"_blank\" rel=\"noopener\">Charles Richard-Hamelin<\/a><\/strong>, laur\u00e9at du CMIM 2014 et gagnant de la m\u00e9daille d&rsquo;argent au Concours Chopin \u00e0 Varsovie en 2015, a enregistr\u00e9 cinq albums consacr\u00e9s \u00e0 la musique de Fr\u00e9d\u00e9ric Chopin. Dans cette s\u00e9rie de classes de ma\u00eetre, il plonge dans l&rsquo;univers musical du plus grand compositeur polonais.<\/p>\n<p style=\"text-align: left;\">\u00a0<\/p>\n<p style=\"text-align: left;\"><strong>Mazurkas, op.\u202f33\u00a0<\/strong><\/p>\n<p style=\"text-align: left;\">Zhan\u00a0Hong\u00a0Xiao, Conservatoire de musique de Montr\u00e9al<\/p>\n<p style=\"text-align: left;\">\u00a0<\/p>\n<p style=\"text-align: left;\"><strong>Sonate n<sup>o<\/sup>\u00a02 en si b\u00e9mol mineur, op. 35\u00a0<\/strong><\/p>\n<p style=\"text-align: left;\">1. Grave &#8211; Doppio movimento<\/p>\n<p style=\"text-align: left;\">Samuel Blanchette-Gagnon, laur\u00e9at du Concours de musique du Canada CANIMEX (2014)<\/p>\n<p style=\"text-align: left;\">\u00a0<\/p>\n<p style=\"text-align: left;\"><strong>Sonate pour piano n<sup>o<\/sup>\u00a03 en si mineur op. 58\u00a0<\/strong><\/p>\n<p style=\"text-align: left;\">1. Allegro maestoso<\/p>\n<p style=\"text-align: left;\">Yuyang\u00a0Xie, laur\u00e9at du Concours de musique du Canada CANIMEX\u00a0(2019)<\/p>\n<p>&nbsp;<\/p>\n<p style=\"text-align: center;\"><span style=\"color: #fc4237;\">*\u00a0 *\u00a0 *<\/span><\/p>\n<p>&nbsp;<\/p>\n<p style=\"text-align: left;\">Les classes de ma\u00eetre ont \u00e9t\u00e9 enregistr\u00e9es \u00e0 la Salle Bourgie, \u00e0 Montr\u00e9al, le 12 mars 2021, en collaboration avec le <strong>Concours de Musique du Canada Canimex<\/strong>, le <strong>Conservatoire de musique de Montr\u00e9al<\/strong>, <strong>l\u2019Universit\u00e9 de Montr\u00e9al<\/strong> et <strong>l\u2019Universit\u00e9 McGill &#8211; \u00c9cole de musique Schulich<\/strong>.<\/p>\n<p>&nbsp;<\/p>\n<p style=\"text-align: center;\"><strong><em>Le CMIM remercie son partenaire des classes de ma\u00eetre, <\/em><\/strong><\/p>\n<p style=\"text-align: center;\"><strong><em>la <a href=\"https:\/\/www.jmcanada.ca\/fr\/fondation\/\" target=\"_blank\" rel=\"noopener\">Fondation Jeunesses Musicales Canada<\/a>.<\/em><\/strong><\/p>\n","protected":false},"excerpt":{"rendered":"<p>Piano 2021 &#8211; Cours de ma\u00eetre Les pianistes Mari Kodama et Charles Richard-Hamelin partagent leur passion avec 6 jeunes pianistes qu\u00e9b\u00e9cois en travaillant avec eux des \u0153uvres de Chopin et de Beethoven. Charles Richard-Hamelin et Mari Kodama sont membres du jury Piano 2021 du Concours musical international de Montr\u00e9al Avec les classes de ma\u00eetre Piano [&hellip;]<\/p>\n","protected":false},"author":1,"featured_media":0,"parent":21119,"menu_order":8,"comment_status":"closed","ping_status":"closed","template":"","meta":{"_acf_changed":false,"footnotes":""},"class_list":["post-27096","page","type-page","status-publish","hentry"],"acf":[],"featured_media_src_url":null,"_links":{"self":[{"href":"https:\/\/www.concoursmontreal.ca\/fr\/wp-json\/wp\/v2\/pages\/27096","targetHints":{"allow":["GET"]}}],"collection":[{"href":"https:\/\/www.concoursmontreal.ca\/fr\/wp-json\/wp\/v2\/pages"}],"about":[{"href":"https:\/\/www.concoursmontreal.ca\/fr\/wp-json\/wp\/v2\/types\/page"}],"author":[{"embeddable":true,"href":"https:\/\/www.concoursmontreal.ca\/fr\/wp-json\/wp\/v2\/users\/1"}],"replies":[{"embeddable":true,"href":"https:\/\/www.concoursmontreal.ca\/fr\/wp-json\/wp\/v2\/comments?post=27096"}],"version-history":[{"count":2,"href":"https:\/\/www.concoursmontreal.ca\/fr\/wp-json\/wp\/v2\/pages\/27096\/revisions"}],"predecessor-version":[{"id":27100,"href":"https:\/\/www.concoursmontreal.ca\/fr\/wp-json\/wp\/v2\/pages\/27096\/revisions\/27100"}],"up":[{"embeddable":true,"href":"https:\/\/www.concoursmontreal.ca\/fr\/wp-json\/wp\/v2\/pages\/21119"}],"wp:attachment":[{"href":"https:\/\/www.concoursmontreal.ca\/fr\/wp-json\/wp\/v2\/media?parent=27096"}],"curies":[{"name":"wp","href":"https:\/\/api.w.org\/{rel}","templated":true}]}}