{"id":28,"date":"2018-02-28T16:48:43","date_gmt":"2018-02-28T21:48:43","guid":{"rendered":"http:\/\/concoursmontreal.ca\/?page_id=28"},"modified":"2024-07-26T12:08:06","modified_gmt":"2024-07-26T16:08:06","slug":"chant-2018","status":"publish","type":"page","link":"https:\/\/www.concoursmontreal.ca\/fr\/archives\/editions-passees\/chant-2018\/","title":{"rendered":"Chant 2018"},"content":{"rendered":"<h2 style=\"text-align: left;\">Chant 2018<\/h2>\n<p style=\"text-align: left;\"><img loading=\"lazy\" decoding=\"async\" class=\"size-full wp-image-15032 alignnone\" src=\"\/wp-content\/uploads\/2020\/10\/Titre_Voix-2018_fr.jpg\" alt=\"\" width=\"1200\" height=\"350\" srcset=\"\/wp-content\/uploads\/2020\/10\/Titre_Voix-2018_fr.jpg 1200w, \/wp-content\/uploads\/2020\/10\/Titre_Voix-2018_fr-768x224.jpg 768w\" sizes=\"auto, (max-width: 1200px) 100vw, 1200px\" \/><\/p>\n<p style=\"text-align: right;\"><a class=\"maxbutton-40 maxbutton maxbutton-editions-passees\" href=\"https:\/\/www.concoursmontreal.ca\/fr\/archives\/editions-passees\/\"><span class='mb-text'>\u00c9ditions pass\u00e9es<\/span><\/a> \u00a0<\/p>\n<p style=\"text-align: left;\"><span style=\"font-size: 16px;\"><strong>Du 29 mai au 7 juin 2018<br \/><\/strong><\/span><\/p>\n<p style=\"text-align: left;\">Septi\u00e8me \u00e9dition du CMIM d\u00e9di\u00e9e \u00e0 la voix<br \/>Deux volets de comp\u00e9tition: Aria et M\u00e9lodie<\/p>\n<p style=\"text-align: left;\"><a href=\"\/wp-content\/uploads\/2018\/05\/cmim_Chant18-prog_F9_web.pdf\" target=\"_blank\" rel=\"noopener noreferrer\">Programme officiel Chant 2018<\/a><\/p>\n","protected":false},"excerpt":{"rendered":"<p>Chant 2018 \u00a0 Du 29 mai au 7 juin 2018 Septi\u00e8me \u00e9dition du CMIM d\u00e9di\u00e9e \u00e0 la voixDeux volets de comp\u00e9tition: Aria et M\u00e9lodie Programme officiel Chant 2018<\/p>\n","protected":false},"author":1,"featured_media":0,"parent":92,"menu_order":7,"comment_status":"closed","ping_status":"closed","template":"tpl-competition.php","meta":{"_acf_changed":false,"footnotes":""},"class_list":["post-28","page","type-page","status-publish","hentry"],"acf":[],"featured_media_src_url":null,"_links":{"self":[{"href":"https:\/\/www.concoursmontreal.ca\/fr\/wp-json\/wp\/v2\/pages\/28","targetHints":{"allow":["GET"]}}],"collection":[{"href":"https:\/\/www.concoursmontreal.ca\/fr\/wp-json\/wp\/v2\/pages"}],"about":[{"href":"https:\/\/www.concoursmontreal.ca\/fr\/wp-json\/wp\/v2\/types\/page"}],"author":[{"embeddable":true,"href":"https:\/\/www.concoursmontreal.ca\/fr\/wp-json\/wp\/v2\/users\/1"}],"replies":[{"embeddable":true,"href":"https:\/\/www.concoursmontreal.ca\/fr\/wp-json\/wp\/v2\/comments?post=28"}],"version-history":[{"count":6,"href":"https:\/\/www.concoursmontreal.ca\/fr\/wp-json\/wp\/v2\/pages\/28\/revisions"}],"predecessor-version":[{"id":21001,"href":"https:\/\/www.concoursmontreal.ca\/fr\/wp-json\/wp\/v2\/pages\/28\/revisions\/21001"}],"up":[{"embeddable":true,"href":"https:\/\/www.concoursmontreal.ca\/fr\/wp-json\/wp\/v2\/pages\/92"}],"wp:attachment":[{"href":"https:\/\/www.concoursmontreal.ca\/fr\/wp-json\/wp\/v2\/media?parent=28"}],"curies":[{"name":"wp","href":"https:\/\/api.w.org\/{rel}","templated":true}]}}