{"id":2805,"date":"2015-06-26T10:18:48","date_gmt":"2015-06-26T10:18:48","guid":{"rendered":"http:\/\/concoursmontreal.ca\/?page_id=2805"},"modified":"2024-07-26T12:09:28","modified_gmt":"2024-07-26T16:09:28","slug":"chant-2015","status":"publish","type":"page","link":"https:\/\/www.concoursmontreal.ca\/fr\/archives\/editions-passees\/chant-2015\/","title":{"rendered":"Chant 2015"},"content":{"rendered":"<h2 style=\"text-align: left;\">Chant 2015<\/h2>\n<p><img loading=\"lazy\" decoding=\"async\" class=\"size-full wp-image-15040 alignnone\" src=\"\/wp-content\/uploads\/2020\/10\/Titre_Chant-2015_fr.jpg\" alt=\"\" width=\"1200\" height=\"350\" srcset=\"\/wp-content\/uploads\/2020\/10\/Titre_Chant-2015_fr.jpg 1200w, \/wp-content\/uploads\/2020\/10\/Titre_Chant-2015_fr-768x224.jpg 768w\" sizes=\"auto, (max-width: 1200px) 100vw, 1200px\" \/><\/p>\n<p style=\"text-align: right;\"><a class=\"maxbutton-40 maxbutton maxbutton-editions-passees\" href=\"https:\/\/www.concoursmontreal.ca\/fr\/archives\/editions-passees\/\"><span class='mb-text'>\u00c9ditions pass\u00e9es<\/span><\/a><\/p>\n<h2 style=\"text-align: left;\">Laur\u00e9ats<\/h2>\n<p>&nbsp;<\/p>\n<div class=\"columns cols14-34\">\n<div class=\"columns-col c0\">\n<div class=\"columns-wrap\"><a href=\"\/wp-content\/uploads\/2015\/06\/Keonwoo-Kim_Archives2015.jpg\"><img loading=\"lazy\" decoding=\"async\" class=\"alignnone wp-image-2806 size-full\" src=\"\/wp-content\/uploads\/2015\/06\/Keonwoo-Kim_Archives2015.jpg\" alt=\"\" width=\"260\" height=\"190\" \/><\/a><\/div>\n<\/div>\n<div class=\"columns-col c1\">\n<div class=\"columns-wrap\">\n<p><span style=\"font-size: 20.014310836792px; text-transform: uppercase;\"><b>Keonwoo Kim, T\u00e9nor<\/b><\/span><br \/>Cor\u00e9e du Sud<\/p>\n<p><strong>Premier prix\u00a0<\/strong><br \/>30 000 $<br \/>Offert par la Ville de Montr\u00e9al<\/p>\n<\/div>\n<\/div>\n<div class=\"clearfix\"><!--CLEARFIX --><\/div>\n<\/div>\n<div class=\"columns cols14-34\">\n<div class=\"columns-col c0\">\n<div class=\"columns-wrap\"><a href=\"\/wp-content\/uploads\/2015\/06\/Hyesang-Park_Archives2015.jpg\"><img loading=\"lazy\" decoding=\"async\" class=\"alignnone wp-image-2807 size-full\" src=\"\/wp-content\/uploads\/2015\/06\/Hyesang-Park_Archives2015.jpg\" alt=\"\" width=\"260\" height=\"190\" \/><\/a><\/div>\n<\/div>\n<div class=\"columns-col c1\">\n<div class=\"columns-wrap\">\n<p><strong style=\"font-style: normal;\"><strong class=\"h2\">Hyesang Park, Soprano<\/strong><br \/><\/strong>Cor\u00e9e du Sud<\/p>\n<p><strong>Deuxi\u00e8me prix<\/strong> <br \/>15 000 $<br \/>Offert par Canimex<\/p>\n<p><strong>Prix du public Radio-Canada<\/strong><br \/>5 000 $<\/p>\n<\/div>\n<\/div>\n<div class=\"clearfix\"><!--CLEARFIX --><\/div>\n<\/div>\n<div class=\"columns cols14-34\">\n<div class=\"columns-col c0\">\n<div class=\"columns-wrap\"><a href=\"\/wp-content\/uploads\/2015\/06\/France-Bellemare_Archives2015.jpg\"><img loading=\"lazy\" decoding=\"async\" class=\"alignnone wp-image-2808 size-full\" src=\"\/wp-content\/uploads\/2015\/06\/France-Bellemare_Archives2015.jpg\" alt=\"\" width=\"260\" height=\"190\" \/><\/a><\/div>\n<\/div>\n<div class=\"columns-col c1\"><strong class=\"h2\">France Bellemare, Soprano<br \/><\/strong>Canada<\/p>\n<p><strong><br \/>Troisi\u00e8me prix\u00a0<br \/><\/strong>10 000 $<br \/>Offert par Cogeco<\/p>\n<p><strong>Prix pour le meilleur artiste canadien<\/strong><br \/>5 000 $<br \/>Offert par la Fondation Bourbeau<\/p>\n<p><strong>Prix Joseph-Rouleau pour le meilleur artiste qu\u00e9b\u00e9cois<\/strong><br \/>5 000 $<br \/>Offert par\u00a0Fran\u00e7ois R. Roy<\/p>\n<\/div>\n<\/div>\n<div class=\"columns cols14-34\">\n<div class=\"clearfix\"><!--CLEARFIX --><\/div>\n<\/div>\n<div class=\"columns cols14-34\">\n<div class=\"columns-col c0\">\n<div class=\"columns-wrap\"><a href=\"\/wp-content\/uploads\/2015\/06\/Anais-Constans-Archives2015.jpg\"><img loading=\"lazy\" decoding=\"async\" class=\"alignnone wp-image-2809 size-full\" src=\"\/wp-content\/uploads\/2015\/06\/Anais-Constans-Archives2015.jpg\" alt=\"\" width=\"260\" height=\"190\" \/><\/a><\/div>\n<\/div>\n<div class=\"columns-col c1\"><strong class=\"h2\">Ana\u00efs Constans, Soprano<br \/><\/strong>France<\/div>\n<div class=\"columns-col c1\">\n<p><strong><br \/>Prix \u00a0du lied et de la m\u00e9lodie Fran\u00e7aise<\/strong><br \/>5 000 $<br \/>Offert par Clarence et Arija Stiver<\/p>\n<p><strong>Prix pour le meilleur r\u00e9cital de demi-finale<\/strong><br \/>2 500 $\u00a0<br \/>Offert par Tourisme Montr\u00e9al<\/p>\n<p><strong>Bourse du CMIM<br \/><\/strong>Attribu\u00e9e aux trois\u00a0finalistes non class\u00e9s<br \/>2 000 $<br \/>Offerte par Maurice Deschamps<\/p>\n<\/div>\n<div class=\"clearfix\"><!--CLEARFIX --><\/div>\n<\/div>\n<div class=\"columns cols14-34\">\n<div class=\"columns-col c0\">\n<div class=\"columns-wrap\">\u00a0<\/div>\n<\/div>\n<div class=\"clearfix\"><!--CLEARFIX --><\/div>\n<\/div>\n<div class=\"columns cols14-34\">\n<div class=\"columns-col c0\">\n<div class=\"columns-wrap\"><a href=\"\/wp-content\/uploads\/2015\/06\/Vasil-Garvanliev_Archives2015.jpg\"><img loading=\"lazy\" decoding=\"async\" class=\"alignnone wp-image-2810 size-full\" src=\"\/wp-content\/uploads\/2015\/06\/Vasil-Garvanliev_Archives2015.jpg\" alt=\"\" width=\"260\" height=\"190\" \/><\/a><\/div>\n<\/div>\n<div class=\"columns-col c1\"><strong class=\"h2\"><strong>Vasil Garvanliev, Baryton<br \/><\/strong><\/strong>Mac\u00e9doine<\/p>\n<p><strong>Bourse du CMIM<br \/><\/strong>Attribu\u00e9e aux trois\u00a0finalistes non class\u00e9s<br \/>2 000 $<br \/>Offerte par Joseph Rouleau<\/p>\n<\/div>\n<\/div>\n<div class=\"columns cols14-34\">\n<div class=\"clearfix\"><!--CLEARFIX --><\/div>\n<\/div>\n<div class=\"clearfix\"><!--CLEARFIX --><\/div>\n<div class=\"columns cols14-34\">\n<div class=\"columns-col c0\">\n<div class=\"columns-wrap\"><a href=\"\/wp-content\/uploads\/2015\/06\/Takaoki-Onishi_Archives2015.jpg\"><img loading=\"lazy\" decoding=\"async\" class=\"alignnone wp-image-2811 size-full\" src=\"\/wp-content\/uploads\/2015\/06\/Takaoki-Onishi_Archives2015.jpg\" alt=\"\" width=\"260\" height=\"190\" \/><\/a>Photos : Antoine Saito<\/div>\n<\/div>\n<div class=\"columns-col c1\"><strong class=\"h2\"><strong>Takaoki Onishi, Baryton<br \/><\/strong><\/strong>Japon<\/div>\n<div class=\"columns-col c1\">\n<p><strong><br \/>Bourse du CMIM<br \/><\/strong>Attribu\u00e9e aux trois\u00a0finalistes non class\u00e9s<br \/>2 000 $<br \/>Offerte par Peter Hunt<\/p>\n<\/div>\n<div class=\"clearfix\"><!--CLEARFIX --><\/div>\n<\/div>\n<hr \/>\n<div style=\"text-align: left;\">\n<h2 class=\"h1\">Jury<\/h2>\n<p class=\"h2\">David Agler (Canada)<br \/>Richard Bonynge (Australie)<br \/>Brian Dickie (Royaume-Uni)<br \/>Wolfgang Holzmair (Autriche)<br \/>Marilyn Horne (\u00c9tats-Unis)<br \/>Sumi Jo (Cor\u00e9e du Sud)<br \/>Edda Moser (Allemagne) <br \/>Joseph Rouleau (Canada)<br \/>Birgitta Svend\u00e9n (Su\u00e8de)<\/p>\n<p class=\"h2\"><a href=\"\/wp-content\/uploads\/2015\/06\/CMIM2015jury-2-e1448481940895.jpg\"><img loading=\"lazy\" decoding=\"async\" class=\"alignnone size-full wp-image-3245\" src=\"\/wp-content\/uploads\/2015\/06\/CMIM2015jury-2-e1448481940895.jpg\" alt=\"CMIM2015jury-2\" width=\"600\" height=\"400\" \/><\/a><\/p>\n<h2 class=\"h1\">\u00a0<\/h2>\n<h2 class=\"h1\">Orchestre<\/h2>\n<p>Orchestre symphonique de Montr\u00e9al<\/p>\n<h2 class=\"h1\">Chef<\/h2>\n<p>Johannes Debus<\/p>\n<p><a href=\"\/wp-content\/uploads\/2015\/06\/CMIM150605sel-26-e1448482015173.jpg\"><img loading=\"lazy\" decoding=\"async\" class=\"alignnone  wp-image-3247\" src=\"\/wp-content\/uploads\/2015\/06\/CMIM150605sel-26-e1448482015173.jpg\" alt=\"CMIM150605sel-26\" width=\"275\" height=\"413\" \/><\/a><\/p>\n<\/div>\n","protected":false},"excerpt":{"rendered":"<p>Chant 2015 Laur\u00e9ats &nbsp; Keonwoo Kim, T\u00e9norCor\u00e9e du Sud Premier prix\u00a030 000 $Offert par la Ville de Montr\u00e9al Hyesang Park, SopranoCor\u00e9e du Sud Deuxi\u00e8me prix 15 000 $Offert par Canimex Prix du public Radio-Canada5 000 $ France Bellemare, SopranoCanada Troisi\u00e8me prix\u00a010 000 $Offert par Cogeco Prix pour le meilleur artiste canadien5 000 $Offert par la [&hellip;]<\/p>\n","protected":false},"author":1,"featured_media":901,"parent":92,"menu_order":10,"comment_status":"closed","ping_status":"closed","template":"tpl-competition.php","meta":{"_acf_changed":false,"footnotes":""},"class_list":["post-2805","page","type-page","status-publish","has-post-thumbnail","hentry"],"acf":[],"featured_media_src_url":"\/wp-content\/uploads\/2014\/12\/chant.jpg","_links":{"self":[{"href":"https:\/\/www.concoursmontreal.ca\/fr\/wp-json\/wp\/v2\/pages\/2805","targetHints":{"allow":["GET"]}}],"collection":[{"href":"https:\/\/www.concoursmontreal.ca\/fr\/wp-json\/wp\/v2\/pages"}],"about":[{"href":"https:\/\/www.concoursmontreal.ca\/fr\/wp-json\/wp\/v2\/types\/page"}],"author":[{"embeddable":true,"href":"https:\/\/www.concoursmontreal.ca\/fr\/wp-json\/wp\/v2\/users\/1"}],"replies":[{"embeddable":true,"href":"https:\/\/www.concoursmontreal.ca\/fr\/wp-json\/wp\/v2\/comments?post=2805"}],"version-history":[{"count":5,"href":"https:\/\/www.concoursmontreal.ca\/fr\/wp-json\/wp\/v2\/pages\/2805\/revisions"}],"predecessor-version":[{"id":15050,"href":"https:\/\/www.concoursmontreal.ca\/fr\/wp-json\/wp\/v2\/pages\/2805\/revisions\/15050"}],"up":[{"embeddable":true,"href":"https:\/\/www.concoursmontreal.ca\/fr\/wp-json\/wp\/v2\/pages\/92"}],"wp:featuredmedia":[{"embeddable":true,"href":"https:\/\/www.concoursmontreal.ca\/fr\/wp-json\/wp\/v2\/media\/901"}],"wp:attachment":[{"href":"https:\/\/www.concoursmontreal.ca\/fr\/wp-json\/wp\/v2\/media?parent=2805"}],"curies":[{"name":"wp","href":"https:\/\/api.w.org\/{rel}","templated":true}]}}