{"id":30943,"date":"2023-09-06T14:13:38","date_gmt":"2023-09-06T18:13:38","guid":{"rendered":"https:\/\/concoursmontreal.ca\/?page_id=30943"},"modified":"2026-03-04T21:33:55","modified_gmt":"2026-03-05T02:33:55","slug":"direction-generale-et-artistique","status":"publish","type":"page","link":"https:\/\/www.concoursmontreal.ca\/fr\/violon-2026\/direction-generale-et-artistique\/","title":{"rendered":"Direction g\u00e9n\u00e9rale et artistique"},"content":{"rendered":"<h2 style=\"text-align: left;\">Direction g\u00e9n\u00e9rale et artistique<\/h2>\n<p><img loading=\"lazy\" decoding=\"async\" class=\"aligncenter size-full wp-image-43626\" src=\"\/wp-content\/uploads\/2026\/03\/Titre_direction-2026.jpg\" alt=\"\" width=\"1200\" height=\"350\" srcset=\"\/wp-content\/uploads\/2026\/03\/Titre_direction-2026.jpg 1200w, \/wp-content\/uploads\/2026\/03\/Titre_direction-2026-768x224.jpg 768w\" sizes=\"auto, (max-width: 1200px) 100vw, 1200px\" \/><\/p>\n<p style=\"text-align: center;\">\u00a0<\/p>\n<p style=\"text-align: left;\"><span style=\"color: #ff0000;\"><strong><span style=\"font-size: 18px;\" data-contrast=\"auto\">Mot de bienvenue<br \/>Chantal Poulin et Shira Gilbert<br \/>Direction g\u00e9n\u00e9rale et artistique<\/span><\/strong><\/span><\/p>\n<p style=\"text-align: left;\"><b><span data-contrast=\"auto\"><span style=\"font-size: 16px;\"><br \/>La virtuosit\u00e9 sans fronti\u00e8res nous donne rendez-vous<\/span><\/span><\/b><span style=\"font-size: 16px;\" data-ccp-props=\"{&quot;134233117&quot;:true,&quot;134233118&quot;:true,&quot;201341983&quot;:0,&quot;335559740&quot;:276}\">\u00a0<\/span><\/p>\n<p style=\"text-align: left;\"><span data-contrast=\"auto\">Du 27 mai au 4 juin 2026, la m\u00e9tropole\u00a0montr\u00e9alaise\u00a0vibrera au rythme\u00a0du violon avec le\u00a0<\/span><b><span data-contrast=\"auto\">Concours musical international de Montr\u00e9al.\u00a0<\/span><\/b><span data-contrast=\"auto\">Au c\u0153ur d\u2019un rendez-vous international c\u00e9l\u00e9brant l\u2019excellence, la d\u00e9couverte et le rayonnement musical<\/span><span data-contrast=\"auto\">, l\u2019\u00e9dition 2026 du grand concours montr\u00e9alais rassemblera une nouvelle g\u00e9n\u00e9ration d\u2019artistes d\u2019exception issus de 18 nations distinctes.<\/span><span data-ccp-props=\"{&quot;134233117&quot;:true,&quot;134233118&quot;:true,&quot;201341983&quot;:0,&quot;335559740&quot;:276}\">\u00a0<\/span><\/p>\n<p style=\"text-align: left;\"><span data-contrast=\"auto\">Fid\u00e8le \u00e0 sa mission, le Concours musical international de Montr\u00e9al se veut bien plus qu\u2019une comp\u00e9tition. Il est un lieu de rencontres, d\u2019\u00e9changes et de d\u00e9couvertes, o\u00f9 se croisent artistes, juges, ma\u00eetres et publics. \u00c0 travers les \u00e9preuves et ses activit\u00e9s compl\u00e9mentaires <\/span>\u2014\u00a0comme\u00a0le rendez-vous du\u00a0Mini\u00a0Violini\u00a0et\u00a0le\u00a0Concours sur la route\u00a0\u2014 nous souhaitons cr\u00e9er des moments forts et profond\u00e9ment humains, afin que la musique touche chacun de ceux qui y tendent l\u2019oreille et nous rassemble les uns aux autres par elle.<\/p>\n<p style=\"text-align: left;\"><span data-contrast=\"auto\">Nous tenons \u00e0 saluer l\u2019engagement remarquable des 24 concurrents et concurrentes, dont le parcours t\u00e9moigne d\u2019une exigence artistique et d\u2019une passion hors du commun. Leur pr\u00e9sence \u00e0 Montr\u00e9al est une source de fiert\u00e9 et d\u2019inspiration, tant pour la communaut\u00e9 musicale que pour l&rsquo;ensemble de notre collectivit\u00e9.<\/span><span data-ccp-props=\"{&quot;134233117&quot;:true,&quot;134233118&quot;:true,&quot;201341983&quot;:0,&quot;335559740&quot;:276}\">\u00a0<\/span><\/p>\n<p style=\"text-align: left;\"><span data-contrast=\"auto\">Nous remercions chaleureusement nos partenaires\u00a0publics et priv\u00e9s, m\u00e9c\u00e8nes et collaborateurs, dont le soutien permet au Concours de rayonner\u00a0\u00e0 Montr\u00e9al\u00a0et \u00e0 l\u2019international.\u00a0Merci aux administrateurs et\u00a0aux\u00a0administratrices du Concours et de sa Fondation, aux membres exceptionnels de notre \u00e9quipe,\u00a0aux\u00a0b\u00e9n\u00e9voles et amis.\u00a0Enfin, nous vous remercions, cher public, de faire partie int\u00e9grante de cette\u00a0magnifique\u00a0aventure.<\/span><span data-ccp-props=\"{&quot;134233117&quot;:true,&quot;134233118&quot;:true,&quot;201341983&quot;:0,&quot;335559740&quot;:276}\">\u00a0<\/span><\/p>\n<p style=\"text-align: left;\"><span data-contrast=\"auto\">Que cette \u00e9dition 2026 soit pour\u00a0nous tous\u00a0une c\u00e9l\u00e9bration du violon, de l\u2019excellence artistique et du pouvoir rassembleur de la musique\u00a0au-del\u00e0 des fronti\u00e8res.<\/span><span data-ccp-props=\"{&quot;134233117&quot;:true,&quot;134233118&quot;:true,&quot;201341983&quot;:0,&quot;335559740&quot;:276}\">\u00a0<\/span><\/p>\n<p style=\"text-align: left;\"><i><span data-contrast=\"auto\">Bon Concours!<\/span><\/i><span data-ccp-props=\"{&quot;134233117&quot;:true,&quot;134233118&quot;:true,&quot;201341983&quot;:0,&quot;335559740&quot;:276}\">\u00a0<\/span><\/p>\n<p style=\"text-align: left;\"><i><span data-contrast=\"auto\">Chantal Poulin et Shira Gilbert<\/span><\/i>\u00a0<br \/><i><span data-contrast=\"auto\">Directrice g\u00e9n\u00e9rale et directrice artistique<\/span><\/i><span data-ccp-props=\"{&quot;134233117&quot;:true,&quot;134233118&quot;:true,&quot;201341983&quot;:0,&quot;335559740&quot;:276}\">\u00a0<\/span><\/p>\n<p style=\"text-align: left;\"><span data-contrast=\"auto\">\u202f<\/span><span data-ccp-props=\"{&quot;134233117&quot;:false,&quot;134233118&quot;:false,&quot;201341983&quot;:0,&quot;335551550&quot;:6,&quot;335551620&quot;:6,&quot;335559738&quot;:0,&quot;335559739&quot;:0,&quot;335559740&quot;:276}\">\u00a0<\/span><\/p>\n<p>&nbsp;<\/p>\n<p style=\"text-align: center;\"><a class=\"maxbutton-185 maxbutton maxbutton-concours-2026-fr\" href=\"https:\/\/concoursmontreal.ca\/fr\/violon-2026\/\"><span class='mb-text'>ACCUEIL - CONCOURS 2026<\/span><\/a><\/p>\n<p style=\"text-align: center;\"><a class=\"maxbutton-141 maxbutton maxbutton-billets-et-forfaits\" href=\"https:\/\/www.concoursmontreal.ca\/fr\/violon-2026\/billetterie\/\"><span class='mb-text'>BILLETS ET FORFAITS<\/span><\/a><\/p>\n<p style=\"text-align: center;\"><a class=\"maxbutton-74 maxbutton maxbutton-donnez-au-concours\" href=\"https:\/\/www.concoursmontreal.ca\/fr\/appuyez\/faire-un-don\/\"><span class='mb-text'>DONNEZ AU CONCOURS<\/span><\/a><\/p>\n<p style=\"text-align: left;\">\u00a0<\/p>\n","protected":false},"excerpt":{"rendered":"<p>Direction g\u00e9n\u00e9rale et artistique \u00a0 Mot de bienvenueChantal Poulin et Shira GilbertDirection g\u00e9n\u00e9rale et artistique La virtuosit\u00e9 sans fronti\u00e8res nous donne rendez-vous\u00a0 Du 27 mai au 4 juin 2026, la m\u00e9tropole\u00a0montr\u00e9alaise\u00a0vibrera au rythme\u00a0du violon avec le\u00a0Concours musical international de Montr\u00e9al.\u00a0Au c\u0153ur d\u2019un rendez-vous international c\u00e9l\u00e9brant l\u2019excellence, la d\u00e9couverte et le rayonnement musical, l\u2019\u00e9dition 2026 du [&hellip;]<\/p>\n","protected":false},"author":1,"featured_media":0,"parent":38329,"menu_order":3,"comment_status":"closed","ping_status":"closed","template":"","meta":{"_acf_changed":false,"footnotes":""},"class_list":["post-30943","page","type-page","status-publish","hentry"],"acf":[],"featured_media_src_url":null,"_links":{"self":[{"href":"https:\/\/www.concoursmontreal.ca\/fr\/wp-json\/wp\/v2\/pages\/30943","targetHints":{"allow":["GET"]}}],"collection":[{"href":"https:\/\/www.concoursmontreal.ca\/fr\/wp-json\/wp\/v2\/pages"}],"about":[{"href":"https:\/\/www.concoursmontreal.ca\/fr\/wp-json\/wp\/v2\/types\/page"}],"author":[{"embeddable":true,"href":"https:\/\/www.concoursmontreal.ca\/fr\/wp-json\/wp\/v2\/users\/1"}],"replies":[{"embeddable":true,"href":"https:\/\/www.concoursmontreal.ca\/fr\/wp-json\/wp\/v2\/comments?post=30943"}],"version-history":[{"count":5,"href":"https:\/\/www.concoursmontreal.ca\/fr\/wp-json\/wp\/v2\/pages\/30943\/revisions"}],"predecessor-version":[{"id":43755,"href":"https:\/\/www.concoursmontreal.ca\/fr\/wp-json\/wp\/v2\/pages\/30943\/revisions\/43755"}],"up":[{"embeddable":true,"href":"https:\/\/www.concoursmontreal.ca\/fr\/wp-json\/wp\/v2\/pages\/38329"}],"wp:attachment":[{"href":"https:\/\/www.concoursmontreal.ca\/fr\/wp-json\/wp\/v2\/media?parent=30943"}],"curies":[{"name":"wp","href":"https:\/\/api.w.org\/{rel}","templated":true}]}}