{"id":35390,"date":"2024-08-22T17:52:38","date_gmt":"2024-08-22T21:52:38","guid":{"rendered":"https:\/\/www.concoursmontreal.ca\/?page_id=35390"},"modified":"2026-02-18T12:58:39","modified_gmt":"2026-02-18T17:58:39","slug":"comites","status":"publish","type":"page","link":"https:\/\/www.concoursmontreal.ca\/fr\/a_propos\/comites\/","title":{"rendered":"Comit\u00e9s du Concours"},"content":{"rendered":"<h2 style=\"text-align: left;\"><b><span data-contrast=\"auto\">Les comit\u00e9s du Concours<\/span><\/b><\/h2>\n<p><a href=\"\/wp-content\/uploads\/2024\/08\/Titre_comites.jpg\"><img loading=\"lazy\" decoding=\"async\" class=\"size-full wp-image-35411 alignnone\" src=\"\/wp-content\/uploads\/2024\/08\/Titre_comites.jpg\" alt=\"\" width=\"1200\" height=\"350\" srcset=\"\/wp-content\/uploads\/2024\/08\/Titre_comites.jpg 1200w, \/wp-content\/uploads\/2024\/08\/Titre_comites-768x224.jpg 768w\" sizes=\"auto, (max-width: 1200px) 100vw, 1200px\" \/><\/a><\/p>\n<p style=\"text-align: left;\"><span data-contrast=\"auto\">Les comit\u00e9s du <strong>Concours musical international de Montr\u00e9al<\/strong> et de la <strong>Fondation<\/strong> <strong>Concours musical international de Montr\u00e9al<\/strong> sont au c\u0153ur de la bonne gouvernance de l&rsquo;organisation. Ils offrent une expertise cibl\u00e9e favorisant la participation active des membres des conseils d\u2019administration et de certains invit\u00e9s qualifi\u00e9s. Les comit\u00e9s du Concours, par leurs recommandations, contribuent \u00e0 des prises de d\u00e9cisions \u00e9clair\u00e9es et collectives.<\/span><span data-ccp-props=\"{&quot;201341983&quot;:0,&quot;335559739&quot;:160,&quot;335559740&quot;:360}\">\u00a0<\/span><\/p>\n<p style=\"text-align: left;\"><span data-contrast=\"auto\">Les comit\u00e9s du <strong>Concours <\/strong>jouent un r\u00f4le crucial en regard de l\u2019orientation strat\u00e9gique de l\u2019organisation et de la s\u00e9lection des activit\u00e9s du concours. En favorisant l\u2019implication et en r\u00e9partissant les responsabilit\u00e9s entre divers comit\u00e9s, le Concours peut non seulement renforcer sa capacit\u00e9 \u00e0 atteindre ses objectifs et sa mission, mais s&rsquo;assurer \u00e9galement qu&rsquo;il r\u00e9pond aux besoins de ses parties prenantes. <\/span><span data-ccp-props=\"{&quot;201341983&quot;:0,&quot;335559739&quot;:160,&quot;335559740&quot;:360}\">\u00a0<\/span><\/p>\n<p style=\"text-align: left;\"><span style=\"color: #ff0000; font-size: 16px;\"><b><br \/>Comit\u00e9 de gouvernance et des ressources humaines<\/b>\u00a0<\/span><br \/><span data-contrast=\"auto\">Le Comit\u00e9 de gouvernance et des ressources humaines du Concours a pour mandat principal de donner l\u2019assurance aux conseils d\u2019administration du Concours et de la Fondation Concours du respect et du maintien de bonnes pratiques en mati\u00e8re de gouvernance, d\u2019\u00e9thique et de ressources humaines.\u00a0 <\/span><span data-ccp-props=\"{&quot;201341983&quot;:0,&quot;335559739&quot;:160,&quot;335559740&quot;:360}\">\u00a0<\/span><\/p>\n<p style=\"text-align: left;\"><b><span data-contrast=\"auto\">Membres<\/span><\/b><span data-contrast=\"auto\">\u202f:<\/span>\u00a0<br \/><span data-contrast=\"auto\">Fran\u00e7ois R. Roy, pr\u00e9sident<\/span>\u00a0<br \/><span data-contrast=\"auto\">Guy Breton <\/span>\u00a0<br \/><span data-contrast=\"auto\">Madeleine Careau<br \/><\/span><span data-contrast=\"auto\">Isabelle Demers<br \/>Nicole Fontaine<\/span>\u00a0<br \/><span data-contrast=\"auto\">Louise Roy<\/span>\u00a0<br \/><span data-contrast=\"auto\">Jacques Vincent<\/span><\/p>\n<p style=\"text-align: left;\"><b><span data-contrast=\"auto\">Membre invit\u00e9e\u202f:<\/span><\/b>\u00a0<br \/>Chantal Poulin, directrice g\u00e9n\u00e9rale<br \/><span data-ccp-props=\"{&quot;201341983&quot;:0,&quot;335559739&quot;:160,&quot;335559740&quot;:360}\">\u00a0<\/span><\/p>\n<p style=\"text-align: left;\"><span style=\"color: #ff0000; font-size: 16px;\"><b>Comit\u00e9 de d\u00e9veloppement et de financement<\/b>\u00a0<\/span><br \/><span data-contrast=\"auto\">Le comit\u00e9 de d\u00e9veloppement et de financement du Concours <\/span><span data-contrast=\"auto\">est charg\u00e9 de collaborer \u00e0 la conception et \u00e0 la mise en en \u0153uvre des strat\u00e9gies pour r\u00e9colter des fonds, favoriser des partenariats tout en veillant \u00e0 la p\u00e9rennit\u00e9 financi\u00e8re de l\u2019organisation. <\/span>\u00a0<br \/><b><\/b><\/p>\n<p style=\"text-align: left;\"><b><span data-contrast=\"auto\">Membres<\/span><\/b><span data-contrast=\"auto\">\u202f:<\/span>\u00a0<br \/><span data-contrast=\"auto\">Maryse Beauregard <\/span>\u00a0<br \/><span data-contrast=\"auto\">Pascale Bourbeau<\/span>\u00a0<br \/><span data-contrast=\"auto\">Madeleine Careau<br \/>Daniel Lalonde<br \/>Christiane LeBlanc <\/span>\u00a0<br \/><span data-contrast=\"auto\">Fran\u00e7ois R. Roy<\/span>\u00a0<br \/><span data-contrast=\"auto\">Mylene Tassy<\/span><\/p>\n<p style=\"text-align: left;\"><b><span data-contrast=\"auto\">Membres invit\u00e9es\u202f:<\/span><\/b>\u00a0<br \/>Chantal Poulin, directrice g\u00e9n\u00e9rale<br \/>Anne-Laure Colombani, directrice, d\u00e9veloppement philanthropique et financement<br \/>\u00a0<br \/><span style=\"font-size: 16px; color: #ff0000;\"><b><br \/>Comit\u00e9 des finances et audit<\/b>\u00a0<\/span><br \/><span data-contrast=\"auto\">Le Comit\u00e9 des finances et audit joue un r\u00f4le crucial dans la surveillance des aspects financiers du CMIM. Il contribue \u00e0 maintenir la transparence financi\u00e8re et \u00e0 renforcer la confiance des parties prenantes envers l&rsquo;organisation.<\/span><span data-ccp-props=\"{&quot;201341983&quot;:0,&quot;335559739&quot;:160,&quot;335559740&quot;:360,&quot;469777462&quot;:[720],&quot;469777927&quot;:[0],&quot;469777928&quot;:[1]}\">\u00a0<\/span><\/p>\n<p style=\"text-align: left;\"><b><span data-contrast=\"auto\">Membres<\/span><\/b><span data-contrast=\"auto\">\u202f: <\/span>\u00a0<br \/><span data-contrast=\"auto\">Daniel Lalonde, pr\u00e9sident<\/span>\u00a0<br \/><span data-contrast=\"auto\">Jacques Vincent<\/span>\u00a0<br \/><span data-contrast=\"auto\">Claude Gagliardi<\/span><\/p>\n<p style=\"text-align: left;\"><b><span data-contrast=\"auto\">Membres invit\u00e9es\u202f:<\/span><\/b>\u00a0<br \/><span data-contrast=\"auto\">Nathalie Allen, directrice, services financiers<\/span><br \/>Chantal Poulin, directrice g\u00e9n\u00e9rale<\/p>\n<p style=\"text-align: left;\">\u00a0<br \/><span style=\"color: #ff0000; font-size: 16px;\"><b>Comit\u00e9 artistique consultatif<\/b>\u00a0<\/span><br \/><span data-contrast=\"none\">Le comit\u00e9 artistique consultatif du Concours musical international de Montr\u00e9al est compos\u00e9 d&rsquo;experts reconnus dans le domaine de la musique classique et de son industrie. Il rassemble autour de la direction g\u00e9n\u00e9rale et artistique des b\u00e9n\u00e9voles professionnels, artistes, administrateurs et travailleurs culturels ayant \u00e0 c\u0153ur les activit\u00e9s du Concours. Par leur engagement, les membres du comit\u00e9 r\u00e9fl\u00e9chissent et conseillent la direction du Concours afin de favoriser le d\u00e9ploiement de sa mission artistique, tout en favorisant la qualit\u00e9 de ses activit\u00e9s.<\/span><span data-ccp-props=\"{&quot;201341983&quot;:0,&quot;335559739&quot;:0,&quot;335559740&quot;:360}\">\u00a0<\/span><\/p>\n<p style=\"text-align: left;\"><b><span data-contrast=\"none\">Membres<\/span><\/b>\u00a0<br \/><span data-contrast=\"none\">Shira Gilbert, pr\u00e9sidente<\/span>\u00a0<br \/><span data-contrast=\"auto\">Angela Cheng<br \/>Paul Fortin<\/span>\u00a0<br \/><span data-contrast=\"auto\">Michael McMahon <\/span>\u00a0<br \/><span data-contrast=\"auto\">Zarin Mehta<\/span>\u00a0<br \/><span data-contrast=\"auto\">Adrianne Pieczonka<\/span>\u00a0<span data-ccp-props=\"{&quot;201341983&quot;:0,&quot;335559739&quot;:0,&quot;335559740&quot;:360}\"><br \/><\/span><span data-contrast=\"auto\">Lucie Robert<\/span>\u00a0<br \/><span data-contrast=\"auto\">Richard Rodzinski<\/span><\/p>\n<p style=\"text-align: left;\"><b><span data-contrast=\"auto\">Membre invit\u00e9e\u202f:<\/span><\/b>\u00a0<br \/>Chantal Poulin, directrice g\u00e9n\u00e9rale<\/p>\n","protected":false},"excerpt":{"rendered":"<p>Les comit\u00e9s du Concours Les comit\u00e9s du Concours musical international de Montr\u00e9al et de la Fondation Concours musical international de Montr\u00e9al sont au c\u0153ur de la bonne gouvernance de l&rsquo;organisation. Ils offrent une expertise cibl\u00e9e favorisant la participation active des membres des conseils d\u2019administration et de certains invit\u00e9s qualifi\u00e9s. Les comit\u00e9s du Concours, par leurs [&hellip;]<\/p>\n","protected":false},"author":1,"featured_media":0,"parent":16,"menu_order":5,"comment_status":"closed","ping_status":"closed","template":"","meta":{"_acf_changed":false,"footnotes":""},"class_list":["post-35390","page","type-page","status-publish","hentry"],"acf":[],"featured_media_src_url":null,"_links":{"self":[{"href":"https:\/\/www.concoursmontreal.ca\/fr\/wp-json\/wp\/v2\/pages\/35390","targetHints":{"allow":["GET"]}}],"collection":[{"href":"https:\/\/www.concoursmontreal.ca\/fr\/wp-json\/wp\/v2\/pages"}],"about":[{"href":"https:\/\/www.concoursmontreal.ca\/fr\/wp-json\/wp\/v2\/types\/page"}],"author":[{"embeddable":true,"href":"https:\/\/www.concoursmontreal.ca\/fr\/wp-json\/wp\/v2\/users\/1"}],"replies":[{"embeddable":true,"href":"https:\/\/www.concoursmontreal.ca\/fr\/wp-json\/wp\/v2\/comments?post=35390"}],"version-history":[{"count":6,"href":"https:\/\/www.concoursmontreal.ca\/fr\/wp-json\/wp\/v2\/pages\/35390\/revisions"}],"predecessor-version":[{"id":43570,"href":"https:\/\/www.concoursmontreal.ca\/fr\/wp-json\/wp\/v2\/pages\/35390\/revisions\/43570"}],"up":[{"embeddable":true,"href":"https:\/\/www.concoursmontreal.ca\/fr\/wp-json\/wp\/v2\/pages\/16"}],"wp:attachment":[{"href":"https:\/\/www.concoursmontreal.ca\/fr\/wp-json\/wp\/v2\/media?parent=35390"}],"curies":[{"name":"wp","href":"https:\/\/api.w.org\/{rel}","templated":true}]}}