{"id":35787,"date":"2025-03-18T14:29:04","date_gmt":"2025-03-18T18:29:04","guid":{"rendered":"https:\/\/concoursmontreal.ca\/?page_id=35787"},"modified":"2026-03-17T15:01:39","modified_gmt":"2026-03-17T19:01:39","slug":"sur-la-route","status":"publish","type":"page","link":"https:\/\/www.concoursmontreal.ca\/fr\/violon-2026\/sur-la-route\/","title":{"rendered":"Le Concours sur la route"},"content":{"rendered":"<h2 style=\"text-align: left;\">Le Concours sur la route 2026<\/h2>\n<p><img loading=\"lazy\" decoding=\"async\" class=\"aligncenter size-full wp-image-41701\" src=\"\/wp-content\/uploads\/2025\/12\/Titre_route-2026.jpg\" alt=\"\" width=\"1200\" height=\"350\" srcset=\"\/wp-content\/uploads\/2025\/12\/Titre_route-2026.jpg 1200w, \/wp-content\/uploads\/2025\/12\/Titre_route-2026-768x224.jpg 768w\" sizes=\"auto, (max-width: 1200px) 100vw, 1200px\" \/><\/p>\n<p>&nbsp;<\/p>\n<h2 style=\"text-align: left;\"><span style=\"color: #ff0000; font-size: 16px;\"><b>LE CONCOURS \u00c9LARGIT SES HORIZONS<\/b><\/span><\/h2>\n<p style=\"text-align: left;\">Pour une troisi\u00e8me ann\u00e9e cons\u00e9cutive, le<strong> Concours musical international de Montr\u00e9al<\/strong> ouvre de nouvelles perspectives afin d\u2019offrir \u00e0 un plus grand nombre une exp\u00e9rience musicale in\u00e9dite avec le <em><strong>Concours sur la route<\/strong><\/em>.<\/p>\n<p style=\"text-align: left;\"><span style=\"font-size: 14px;\">En collaboration avec trois partenaires de diffusion, les violonistes non retenus pour la Demi-finale du Concours 2026 auront l\u2019opportunit\u00e9 de se produire devant d\u2019autres auditoires et de pr\u00e9senter les programmes qu\u2019ils avaient initialement pr\u00e9par\u00e9s pour le Concours. <\/span><\/p>\n<p style=\"text-align: left;\"><span style=\"font-size: 14px;\">Cette initiative offre non seulement une vitrine suppl\u00e9mentaire \u00e0 ces artistes d&rsquo;exception de la nouvelle g\u00e9n\u00e9ration, mais permet \u00e9galement aux m\u00e9lomanes de savourer la magie de prestations de haut niveau dans divers lieux, \u00e9largissant ainsi l\u2019exp\u00e9rience musicale au sein de la communaut\u00e9 culturelle qu\u00e9b\u00e9coise.<\/span><\/p>\n<p style=\"text-align: center;\"><b><span style=\"color: #ff0000; font-size: 18px;\"><br \/><\/span><\/b><strong><span style=\"font-size: 18px; color: #ff0000;\">\u00a0Centre d\u2019art de Richmond, Richmond<\/span><\/strong><br \/><span style=\"font-size: 14px; color: #000000;\"><strong><b>Dimanche 31 mai, 14 h<\/b><\/strong><\/span><\/p>\n<p style=\"text-align: center;\"><span style=\"font-size: 14px;\"><strong><span style=\"color: #ff0000;\"><span style=\"color: #000000;\">Centre d\u2019art de Richmond<\/span><br \/><\/span><\/strong>1010, rue Principale Nord, Richmond<span style=\"color: #000000;\"> (Qu<\/span>\u00e9bec) J0B 2H0<\/span><br \/><b><\/b><\/p>\n<p><span style=\"font-size: 14px;\"><a href=\"https:\/\/centredartderichmond.ca\/\" target=\"_blank\" rel=\"noopener\">Renseignements et billets<\/a><\/span><\/p>\n<p style=\"text-align: center;\"><b><span style=\"font-size: 18px; color: #ff0000;\"><i><span data-contrast=\"auto\"><span style=\"font-size: 16px; color: #ff0000;\">*\u00a0 *\u00a0 *<\/span><\/span><\/i><\/span><\/b><\/p>\n<p style=\"text-align: center;\"><b><span style=\"font-size: 18px; color: #ff0000;\">Le Vaisseau d&rsquo;Art, Farnham<\/span><\/b><br \/><span style=\"font-size: 14px; color: #000000;\"><strong><b>Dimanche 31 mai, 15 h<\/b><\/p>\n<p>Centre Saint-Romuald<\/strong><\/span><br \/><span style=\"font-size: 14px;\"><span style=\"color: #000000;\">500, rue St-Hilaire, Farnham (Qu<\/span>\u00e9bec) J2N 2T1<\/span><\/p>\n<p><a href=\"https:\/\/www.levaisseaudart.org\/\" target=\"_blank\" rel=\"noopener\">Renseignements et billets<\/a><\/p>\n<p style=\"text-align: center;\"><i><span data-contrast=\"auto\"><span style=\"font-size: 16px; color: #ff0000;\">*\u00a0 *\u00a0 *<\/span><\/span><\/i><\/p>\n<p style=\"text-align: center;\"><span style=\"font-size: 18px; color: #ff0000;\"><strong>Concerts sur le fleuve, \u00cele des S\u0153urs<br \/><span style=\"font-size: 14px; color: #000000;\"><b>Dimanche 31 mai, 19 h<\/b><\/span><\/strong><br \/><\/span><\/p>\n<p style=\"text-align: center;\"><span style=\"font-size: 18px; color: #ff0000;\"><span style=\"font-size: 14px; color: #000000;\">Sur invitation uniquement<\/span><\/span><\/p>\n<p>&nbsp;<\/p>\n<p><span data-teams=\"true\"><strong>Le Concours sur la route est pr\u00e9sent\u00e9 en partenariat avec la Collection Leclerc Leprohon.<\/strong><\/span><\/p>\n<p>&nbsp;<\/p>\n<p style=\"text-align: center;\"><a class=\"maxbutton-185 maxbutton maxbutton-concours-2026-fr\" href=\"https:\/\/concoursmontreal.ca\/fr\/violon-2026\/\"><span class='mb-text'>ACCUEIL - CONCOURS 2026<\/span><\/a><\/p>\n<p style=\"text-align: center;\"><a class=\"maxbutton-141 maxbutton maxbutton-billets-et-forfaits\" href=\"https:\/\/www.concoursmontreal.ca\/fr\/violon-2026\/billetterie\/\"><span class='mb-text'>BILLETS ET FORFAITS<\/span><\/a><\/p>\n<p style=\"text-align: center;\"><a class=\"maxbutton-74 maxbutton maxbutton-donnez-au-concours\" href=\"https:\/\/www.concoursmontreal.ca\/fr\/appuyez\/faire-un-don\/\"><span class='mb-text'>DONNEZ AU CONCOURS<\/span><\/a><\/p>\n","protected":false},"excerpt":{"rendered":"<p>Le Concours sur la route 2026 &nbsp; LE CONCOURS \u00c9LARGIT SES HORIZONS Pour une troisi\u00e8me ann\u00e9e cons\u00e9cutive, le Concours musical international de Montr\u00e9al ouvre de nouvelles perspectives afin d\u2019offrir \u00e0 un plus grand nombre une exp\u00e9rience musicale in\u00e9dite avec le Concours sur la route. En collaboration avec trois partenaires de diffusion, les violonistes non retenus [&hellip;]<\/p>\n","protected":false},"author":1,"featured_media":0,"parent":38329,"menu_order":16,"comment_status":"closed","ping_status":"closed","template":"","meta":{"_acf_changed":false,"footnotes":""},"class_list":["post-35787","page","type-page","status-publish","hentry"],"acf":[],"featured_media_src_url":null,"_links":{"self":[{"href":"https:\/\/www.concoursmontreal.ca\/fr\/wp-json\/wp\/v2\/pages\/35787","targetHints":{"allow":["GET"]}}],"collection":[{"href":"https:\/\/www.concoursmontreal.ca\/fr\/wp-json\/wp\/v2\/pages"}],"about":[{"href":"https:\/\/www.concoursmontreal.ca\/fr\/wp-json\/wp\/v2\/types\/page"}],"author":[{"embeddable":true,"href":"https:\/\/www.concoursmontreal.ca\/fr\/wp-json\/wp\/v2\/users\/1"}],"replies":[{"embeddable":true,"href":"https:\/\/www.concoursmontreal.ca\/fr\/wp-json\/wp\/v2\/comments?post=35787"}],"version-history":[{"count":6,"href":"https:\/\/www.concoursmontreal.ca\/fr\/wp-json\/wp\/v2\/pages\/35787\/revisions"}],"predecessor-version":[{"id":43606,"href":"https:\/\/www.concoursmontreal.ca\/fr\/wp-json\/wp\/v2\/pages\/35787\/revisions\/43606"}],"up":[{"embeddable":true,"href":"https:\/\/www.concoursmontreal.ca\/fr\/wp-json\/wp\/v2\/pages\/38329"}],"wp:attachment":[{"href":"https:\/\/www.concoursmontreal.ca\/fr\/wp-json\/wp\/v2\/media?parent=35787"}],"curies":[{"name":"wp","href":"https:\/\/api.w.org\/{rel}","templated":true}]}}