{"id":37108,"date":"2025-02-18T21:25:20","date_gmt":"2025-02-19T02:25:20","guid":{"rendered":"https:\/\/www.concoursmontreal.ca\/?page_id=37108"},"modified":"2026-03-17T15:00:26","modified_gmt":"2026-03-17T19:00:26","slug":"pianistes","status":"publish","type":"page","link":"https:\/\/www.concoursmontreal.ca\/fr\/violon-2026\/pianistes\/","title":{"rendered":"Pianistes"},"content":{"rendered":"<h2 style=\"text-align: left;\">Pianistes officiels<\/h2>\n<p style=\"text-align: left;\"><img loading=\"lazy\" decoding=\"async\" class=\"wp-image-37947 size-full\" src=\"\/wp-content\/uploads\/2025\/02\/Titre_Pianistes-2025.jpg\" alt=\"\" width=\"1200\" height=\"350\" srcset=\"\/wp-content\/uploads\/2025\/02\/Titre_Pianistes-2025.jpg 1200w, \/wp-content\/uploads\/2025\/02\/Titre_Pianistes-2025-768x224.jpg 768w\" sizes=\"auto, (max-width: 1200px) 100vw, 1200px\" \/><\/p>\n<p style=\"text-align: left;\"><span style=\"font-weight: 400; text-align: left;\"><span data-olk-copy-source=\"MessageBody\">Ces quatre pianistes officiels du Concours sont les pianistes collaborateurs d\u00e9sign\u00e9s pour jouer avec les concurrents et les concurrentes lors de l\u2019\u00e9dition 2026, d\u00e9di\u00e9e cette ann\u00e9e au violon. Ces pianistes s\u2019adaptent avec finesse \u00e0 la vision artistique et \u00e0 l\u2019expressivit\u00e9 des concurrents et concurrentes, afin de soutenir au mieux leur interpr\u00e9tation musicale. Choisis pour leur expertise, ces artistes accomplis accompagnent les violonistes du Concours 2026 lors des r\u00e9citals de la Premi\u00e8re \u00e9preuve et de la Demi-finale.<\/span><\/span><\/p>\n<hr \/>\n<p style=\"text-align: left;\"><img loading=\"lazy\" decoding=\"async\" class=\"wp-image-38148 alignleft\" src=\"\/wp-content\/uploads\/2025\/02\/Carson-Becke-TamPhotography.jpg\" alt=\"\" width=\"150\" height=\"150\" srcset=\"\/wp-content\/uploads\/2025\/02\/Carson-Becke-TamPhotography.jpg 400w, \/wp-content\/uploads\/2025\/02\/Carson-Becke-TamPhotography-80x80.jpg 80w\" sizes=\"auto, (max-width: 150px) 100vw, 150px\" \/><span class=\"TextRun SCXW223863345 BCX0\" lang=\"FR-FR\" xml:lang=\"FR-FR\" data-contrast=\"auto\"><span class=\"NormalTextRun SCXW223863345 BCX0\"><strong><span style=\"font-size: 16px;\">CARSON BECKE<\/span><\/strong><br \/><\/span><\/span><\/p>\n<p style=\"text-align: left;\" data-ccp-border-bottom=\"0px none #000000\" data-ccp-padding-bottom=\"0px\" data-ccp-border-between=\"0px none #000000\" data-ccp-padding-between=\"0px\"><span data-contrast=\"none\">Originaire d\u2019Ottawa, le pianiste canadien Carson Becke s\u2019est produit partout dans le monde. Il a \u00e9tudi\u00e9 \u00e0 la Royal\u00a0Academy\u00a0of Music de Londres, de m\u00eame qu\u2019\u00e0 l\u2019Universit\u00e9 d\u2019Oxford, o\u00f9 il a compl\u00e9t\u00e9 un doctorat en musicologie.\u00a0<\/span><span data-ccp-props=\"{&quot;134245417&quot;:true,&quot;134245418&quot;:false,&quot;134245529&quot;:false,&quot;201341983&quot;:0,&quot;335551550&quot;:1,&quot;335551620&quot;:1,&quot;335557856&quot;:4278190080,&quot;335559685&quot;:0,&quot;335559731&quot;:0,&quot;335559737&quot;:0,&quot;335559738&quot;:160,&quot;335559739&quot;:0,&quot;335559740&quot;:240}\">\u00a0<\/span><\/p>\n<p style=\"text-align: left;\" data-ccp-border-bottom=\"0px none #000000\" data-ccp-padding-bottom=\"0px\" data-ccp-border-between=\"0px none #000000\" data-ccp-padding-between=\"0px\"><span data-contrast=\"none\">Comme musicien de chambre, Carson collabore fr\u00e9quemment avec les sopranos Lavinia Dames et\u00a0Meghan\u00a0Lindsay, avec le pianiste\u00a0Suren\u00a0Barry (avec qui il forme le Duo\u00a0Octavian), de m\u00eame qu\u2019avec la violoncelliste Julia MacLaine.\u00a0Comme compositeur, Carson est souvent inspir\u00e9 par l\u2019environnement qui l\u2019entoure, soit\u00a0les\u00a0Collines de\u00a0la\u00a0Gatineau, au Qu\u00e9bec.\u00a0Son cycle de m\u00e9lodies\u00a0<\/span><i><span data-contrast=\"none\">The Forest<\/span><\/i><span data-contrast=\"none\">, paru en 2025, est\u00a0compos\u00e9 sur des textes\u00a0de\u00a0six po\u00e8tes bas\u00e9s\u00a0pr\u00e8s des Collines de la\u00a0Gatineau, qui ont \u00e9crit sur les arbres de la r\u00e9gion.\u00a0En tant qu\u2019arrangeur,\u00a0Carson\u00a0a effectu\u00e9 des transcriptions d\u2019\u0153uvres de Mendelssohn\u00a0<\/span><i><span data-contrast=\"none\">(Ouverture Les H\u00e9brides,\u00a0<\/span><\/i><span data-contrast=\"none\">pour piano seul)\u00a0Puccini\u00a0<\/span><i><span data-contrast=\"none\">(Fantaisie sur des th\u00e8mes de Tosca<\/span><\/i><span data-contrast=\"none\">, pour piano seul)<\/span><i><span data-contrast=\"none\">,<\/span><\/i><span data-contrast=\"none\">\u00a0Holst\u00a0(<\/span><i><span data-contrast=\"none\">Les Plan\u00e8tes<\/span><\/i><span data-contrast=\"none\">, pour piano quatre mains)\u00a0et Richard Strauss\u00a0(<\/span><i><span data-contrast=\"none\">V<\/span><\/i><i><span data-contrast=\"none\">ier\u00a0Letzte\u00a0Lieder<\/span><\/i><span data-contrast=\"none\">,\u00a0pour piano et voix),\u00a0entre autres.\u00a0<\/span><span data-ccp-props=\"{&quot;134245417&quot;:true,&quot;134245418&quot;:false,&quot;134245529&quot;:false,&quot;201341983&quot;:0,&quot;335551550&quot;:1,&quot;335551620&quot;:1,&quot;335557856&quot;:4278190080,&quot;335559685&quot;:0,&quot;335559731&quot;:0,&quot;335559737&quot;:0,&quot;335559738&quot;:160,&quot;335559739&quot;:0,&quot;335559740&quot;:240}\">\u00a0<\/span><\/p>\n<p style=\"text-align: left;\" data-ccp-border-between=\"0px none #000000\" data-ccp-padding-between=\"0px\"><span data-contrast=\"none\">Carson\u00a0est \u00e9galement le fondateur et directeur des\u00a0<\/span><i><span data-contrast=\"none\">Concerts enchant\u00e9s<\/span><\/i><span data-contrast=\"none\">, une organisation qui pr\u00e9sente des concerts intimes de musique de chambre \u00e0 travers la r\u00e9gion des Collines de la Gatineau. Carson a v\u00e9cu au Royaume-Uni durant 15 ans. En 2019, il est revenu chez lui,\u00a0\u00e0 Ottawa, et\u00a0r\u00e9side\u00a0actuellement<\/span><i><span data-contrast=\"none\">\u00a0<\/span><\/i><span data-contrast=\"none\">\u00e0 Wakefield, au Qu\u00e9bec, avec sa famille.\u00a0En 2024, il a \u00e9t\u00e9 intronis\u00e9 au Chelsea Wall of\u00a0Fame\u00a0pour sa contribution \u00e0 la vie culturelle\u00a0de la r\u00e9gion des Collines de la Gatineau.<\/span><\/p>\n<hr \/>\n<p><img loading=\"lazy\" decoding=\"async\" class=\"wp-image-43695  alignleft\" src=\"\/wp-content\/uploads\/2026\/03\/Jinhee-Park_400x_v1.jpg\" alt=\"\" width=\"150\" height=\"150\" srcset=\"\/wp-content\/uploads\/2026\/03\/Jinhee-Park_400x_v1.jpg 400w, \/wp-content\/uploads\/2026\/03\/Jinhee-Park_400x_v1-80x80.jpg 80w\" sizes=\"auto, (max-width: 150px) 100vw, 150px\" \/><\/p>\n<p style=\"text-align: left;\"><strong><span style=\"font-size: 16px;\">JINHEE PARK<\/span><br \/><\/strong><\/p>\n<p style=\"text-align: left;\"><span data-contrast=\"none\">Jinhee\u00a0Park\u00a0est de retour\u00a0au Concours \u00e0 titre de pianiste officielle apr\u00e8s avoir occup\u00e9 la m\u00eame fonction\u00a0lors du Concours\u00a02023.\u00a0Reconnue pour sa sensibilit\u00e9, sa versatilit\u00e9 et son profond instinct musical, elle est une pianiste-collaboratrice tr\u00e8s sollicit\u00e9e, un r\u00f4le qui lui permet d\u2019\u00e9largir\u00a0encore\u00a0davantage\u00a0son expertise musicale.<\/span><span data-ccp-props=\"{&quot;134233117&quot;:false,&quot;134233118&quot;:false,&quot;335559738&quot;:240,&quot;335559739&quot;:240}\">\u00a0<\/span><\/p>\n<p style=\"text-align: left;\"><span data-contrast=\"none\">Jinhee\u00a0est notamment reconnue sur la sc\u00e8ne internationale pour sa\u00a0collaboration\u00a0\u00e9troite et soutenue avec la soprano<\/span><span data-contrast=\"none\">\u00a0Meredith Wohlgemuth. Ensemble,\u00a0elles\u00a0ont\u00a0remport\u00e9\u00a0les\u00a0premiers\u00a0prix\u00a0de\u00a0la\u00a0Schubert International\u00a0LiedDuo\u00a0Competition \u00e0 Dortmund\u00a0en\u00a02023\u00a0et\u00a0du\u00a0Concours musical international de Montr\u00e9al\u00a0\u2013\u00a0M\u00e9lodie 2022,\u00a0deux concours\u00a0lors\u00a0desquels\u00a0Jinhee a\u00a0\u00e9galement\u00a0remport\u00e9\u00a0le prix\u00a0de\u00a0la\u00a0meilleure\u00a0pianiste. Ses engagements\u00a0r\u00e9cents\u00a0l\u2019ont\u00a0amen\u00e9e\u00a0au Petit Palau \u00e0\u00a0Barcelone, au\u00a0SchubertFest\u00a0de Dortmund, au Schumann-Haus\u00a0de\u00a0Zwickau\u00a0et \u00e0\u00a0Carnegie Hall.<\/span><span data-ccp-props=\"{&quot;134233117&quot;:false,&quot;134233118&quot;:false,&quot;335557856&quot;:16777215,&quot;335559738&quot;:240,&quot;335559739&quot;:240}\">\u00a0<\/span><\/p>\n<p style=\"text-align: left;\"><span data-contrast=\"none\">Comme\u00a0chambriste,\u00a0Jinhee\u00a0a jou\u00e9 dans des salles prestigieuses incluant le Carnegie Hall, le\u00a0Lincoln Center, le\u00a0<\/span><span data-contrast=\"none\">Caramoor Music Festival et la\u00a0s\u00e9rie\u00a0du\u00a0New York Chamber\u00a0Players.\u00a0Elle\u00a0collabore\u00a0fr\u00e9quemment\u00a0avec des artistes de\u00a0renom\u00a0tels\u00a0Stella Chen, Dmytro Udovychenko\u00a0(Grand\u00a0laur\u00e9at\u00a0du Concours 2023), Stephen Kim et Timothy Chooi. De 2018 \u00e0 2024, Jinhee a\u00a0\u00e9galement\u00a0\u00e9t\u00e9\u00a0coach vocal au Chautauqua Institution Opera Conservatory,\u00a0travaillant\u00a0aupr\u00e8s\u00a0de la\u00a0l\u00e9gendaire\u00a0p\u00e9dagogue\u00a0Marlena Malas.<\/span><span data-ccp-props=\"{&quot;134233117&quot;:false,&quot;134233118&quot;:false,&quot;335557856&quot;:16777215,&quot;335559738&quot;:240,&quot;335559739&quot;:240}\">\u00a0<\/span><\/p>\n<p style=\"text-align: left;\"><span data-contrast=\"none\">Jinhee\u00a0a fait ses d\u00e9buts comme cheffe d\u2019orchestre en 2023 avec\u00a0<\/span><i><span data-contrast=\"none\">L\u2019enfant et les sortil\u00e8ges<\/span><\/i><span data-contrast=\"none\">\u00a0de Ravel \u00e0\u00a0<\/span><span data-contrast=\"none\">Chautauqua, et a\u00a0depuis\u00a0\u00e9t\u00e9\u00a0\u00e0 la barre du\u00a0L\u00fcneburg\u00a0Symphoniker, du Saratoga Orchestra\u00a0de\u00a0Whidbey Island,\u00a0de\u00a0l\u2019OAcademy\u00a0Festival Orchestra,\u00a0du\u00a0NOI Festival Orchestra and Ensemble,\u00a0du\u00a0Wintergreen Festival Ensemble\u00a0et du\u00a0Camerata\u00a0Notturna, tout\u00a0en\u00a0continuant de\u00a0s\u2019impliquer\u00a0dans les productions\u00a0lyriques\u00a0de la Manhattan School of Music. Elle a\u00a0compl\u00e9t\u00e9\u00a0le Carlos Miguel Prieto Conducting Fellowship\u00a0en\u00a02025.<\/span><span data-ccp-props=\"{&quot;134233117&quot;:false,&quot;134233118&quot;:false,&quot;335557856&quot;:16777215,&quot;335559738&quot;:240,&quot;335559739&quot;:240}\">\u00a0<\/span><\/p>\n<p style=\"text-align: left;\"><span data-contrast=\"none\">Enseignante d\u00e9vou\u00e9e,\u00a0Jinhee\u00a0fait partie du corps enseignant de la Manhattan\u00a0School\u00a0of Music. De 2019 \u00e0 2024, elle a \u00e9galement travaill\u00e9 au sein du\u00a0<\/span><span data-contrast=\"none\">Perlman Music Program,\u00a0collaborant\u00a0\u00e9troitement\u00a0avec de jeunes\u00a0violoncellistes, et\u00a0travaille\u00a0toujours\u00a0aupr\u00e8s\u00a0de\u00a0violonistes\u00a0de la Juilliard School.<\/span><span data-ccp-props=\"{&quot;134233117&quot;:false,&quot;134233118&quot;:false,&quot;335557856&quot;:16777215,&quot;335559738&quot;:240,&quot;335559739&quot;:240}\">\u00a0<\/span><\/p>\n<p style=\"text-align: left;\"><span data-contrast=\"none\">Jinhee\u00a0a compl\u00e9t\u00e9 son baccalaur\u00e9at en interpr\u00e9tation du piano \u00e0 l\u2019Universit\u00e9 nationale de S\u00e9oul. Elle a par la suite effectu\u00e9 sa ma\u00eetrise en piano collaboratif \u00e0 la\u00a0Juilliard\u00a0School, et\u00a0a ensuite\u00a0obtenu un dipl\u00f4me d\u2019artiste\u00a0\u00e0 la Manhattan\u00a0School\u00a0of Music, o\u00f9 elle a \u00e9tudi\u00e9 aupr\u00e8s de mentors renomm\u00e9s tels\u00a0<\/span><span data-contrast=\"none\">Jonathan Feldman, Warren Jones, Margo Garrett et Lydia Brown. En 2025, elle a compl\u00e9t\u00e9 son doctorat en piano collaboratif \u00e0 la Juilliard School.<\/span><\/p>\n<hr \/>\n<p style=\"text-align: left;\"><span style=\"font-size: 16px;\"><b><img loading=\"lazy\" decoding=\"async\" class=\"wp-image-43697  alignleft\" style=\"text-align: left;\" src=\"\/wp-content\/uploads\/2026\/03\/Benjamin-Smith_400x_v1.jpg\" alt=\"\" width=\"150\" height=\"150\" srcset=\"\/wp-content\/uploads\/2026\/03\/Benjamin-Smith_400x_v1.jpg 400w, \/wp-content\/uploads\/2026\/03\/Benjamin-Smith_400x_v1-80x80.jpg 80w\" sizes=\"auto, (max-width: 150px) 100vw, 150px\" \/>BENJAMIN SMITH<\/b><\/span><span data-ccp-props=\"{&quot;201341983&quot;:0,&quot;335559739&quot;:0,&quot;335559740&quot;:240}\"><br \/><\/span><span data-contrast=\"none\">D\u00e9crit\u00a0comme\u00a0un \u00ab\u00a0interpr\u00e8te\u00a0extr\u00eamement\u00a0passionnant\u00a0\u00bb\u00a0dot\u00e9\u00a0d&rsquo;une\u00a0\u00ab technique brillante \u00bb (<\/span><i><span data-contrast=\"none\">Barrie Examiner<\/span><\/i><span data-contrast=\"none\">), le pianiste Benjamin Smith\u00a0s&rsquo;est\u00a0produit\u00a0partout\u00a0au Canada, aux \u00c9tats-Unis et au\u00a0Mexique. Il a\u00a0\u00e9t\u00e9\u00a0laur\u00e9at\u00a0de\u00a0nombreux\u00a0concours,\u00a0dont\u00a0la\u00a0Virginia Waring International Piano\u00a0Competition\u00a0et la\u00a0CMC\u00a0Stepping\u00a0Stone\u00a0Competition. Il\u00a0s&rsquo;est\u00a0produit\u00a0en\u00a0tant\u00a0que\u00a0soliste avec le\u00a0Stony\u00a0Brook\u00a0Symphony\u00a0Orchestra, le New\u00a0Juilliard\u00a0Ensemble, le Las Vegas Young Artists Orchestra,\u00a0l&rsquo;Ontario\u00a0Philharmonic,\u00a0l&rsquo;Orchestra\u00a0London et le Burlington\u00a0Symphony, avec un\u00a0r\u00e9pertoire\u00a0comprenant\u00a0des\u00a0\u0153uvres\u00a0rares\u00a0telles\u00a0que\u00a0les concertos pour piano de Schoenberg et\u00a0de\u00a0Schnittke. Il a\u00a0particip\u00e9\u00a0\u00e0\u00a0plusieurs\u00a0festivals,\u00a0notamment\u00a0le Toronto Summer Music, le Festival\u00a0del\u00a0Lago (Mexique) et le\u00a0Chamber\u00a0Music at New Park (Ithaca, New York).<\/span><span data-ccp-props=\"{&quot;134233117&quot;:false,&quot;134233118&quot;:false,&quot;335559738&quot;:240,&quot;335559739&quot;:240}\">\u00a0<\/span><\/p>\n<p style=\"text-align: left;\"><span data-contrast=\"none\">Aux \u00c9tats-Unis, il a\u00a0donn\u00e9\u00a0des\u00a0r\u00e9citals\u00a0pour la Texas Chopin Society et la Landowska\u00a0Harpsichord\u00a0Society de Chicago,\u00a0ainsi\u00a0que\u00a0deux concerts\u00a0\u00e0\u00a0Carnegie\u00a0Hall :\u00a0en\u00a0tant\u00a0que\u00a0soliste dans la\u00a0\u00ab\u00a0Rhapsody\u00a0In\u00a0Blue\u00a0\u00bb\u00a0de Gershwin et\u00a0en\u00a0r\u00e9cital\u00a0avec le\u00a0violoncelliste\u00a0Dongkyun\u00a0An. Un\u00a0disque\u00a0avec M. An,\u00a0comprenant\u00a0des\u00a0\u0153uvres\u00a0de Saint-Sa\u00ebns, Schumann et Beethoven, est\u00a0actuellement\u00a0disponible sur les\u00a0plateformes\u00a0de visionnement\u00a0en ligne. En 2025, deux nouveaux albums\u00a0sont\u00a0parus\u00a0sous le label\u00a0Orchid\u00a0Classics,\u00a0l&rsquo;un\u00a0avec le\u00a0violoncelliste\u00a0Daniel\u00a0Hamin\u00a0Go,\u00a0l&rsquo;autre\u00a0avec\u00a0le\u00a0hautbo\u00efste\u00a0Ari\u00a0Cohen Mann.\u00a0<\/span><span data-ccp-props=\"{&quot;134233117&quot;:false,&quot;134233118&quot;:false,&quot;335559738&quot;:240,&quot;335559739&quot;:240}\">\u00a0<\/span><\/p>\n<p style=\"text-align: left;\"><span data-contrast=\"none\">Passionn\u00e9 de musique de chambre, on a pu l&rsquo;entendre \u00e0 l&rsquo;\u00e9chelle nationale sur les ondes de CBC Music, ainsi que sur la BBC au Royaume-Uni. Il a collabor\u00e9 \u00e0 des r\u00e9citals avec\u00a0de nombreux\u00a0artistes de renom, ainsi qu&rsquo;avec des ensembles tels que les quatuors \u00e0 cordes Penderecki, Cecilia et Annex. Pendant deux saisons, il a fait partie du trio avec piano\u00a0Israelievitch-Smith-Ahn, et il joue depuis peu au sein du trio\u00a0Andromeda.\u00a0<\/span><span data-ccp-props=\"{&quot;134233117&quot;:false,&quot;134233118&quot;:false,&quot;335559738&quot;:240,&quot;335559739&quot;:240}\">\u00a0<\/span><\/p>\n<p style=\"text-align: left;\"><span data-contrast=\"none\">Le Dr Smith enseigne \u00e0 la Glenn Gould\u00a0School\u00a0(GGS) et \u00e0 la Taylor\u00a0Young\u00a0Artist\u00a0Academy\u00a0du Conservatoire royal de Toronto. Titulaire d&rsquo;un doctorat en\u00a0interpr\u00e9tation\u00a0de l&rsquo;universit\u00e9\u00a0Stony\u00a0Brook, il est \u00e9galement titulaire d&rsquo;un\u00a0baccalaur\u00e9at\u00a0de l&rsquo;universit\u00e9 de Toronto, d&rsquo;un dipl\u00f4me d&rsquo;artiste de la GGS et d&rsquo;une ma\u00eetrise\u00a0de la\u00a0Juilliard\u00a0School.<\/span><\/p>\n<hr \/>\n<p style=\"text-align: left;\"><b><span data-contrast=\"none\"><img loading=\"lazy\" decoding=\"async\" class=\"alignleft wp-image-43894\" src=\"\/wp-content\/uploads\/2026\/03\/Sharfirov_Alexey_2026_400-scaled.jpg\" alt=\"\" width=\"150\" height=\"150\" srcset=\"\/wp-content\/uploads\/2026\/03\/Sharfirov_Alexey_2026_400-scaled.jpg 2560w, \/wp-content\/uploads\/2026\/03\/Sharfirov_Alexey_2026_400-768x768.jpg 768w, \/wp-content\/uploads\/2026\/03\/Sharfirov_Alexey_2026_400-1536x1536.jpg 1536w, \/wp-content\/uploads\/2026\/03\/Sharfirov_Alexey_2026_400-2048x2048.jpg 2048w, \/wp-content\/uploads\/2026\/03\/Sharfirov_Alexey_2026_400-80x80.jpg 80w\" sizes=\"auto, (max-width: 150px) 100vw, 150px\" \/><span style=\"font-size: 16px;\"><span class=\"TextRun SCXW255054064 BCX8\" lang=\"FR-FR\" xml:lang=\"FR-FR\" data-contrast=\"auto\"><span class=\"NormalTextRun SCXW255054064 BCX8\">ALEXEY SHAFIROV<\/span><\/span><span class=\"EOP SCXW255054064 BCX8\" data-ccp-props=\"{&quot;134233117&quot;:false,&quot;134233118&quot;:false,&quot;201341983&quot;:0,&quot;335551550&quot;:1,&quot;335551620&quot;:1,&quot;335559685&quot;:0,&quot;335559737&quot;:0,&quot;335559738&quot;:0,&quot;335559739&quot;:160,&quot;335559740&quot;:279}\">\u00a0<\/span><\/span><\/span><\/b><span data-ccp-props=\"{&quot;201341983&quot;:0,&quot;335559739&quot;:0,&quot;335559740&quot;:240}\"><br \/><\/span><\/p>\n<p style=\"text-align: left;\">Bas\u00e9 \u00e0 Montr\u00e9al, Alexey Shafirov se produit tant comme soliste qu\u2019en collaboration avec des instrumentistes et des artistes lyriques. Il effectue actuellement un doctorat en interpr\u00e9tation du piano \u00e0 l\u2019Universit\u00e9 McGill sous la direction de Michael McMahon, et s\u2019est produit dans des salles prestigieuses telles que la Maison symphonique et la Salle Pierre-Mercure.<\/p>\n<p style=\"text-align: left;\"><span data-contrast=\"none\">N\u00e9 \u00e0 Oulan-Oude, en Russie, Shafirov a d\u00e9m\u00e9nag\u00e9 en Isra\u00ebl \u00e0 l&rsquo;\u00e2ge de six ans et a commenc\u00e9 \u00e0 \u00e9tudier le piano aupr\u00e8s d\u2019Inna Lerner. Apr\u00e8s cinq ann\u00e9es consacr\u00e9es au d\u00e9veloppement de logiciels, il a repris sa formation musicale comme pianiste classique, compl\u00e9tant des \u00e9tudes de piano \u00e0 l&rsquo;Acad\u00e9mie de musique et de danse de J\u00e9rusalem avant de poursuivre \u00e0 l\u2019Universit\u00e9 McGill.<\/span><span data-ccp-props=\"{&quot;134233117&quot;:false,&quot;134233118&quot;:false,&quot;335557856&quot;:16777215,&quot;335559738&quot;:0,&quot;335559739&quot;:0}\">\u00a0<\/span><span data-ccp-props=\"{&quot;134233117&quot;:false,&quot;134233118&quot;:false,&quot;335557856&quot;:16777215,&quot;335559738&quot;:0,&quot;335559739&quot;:0}\">\u00a0<\/span><\/p>\n<p style=\"text-align: left;\"><span data-contrast=\"none\">Dipl\u00f4m\u00e9 de la r\u00e9sidence UdeM-McGill en piano-art vocal, il a travaill\u00e9 avec des artistes prim\u00e9s en Isra\u00ebl et au Canada, y compris les laur\u00e9ates du Prix d&rsquo;art vocal Wirth Sara Schabas (2023) et Zoe McCormick (2025), ainsi que des finalistes de concours canadiens majeurs (Prix du violon d&rsquo;or, Prix d&rsquo;Europe). Il a particip\u00e9 \u00e0 deux reprises au Franz Schubert Institute en Autriche et s&rsquo;est produit devant certains des plus grands interpr\u00e8tes du lied allemand sur la sc\u00e8ne internationale<\/span><\/p>\n<p style=\"text-align: left;\"><span data-contrast=\"none\">.<\/span><span data-ccp-props=\"{&quot;134233117&quot;:false,&quot;134233118&quot;:false,&quot;335557856&quot;:16777215,&quot;335559738&quot;:0,&quot;335559739&quot;:0}\">\u00a0<\/span><\/p>\n<hr \/>\n<h2 style=\"text-align: left;\"><span style=\"font-size: 14px;\"><span style=\"color: #ff0000;\"><b>Autres pianistes<\/p>\n<p><\/b><\/span><b><\/b><span class=\"TextRun Highlight SCXW138450121 BCX8\" lang=\"FR-FR\" xml:lang=\"FR-FR\" data-contrast=\"auto\"><span class=\"NormalTextRun SCXW138450121 BCX8\">Rohan De Silva<br \/>Umi Garrett*<br \/><\/span><\/span><span class=\"TextRun Highlight SCXW138450121 BCX8\" lang=\"FR-FR\" xml:lang=\"FR-FR\" data-contrast=\"auto\"><span class=\"NormalTextRun SCXW138450121 BCX8\">Aki Maed<br \/>Gaspard Tanguay-Labrosse<\/span><\/span><\/span><\/h2>\n<p style=\"text-align: left;\"><span style=\"font-size: 14px;\"><strong>Ces musiciens accompagnent certains concurrents et concurrentes qui ont choisi de participer au Concours avec leur propre pianiste.<\/strong><\/span><\/p>\n<p style=\"text-align: left;\"><span data-contrast=\"auto\">* <em>R\u00e9cipiendaire du Prix John-Newmark pour le meilleur pianiste-collaborateur, Concours 2023<\/em><\/span><\/p>\n<p>&nbsp;<\/p>\n<p>&nbsp;<\/p>\n<p style=\"text-align: center;\"><span style=\"font-size: 14px;\"><a class=\"maxbutton-185 maxbutton maxbutton-concours-2026-fr\" href=\"https:\/\/concoursmontreal.ca\/fr\/violon-2026\/\"><span class='mb-text'>ACCUEIL - CONCOURS 2026<\/span><\/a> <\/p>\n<p><\/span><\/p>\n<a class=\"maxbutton-141 maxbutton maxbutton-billets-et-forfaits\" href=\"https:\/\/www.concoursmontreal.ca\/fr\/violon-2026\/billetterie\/\"><span class='mb-text'>BILLETS ET FORFAITS<\/span><\/a>\n<p><\/p>\n<p><span style=\"font-size: 14px;\"><a class=\"maxbutton-74 maxbutton maxbutton-donnez-au-concours\" href=\"https:\/\/www.concoursmontreal.ca\/fr\/appuyez\/faire-un-don\/\"><span class='mb-text'>DONNEZ AU CONCOURS<\/span><\/a><\/span><\/p>\n","protected":false},"excerpt":{"rendered":"<p>Pianistes officiels Ces quatre pianistes officiels du Concours sont les pianistes collaborateurs d\u00e9sign\u00e9s pour jouer avec les concurrents et les concurrentes lors de l\u2019\u00e9dition 2026, d\u00e9di\u00e9e cette ann\u00e9e au violon. Ces pianistes s\u2019adaptent avec finesse \u00e0 la vision artistique et \u00e0 l\u2019expressivit\u00e9 des concurrents et concurrentes, afin de soutenir au mieux leur interpr\u00e9tation musicale. Choisis [&hellip;]<\/p>\n","protected":false},"author":1,"featured_media":0,"parent":38329,"menu_order":11,"comment_status":"closed","ping_status":"closed","template":"","meta":{"_acf_changed":false,"footnotes":""},"class_list":["post-37108","page","type-page","status-publish","hentry"],"acf":[],"featured_media_src_url":null,"_links":{"self":[{"href":"https:\/\/www.concoursmontreal.ca\/fr\/wp-json\/wp\/v2\/pages\/37108","targetHints":{"allow":["GET"]}}],"collection":[{"href":"https:\/\/www.concoursmontreal.ca\/fr\/wp-json\/wp\/v2\/pages"}],"about":[{"href":"https:\/\/www.concoursmontreal.ca\/fr\/wp-json\/wp\/v2\/types\/page"}],"author":[{"embeddable":true,"href":"https:\/\/www.concoursmontreal.ca\/fr\/wp-json\/wp\/v2\/users\/1"}],"replies":[{"embeddable":true,"href":"https:\/\/www.concoursmontreal.ca\/fr\/wp-json\/wp\/v2\/comments?post=37108"}],"version-history":[{"count":6,"href":"https:\/\/www.concoursmontreal.ca\/fr\/wp-json\/wp\/v2\/pages\/37108\/revisions"}],"predecessor-version":[{"id":43914,"href":"https:\/\/www.concoursmontreal.ca\/fr\/wp-json\/wp\/v2\/pages\/37108\/revisions\/43914"}],"up":[{"embeddable":true,"href":"https:\/\/www.concoursmontreal.ca\/fr\/wp-json\/wp\/v2\/pages\/38329"}],"wp:attachment":[{"href":"https:\/\/www.concoursmontreal.ca\/fr\/wp-json\/wp\/v2\/media?parent=37108"}],"curies":[{"name":"wp","href":"https:\/\/api.w.org\/{rel}","templated":true}]}}