{"id":38843,"date":"2025-04-06T09:46:39","date_gmt":"2025-04-06T13:46:39","guid":{"rendered":"https:\/\/www.concoursmontreal.ca\/?page_id=38843"},"modified":"2026-03-20T23:25:59","modified_gmt":"2026-03-21T03:25:59","slug":"politiques-officielles","status":"publish","type":"page","link":"https:\/\/www.concoursmontreal.ca\/fr\/politiques-officielles\/","title":{"rendered":"Politiques officielles"},"content":{"rendered":"<h2 style=\"text-align: left;\">Politiques officielles<br \/>Concours musical international de Montr\u00e9al<\/h2>\n<p>&nbsp;<\/p>\n<ul>\n<li><span style=\"font-size: 16px;\"><a href=\"\/wp-content\/uploads\/2025\/11\/Conditions_de_vente_2025.pdf\">Billetterie &#8211; Conditions de vente<\/a>\n<p><\/span><\/li>\n<li><span style=\"font-size: 16px;\"><a href=\"\/wp-content\/uploads\/2025\/04\/Politique_protection-vie-privee-CMIM2025_fr.pdf\" target=\"_blank\" rel=\"noopener\">Politique sur la protection de la vie priv\u00e9e<\/a>\n<p><\/span><\/li>\n<li><span style=\"font-size: 16px;\"><a href=\"\/wp-content\/uploads\/2025\/04\/CMIM_Position-nationalite_concurrents_fr_2025.pdf\" target=\"_blank\" rel=\"noopener\">Position cadre du Concours en regard de la nationalit\u00e9 des concurrents et des concurrentes<\/a>\n<p><\/span><\/li>\n<li><a href=\"\/wp-content\/uploads\/2025\/12\/Concours_Politique_acceptation_dons-FINALE-2025-2.pdf\"><span style=\"font-size: 16px;\">Politique d&rsquo;acceptation et de gestion de dons<\/span><\/a><\/li>\n<\/ul>\n","protected":false},"excerpt":{"rendered":"<p>Politiques officiellesConcours musical international de Montr\u00e9al &nbsp; Billetterie &#8211; Conditions de vente Politique sur la protection de la vie priv\u00e9e Position cadre du Concours en regard de la nationalit\u00e9 des concurrents et des concurrentes Politique d&rsquo;acceptation et de gestion de dons<\/p>\n","protected":false},"author":1,"featured_media":0,"parent":0,"menu_order":0,"comment_status":"closed","ping_status":"closed","template":"","meta":{"_acf_changed":false,"footnotes":""},"class_list":["post-38843","page","type-page","status-publish","hentry"],"acf":[],"featured_media_src_url":null,"_links":{"self":[{"href":"https:\/\/www.concoursmontreal.ca\/fr\/wp-json\/wp\/v2\/pages\/38843","targetHints":{"allow":["GET"]}}],"collection":[{"href":"https:\/\/www.concoursmontreal.ca\/fr\/wp-json\/wp\/v2\/pages"}],"about":[{"href":"https:\/\/www.concoursmontreal.ca\/fr\/wp-json\/wp\/v2\/types\/page"}],"author":[{"embeddable":true,"href":"https:\/\/www.concoursmontreal.ca\/fr\/wp-json\/wp\/v2\/users\/1"}],"replies":[{"embeddable":true,"href":"https:\/\/www.concoursmontreal.ca\/fr\/wp-json\/wp\/v2\/comments?post=38843"}],"version-history":[{"count":6,"href":"https:\/\/www.concoursmontreal.ca\/fr\/wp-json\/wp\/v2\/pages\/38843\/revisions"}],"predecessor-version":[{"id":44199,"href":"https:\/\/www.concoursmontreal.ca\/fr\/wp-json\/wp\/v2\/pages\/38843\/revisions\/44199"}],"wp:attachment":[{"href":"https:\/\/www.concoursmontreal.ca\/fr\/wp-json\/wp\/v2\/media?parent=38843"}],"curies":[{"name":"wp","href":"https:\/\/api.w.org\/{rel}","templated":true}]}}