{"id":40263,"date":"2025-07-08T13:11:23","date_gmt":"2025-07-08T17:11:23","guid":{"rendered":"https:\/\/concoursmontreal.ca\/?page_id=40263"},"modified":"2026-04-02T11:10:35","modified_gmt":"2026-04-02T15:10:35","slug":"programmation","status":"publish","type":"page","link":"https:\/\/www.concoursmontreal.ca\/fr\/violon-2026\/programmation\/","title":{"rendered":"Programmation"},"content":{"rendered":"<h2 style=\"text-align: left;\">Concours 2026 &#8211; PROGRAMMATION<\/h2>\n<p><img loading=\"lazy\" decoding=\"async\" class=\"aligncenter size-full wp-image-40867\" src=\"\/wp-content\/uploads\/2025\/10\/Titre_violon2026.jpg\" alt=\"\" width=\"1200\" height=\"350\" srcset=\"\/wp-content\/uploads\/2025\/10\/Titre_violon2026.jpg 1200w, \/wp-content\/uploads\/2025\/10\/Titre_violon2026-768x224.jpg 768w\" sizes=\"auto, (max-width: 1200px) 100vw, 1200px\" \/><\/p>\n<p style=\"text-align: center;\"><span style=\"color: #ff0000;\"><strong><span style=\"font-size: 22px;\">La virtuosit\u00e9 sans fronti\u00e8res<br \/><\/span><\/strong><\/span><span style=\"font-size: 14px;\"><br \/><strong><span style=\"font-size: 16px;\">De la Premi\u00e8re \u00e9preuve \u00e0 la Grande finale, soyez aux premi\u00e8res loges des diff\u00e9rentes \u00e9tapes de l&rsquo;\u00e9dition Violon 2026 du Concours musical international de Montr\u00e9al.\u00a0<\/span><\/strong><br \/><\/span><span style=\"color: #ff0000;\"><strong><span style=\"font-size: 22px;\"><br \/><\/span><\/strong><\/span><\/p>\n\n<table id=\"tablepress-78\" class=\"tablepress tablepress-id-78\">\n<tbody>\n<tr class=\"row-1\">\n\t<td class=\"column-1\"><CENTER><b>PREMI\u00c8RE \u00c9PREUVE<br \/>\n5 S\u00c9ANCES<\/td>\n<\/tr>\n<tr class=\"row-2\">\n\t<td class=\"column-1\"><CENTER>Dans cette premi\u00e8re \u00e9tape de 30 minutes, les concurrents et les concurrentes tentent de se d\u00e9marquer en pr\u00e9sentant : une \u0153uvre de J. S. Bach, Telemann, ou d\u2019un autre compositeur baroque, une \u0153uvre de virtuosit\u00e9 (Bazzini, Ernst, Paganini, Saint-Sa\u00ebns, Sarasate, Waxman, Wieniawski), et une \u0153uvre au choix d\u2019une troisi\u00e8me p\u00e9riode musicale.<\/td>\n<\/tr>\n<\/tbody>\n<\/table>\n<!-- #tablepress-78 from cache -->\n<p><span style=\"font-size: 14px;\"><strong>Salle Bourgie du Mus\u00e9e des beaux-arts de Montr\u00e9al<\/strong><\/span><br \/><span style=\"font-size: 14px;\">1339, rue Sherbrooke Ouest, Montr\u00e9al (Qu\u00e9bec) H3G 1G2<strong><br \/><\/strong><\/span><\/p>\n<p><span style=\"color: #ff0000; font-size: 14px;\"><strong>Mercredi 27 mai 2026, 13 h 30<\/strong><\/span><br \/><span style=\"font-size: 14px;\">5 concurrents et concurrentes<\/span><\/p>\n<p><span style=\"color: #ff0000; font-size: 14px;\"><strong>Mercredi 27 mai 2026, 19 h 30<\/strong><\/span><br \/><span style=\"font-size: 14px;\">4 concurrents et concurrentes<\/span><\/p>\n<p><span style=\"color: #ff0000; font-size: 14px;\"><strong>Jeudi 28 mai 2026, 13 h 30<\/strong><\/span><br \/><span style=\"font-size: 14px;\">5 concurrents et concurrentes<\/span><\/p>\n<p><span style=\"color: #ff0000; font-size: 14px;\"><strong>Jeudi 28 mai 2026, 19 h 30<\/strong><\/span><br \/><span style=\"font-size: 14px;\">4 concurrents et concurrentes<\/span><\/p>\n<p><span style=\"color: #ff0000; font-size: 14px;\"><strong>Vendredi 29 mai 2026, 13 h 30<\/strong><\/span><br \/><span style=\"font-size: 14px;\">6 concurrents et concurrentes<\/span><br \/><span style=\"color: #ff0000; font-size: 14px;\"><br \/><\/span><span style=\"color: #000000;\"><span style=\"font-size: 14px;\">Annonce des 10 demi-finalistes<\/span><br \/><span style=\"font-size: 14px;\"><span class=\"TextRun SCXW139327715 BCX0\" lang=\"FR-FR\" xml:lang=\"FR-FR\" data-contrast=\"auto\"><span class=\"NormalTextRun CommentHighlightRest SCXW139327715 BCX0\">Prix <\/span><span class=\"NormalTextRun CommentHighlightRest SCXW139327715 BCX0\">Robert Trempe du Jury de la rel\u00e8ve<\/span><\/span><span class=\"EOP CommentHighlightPipeRest SCXW139327715 BCX0\" data-ccp-props=\"{}\">\u00a0<br \/>Prix Baroque<\/span><\/span><\/span><\/p>\n<p><span style=\"font-size: 14px;\"><a class=\"maxbutton-141 maxbutton maxbutton-billets-et-forfaits\" href=\"https:\/\/www.concoursmontreal.ca\/fr\/violon-2026\/billetterie\/\"><span class='mb-text'>BILLETS ET FORFAITS<\/span><\/a> <\/span><span style=\"color: #000000;\"><strong><br \/><\/strong><\/span><\/p>\n<p>&nbsp;<\/p>\n\n<table id=\"tablepress-85\" class=\"tablepress tablepress-id-85\">\n<tbody>\n<tr class=\"row-1\">\n\t<td class=\"column-1\"><CENTER><b>SAMEDI 30 MAI 2026, 13 h 30<br \/>\nMINI VIOLINI<\/b><br \/>\n<br \/>\nPr\u00e9sentateur officiel du Mini Violini<br \/>\n<b>Spinelli<\/b><br \/>\n<\/td>\n<\/tr>\n<tr class=\"row-2\">\n\t<td class=\"column-1\"><CENTER>En marge des \u00e9preuves du Concours, le Mini Violini propose un rendez-vous m\u00e9morable avec des violonistes \u00e9patants \u00e2g\u00e9s de 10 \u00e0 14 ans. Venez \u00e0 la rencontre des quatre jeunes violonistes du Mini Violini 2026 et d\u00e9couvrez ces artistes dou\u00e9s, virtuoses et prodigieux.<\/td>\n<\/tr>\n<\/tbody>\n<\/table>\n<!-- #tablepress-85 from cache -->\n<p><span style=\"font-size: 14px;\"><strong>Salle Bourgie du Mus\u00e9e des beaux-arts de Montr\u00e9al<br \/><\/strong>1339, rue Sherbrooke Ouest, Montr\u00e9al (Qu\u00e9bec) H3G 1G2<\/span><\/p>\n<p><span style=\"font-size: 14px;\"><strong><span style=\"color: #ff0000;\">Les Quatre saisons du Mini Violini<\/span><\/strong><\/span><\/p>\n<p><span style=\"font-size: 14px;\"><a href=\"https:\/\/www.concoursmontreal.ca\/fr\/violon-2026\/mini-violini\/\" target=\"_blank\" rel=\"noopener\">Laura Jin<\/a> (Australie)<br \/><a href=\"https:\/\/www.concoursmontreal.ca\/fr\/violon-2026\/mini-violini\/\" target=\"_blank\" rel=\"noopener\">Sacha Jorba-Wu<\/a> (Canada)<br \/><a href=\"https:\/\/www.concoursmontreal.ca\/fr\/violon-2026\/mini-violini\/\" target=\"_blank\" rel=\"noopener\">Iza Kamnitzer<\/a> (Canada)<br \/><a href=\"https:\/\/www.concoursmontreal.ca\/fr\/violon-2026\/mini-violini\/\" target=\"_blank\" rel=\"noopener\">Ria Kang<\/a> (\u00c9tats-Unis)<\/span><\/p>\n<p><a class=\"maxbutton-190 maxbutton maxbutton-renseignements-mini\" target=\"_blank\" rel=\"noopener\" href=\"https:\/\/www.concoursmontreal.ca\/fr\/violon-2026\/mini-violini\/\"><span class='mb-text'>RENSEIGNEMENTS et BILLETS<\/span><\/a> <span style=\"color: #000000;\"><strong><br \/><\/strong><\/span><\/p>\n<p>&nbsp;<\/p>\n\n<table id=\"tablepress-81\" class=\"tablepress tablepress-id-81\">\n<tbody>\n<tr class=\"row-1\">\n\t<td class=\"column-1\"><CENTER><b>DEMI-FINALE<br \/>\n3 S\u00c9ANCES<\/td>\n<\/tr>\n<tr class=\"row-2\">\n\t<td class=\"column-1\"><CENTER>\u00c0 cette \u00e9tape du Concours, les concurrents et les concurrentes doivent pr\u00e9senter un programme de 50 minutes comprenant une sonate compl\u00e8te (Bart\u00f3k, Beethoven, Brahms, Debussy, Enescu, Faur\u00e9, Franck, Jan\u00e1\u010dek, Prokofiev, Ravel, Schnittke, Schumann, Schubert ou R. Strauss), une \u0153uvre au choix du concurrent de n\u2019importe quel compositeur et une \u0153uvre au choix d\u2019une compositrice ou d\u2019un compositeur canadien. <\/td>\n<\/tr>\n<\/tbody>\n<\/table>\n<!-- #tablepress-81 from cache -->\n<p><span style=\"font-size: 14px;\"><strong>Salle Bourgie du Mus\u00e9e des beaux-arts de Montr\u00e9al<\/strong><\/span><br \/><span style=\"font-size: 14px;\">1339, rue Sherbrooke Ouest, Montr\u00e9al (Qu\u00e9bec) H3G 1G2<\/span><\/p>\n<p><span style=\"color: #ff0000; font-size: 14px;\"><strong>Samedi 30 mai 2026, 19 h 30<\/strong><\/span><br \/><span style=\"font-size: 14px;\">3 concurrents et concurrentes<\/span><\/p>\n<p><span style=\"font-size: 14px;\"><strong><span style=\"color: #ff0000;\">Dimanche 31 mai 2026, 12 h 45<br \/><\/span><\/strong>Entretien pr\u00e9-s\u00e9ance<br \/><\/span><span style=\"font-size: 14px;\">Guylaine Tremblay et Lucie Robert<br \/><\/span><span style=\"font-size: 14px;\">Entr\u00e9e libre<strong><span style=\"color: #ff0000;\"><\/p>\n<p><\/span><\/strong><\/span><span style=\"font-size: 14px;\"><strong><span style=\"color: #ff0000;\">Dimanche 31 mai 2026, 13 h 30<\/span><br \/><\/strong>4 concurrents et concurrentes<\/span><\/p>\n<p><span style=\"font-size: 14px;\"><strong><span style=\"color: #ff0000;\">Dimanche 31 mai 2026, 19 h 30<\/span><br \/><\/strong>3 concurrents et concurrentes<\/span><\/p>\n<p><span style=\"font-size: 14px;\">Annonce des 5 finalistes<\/span><br \/><span style=\"font-size: 14px;\">Prix pour la meilleure interpr\u00e9tation d\u2019une \u0153uvre canadienne\u00a0<\/span><\/p>\n<p><span style=\"font-size: 14px;\"><strong><br \/><\/strong><a class=\"maxbutton-141 maxbutton maxbutton-billets-et-forfaits\" href=\"https:\/\/www.concoursmontreal.ca\/fr\/violon-2026\/billetterie\/\"><span class='mb-text'>BILLETS ET FORFAITS<\/span><\/a><strong><br \/><\/strong><\/span><\/p>\n<p>&nbsp;<\/p>\n<p><span style=\"font-size: 14px;\">\n<table id=\"tablepress-105\" class=\"tablepress tablepress-id-105\">\n<tbody>\n<tr class=\"row-1\">\n\t<td class=\"column-1\"><CENTER><b>DIMANCHE 31 MAI 2026<br \/>\nLE CONCOURS SUR LA ROUTE<\/b><\/td>\n<\/tr>\n<tr class=\"row-2\">\n\t<td class=\"column-1\"><CENTER> Le Concours ouvre de nouvelles perspectives afin d\u2019offrir \u00e0 un plus public plus large la virtuosit\u00e9 sans fronti\u00e8res. En collaboration avec trois partenaires de diffusion, les violonistes non retenus pour la Demi-finale du Concours 2026 auront l\u2019opportunit\u00e9 de se produire devant d\u2019autres auditoires et de pr\u00e9senter les programmes qu\u2019ils avaient initialement pr\u00e9par\u00e9s pour le Concours.<\/td>\n<\/tr>\n<\/tbody>\n<\/table>\n<!-- #tablepress-105 from cache --><\/span><\/p>\n<p><span style=\"font-size: 14px;\">\u2022 <strong>Centre d&rsquo;art de Richmond<\/strong>, Richmond<\/span><br \/><span style=\"font-size: 14px;\">\u2022 <strong>Concerts sur le fleuve<\/strong>, \u00cele des S\u0153urs<\/span><br \/><span style=\"font-size: 14px;\">\u2022 <strong>Le Vaisseau d&rsquo;art<\/strong>, Farnham<\/span><\/p>\n<a class=\"maxbutton-192 maxbutton maxbutton-renseignements-route\" target=\"_blank\" rel=\"noopener\" href=\"https:\/\/www.concoursmontreal.ca\/fr\/violon-2026\/sur-la-route\/\"><span class='mb-text'>RENSEIGNEMENTS et BILLETS<\/span><\/a>\n<p>&nbsp;<\/p>\n<p><span style=\"font-size: 14px;\">\n<table id=\"tablepress-83\" class=\"tablepress tablepress-id-83\">\n<tbody>\n<tr class=\"row-1\">\n\t<td class=\"column-1\"><CENTER><b>FINALE<br \/>\n2 \u00c9PREUVES<\/td>\n<\/tr>\n<tr class=\"row-2\">\n\t<td class=\"column-1\"><CENTER>La finale du Concours 2026 est pr\u00e9sent\u00e9e en deux \u00e9tapes. Elle promet des moments de musique inoubliables o\u00f9 chaque note porte l\u2019espoir d\u2019une victoire. Pour cette \u00e9tape ultime, les 5 finalistes, puis les 3 grands finalistes sont accompagn\u00e9s par l\u2019Orchestre symphonique de Montr\u00e9al \u2013 l\u2019orchestre officiel du Concours \u2013 plac\u00e9 sous la direction du chef invit\u00e9 Sascha Goetzel.<\/td>\n<\/tr>\n<\/tbody>\n<\/table>\n<!-- #tablepress-83 from cache --><\/span><\/p>\n<p><span style=\"font-size: 14px;\"><strong><b>Maison symphonique de Montr\u00e9al<\/b><br \/><\/strong>1600, rue Saint-Urbain, Montr\u00e9al (Qu\u00e9bec) H2X 0S1<\/span><\/p>\n<p><span style=\"font-size: 14px;\"><strong><span style=\"color: #ff0000;\">Mercredi 3 juin 2026, 19 h 30<\/span><br \/>Finale &#8211; \u00c9preuve Mozart<br \/><\/strong>5 finalistes<\/span><\/p>\n<p><span style=\"font-size: 14px;\">Annonce des 3 grands ou grandes finalistes<\/span><\/p>\n<p>&nbsp;<\/p>\n<p><span style=\"font-size: 14px;\"><span style=\"color: #ff0000;\"><strong>Jeudi 4 juin 2026, 19 h 30<\/strong><\/span><br \/><strong>Grande finale<\/strong><br \/>3 grands ou grandes finalistes<\/span><\/p>\n<p><span style=\"color: #ff0000; font-size: 14px;\"><span style=\"font-size: 14px;\"><a class=\"maxbutton-141 maxbutton maxbutton-billets-et-forfaits\" href=\"https:\/\/www.concoursmontreal.ca\/fr\/violon-2026\/billetterie\/\"><span class='mb-text'>BILLETS ET FORFAITS<\/span><\/a><\/span><\/span><\/p>\n<p>&nbsp;<\/p>\n<p><span style=\"color: #ff0000; font-size: 14px;\"><strong>C\u00e9r\u00e9monie de cl\u00f4ture<\/strong><\/span><br \/><span style=\"font-size: 14px;\">Annonce des 3 laur\u00e9ats et laur\u00e9ates 2026\u00a0<br \/>Bourses\u00a0de d\u00e9veloppement de carri\u00e8re Joseph-Rouleau (1<sup>er<\/sup>, 2<sup>e<\/sup>\u00a0et 3<sup>e<\/sup>\u00a0prix)\u00a0<br \/>Prix Andr\u00e9-Bourbeau\u00a0de la meilleure ou du meilleur artiste canadien\u00a0<br \/><\/span><span style=\"font-size: 14px;\">Prix Sonate\u00a0<br \/>Prix Musique de chambre<br \/>Prix Mozart<br \/>Prix de l\u2019OSM\u00a0<br \/>Prix du public ICI Musique\u00a0<br \/>Bourses du Concours aux 2 finalistes non-laur\u00e9ats ou non-laur\u00e9ates\u00a0<\/span><\/p>\n<p>&nbsp;<\/p>\n<p style=\"text-align: center;\"><a class=\"maxbutton-185 maxbutton maxbutton-concours-2026-fr\" href=\"https:\/\/concoursmontreal.ca\/fr\/violon-2026\/\"><span class='mb-text'>ACCUEIL - CONCOURS 2026<\/span><\/a><\/p>\n<p style=\"text-align: center;\"><a class=\"maxbutton-141 maxbutton maxbutton-billets-et-forfaits\" href=\"https:\/\/www.concoursmontreal.ca\/fr\/violon-2026\/billetterie\/\"><span class='mb-text'>BILLETS ET FORFAITS<\/span><\/a><\/p>\n<p style=\"text-align: center;\"><a class=\"maxbutton-74 maxbutton maxbutton-donnez-au-concours\" href=\"https:\/\/www.concoursmontreal.ca\/fr\/appuyez\/faire-un-don\/\"><span class='mb-text'>DONNEZ AU CONCOURS<\/span><\/a><\/p>\n","protected":false},"excerpt":{"rendered":"<p>Concours 2026 &#8211; PROGRAMMATION La virtuosit\u00e9 sans fronti\u00e8resDe la Premi\u00e8re \u00e9preuve \u00e0 la Grande finale, soyez aux premi\u00e8res loges des diff\u00e9rentes \u00e9tapes de l&rsquo;\u00e9dition Violon 2026 du Concours musical international de Montr\u00e9al.\u00a0 Salle Bourgie du Mus\u00e9e des beaux-arts de Montr\u00e9al1339, rue Sherbrooke Ouest, Montr\u00e9al (Qu\u00e9bec) H3G 1G2 Mercredi 27 mai 2026, 13 h 305 concurrents [&hellip;]<\/p>\n","protected":false},"author":1,"featured_media":0,"parent":38329,"menu_order":1,"comment_status":"closed","ping_status":"closed","template":"","meta":{"_acf_changed":false,"footnotes":""},"class_list":["post-40263","page","type-page","status-publish","hentry"],"acf":[],"featured_media_src_url":null,"_links":{"self":[{"href":"https:\/\/www.concoursmontreal.ca\/fr\/wp-json\/wp\/v2\/pages\/40263","targetHints":{"allow":["GET"]}}],"collection":[{"href":"https:\/\/www.concoursmontreal.ca\/fr\/wp-json\/wp\/v2\/pages"}],"about":[{"href":"https:\/\/www.concoursmontreal.ca\/fr\/wp-json\/wp\/v2\/types\/page"}],"author":[{"embeddable":true,"href":"https:\/\/www.concoursmontreal.ca\/fr\/wp-json\/wp\/v2\/users\/1"}],"replies":[{"embeddable":true,"href":"https:\/\/www.concoursmontreal.ca\/fr\/wp-json\/wp\/v2\/comments?post=40263"}],"version-history":[{"count":6,"href":"https:\/\/www.concoursmontreal.ca\/fr\/wp-json\/wp\/v2\/pages\/40263\/revisions"}],"predecessor-version":[{"id":44351,"href":"https:\/\/www.concoursmontreal.ca\/fr\/wp-json\/wp\/v2\/pages\/40263\/revisions\/44351"}],"up":[{"embeddable":true,"href":"https:\/\/www.concoursmontreal.ca\/fr\/wp-json\/wp\/v2\/pages\/38329"}],"wp:attachment":[{"href":"https:\/\/www.concoursmontreal.ca\/fr\/wp-json\/wp\/v2\/media?parent=40263"}],"curies":[{"name":"wp","href":"https:\/\/api.w.org\/{rel}","templated":true}]}}