{"id":44304,"date":"2026-03-27T11:40:16","date_gmt":"2026-03-27T15:40:16","guid":{"rendered":"https:\/\/concoursmontreal.ca\/?page_id=44304"},"modified":"2026-03-27T12:44:23","modified_gmt":"2026-03-27T16:44:23","slug":"piano-2027","status":"publish","type":"page","link":"https:\/\/www.concoursmontreal.ca\/fr\/piano-2027\/","title":{"rendered":"Piano 2027"},"content":{"rendered":"<h2 style=\"text-align: left;\">Concours 2027 &#8211; PIANO<\/h2>\n<p style=\"text-align: right;\"><img loading=\"lazy\" decoding=\"async\" class=\"aligncenter wp-image-44263 size-full\" src=\"\/wp-content\/uploads\/2026\/03\/Titre_Piano2027.jpg\" alt=\"\" width=\"1200\" height=\"350\" srcset=\"\/wp-content\/uploads\/2026\/03\/Titre_Piano2027.jpg 1200w, \/wp-content\/uploads\/2026\/03\/Titre_Piano2027-768x224.jpg 768w\" sizes=\"auto, (max-width: 1200px) 100vw, 1200px\" \/>Jaeden Izik-Dzurko, Grand laur\u00e9at &#8211; Concours 2024<\/p>\n<p style=\"text-align: left;\"><span style=\"font-size: 16px;\"><strong>Montr\u00e9al au diapason du piano en 2027 !<\/strong><\/span><\/p>\n<p style=\"text-align: left;\"><span style=\"font-size: 12px;\">Les meilleurs jeunes pianistes au niveau mondial se donnent rendez-vous \u00e0 Montr\u00e9al du <strong>24 avril au 5 mai 2027<\/strong> pour un Concours enlevant.<\/span><\/p>\n<p style=\"text-align: left;\"><span style=\"font-size: 12px;\">Le grand jury international 2027 sera pr\u00e9sid\u00e9 par la pianiste canadienne r\u00e9put\u00e9e mondialement <strong>Angela Cheng<\/strong>\u202f:\u00a0<\/span><\/p>\n<p style=\"text-align: left;\"><span style=\"font-size: 12px;\"><em>\u00ab Je suis honor\u00e9e et ravie d\u2019assumer le r\u00f4le de pr\u00e9sidente du jury de l\u2019\u00e9dition piano du Concours musical international de Montr\u00e9al \u00e0 partir de 2027. C\u2019est \u00e0 Montr\u00e9al que ma carri\u00e8re a d\u00e9but\u00e9, et cette ville occupera toujours une place particuli\u00e8re dans mon c\u0153ur. Le Concours, avec ses crit\u00e8res rigoureux, est l\u2019un des tremplins les plus importants pour les jeunes artistes d\u2019exception sur la sc\u00e8ne internationale. Je me r\u00e9jouis de revenir dans cette ville en 2027 pour d\u00e9couvrir la nouvelle g\u00e9n\u00e9ration de grands pianistes, aux c\u00f4t\u00e9s de mes \u00e9minents coll\u00e8gues. \u00bb\u00a0\u00a0<\/em><\/span><\/p>\n<p style=\"text-align: left;\"><span style=\"font-size: 12px;\">Des prix et bourses d\u2019une valeur de plus de 150 000 $ seront attribu\u00e9s lors de la 25<sup>e<\/sup> \u00e9dition du Concours musical international de Montr\u00e9al.<\/span><\/p>\n<p style=\"text-align: left;\">\u00a0<\/p>\n<h2 style=\"text-align: center;\"><span style=\"font-size: 18px;\">PR\u00c9SIDENTE DU JURY<\/span><\/h2>\n<p style=\"text-align: center;\"><img loading=\"lazy\" decoding=\"async\" class=\"aligncenter wp-image-44279 size-full\" src=\"\/wp-content\/uploads\/2026\/03\/2027-Piano_Jury_Angela-Cheng_400x.jpg\" alt=\"\" width=\"400\" height=\"400\" srcset=\"\/wp-content\/uploads\/2026\/03\/2027-Piano_Jury_Angela-Cheng_400x.jpg 400w, \/wp-content\/uploads\/2026\/03\/2027-Piano_Jury_Angela-Cheng_400x-80x80.jpg 80w\" sizes=\"auto, (max-width: 400px) 100vw, 400px\" \/><\/p>\n<p style=\"text-align: center;\"><span style=\"font-size: 18px;\"><span style=\"font-size: 16px;\"><b>Angela Cheng<br \/><\/b><\/span><span style=\"font-size: 14px;\">Pr\u00e9sidente du Jury &#8211; <\/span><\/span><span style=\"font-size: 14px;\">Piano 2027\u00a0<\/span><\/p>\n<p style=\"text-align: left;\"><span style=\"font-size: 12px;\">La pianiste canadienne Angela Cheng est lou\u00e9e pour sa brillante technique\u00a0et pour la beaut\u00e9 de son timbre,\u00a0ainsi\u00a0que pour sa sensibilit\u00e9 musicale exceptionnelle.\u00a0En plus de ses nombreuses apparitions r\u00e9guli\u00e8res aux c\u00f4t\u00e9s de tous les orchestres majeurs du Canada, elle s\u2019est produite avec des orchestres symphoniques partout aux \u00c9tats-Unis, de m\u00eame qu\u2019\u00e0 Londres, en Isra\u00ebl et au Br\u00e9sil.\u00a0<\/span><\/p>\n<p style=\"text-align: left;\"><span style=\"font-size: 12px;\">Angela Cheng a jou\u00e9 dans plusieurs salles parmi les plus prestigieuses au monde, incluant Carnegie Hall\u00a0\u00e0 New York,\u00a0Wigmore\u00a0Hall\u00a0\u00e0 Londres, le\u00a0Musikverein\u00a0\u00e0 Vienne, le\u00a0Concertgebouw\u00a0d\u2019Amsterdam, le Teatro Col\u00f3n de Buenos Aires, la salle de concert\u00a0Mariinski\u00a0\u00e0 Saint-P\u00e9tersbourg\u00a0et\u00a0l\u2019op\u00e9ra\u00a0de Sydney. Parmi les festivals\u00a0auxquels\u00a0elle\u00a0a\u00a0particip\u00e9, on compte\u00a0ceux\u00a0de\u00a0Verbier,\u00a0Edimbourg, Miyazaki et le George Enescu Festival\u00a0en\u00a0Roumanie.\u00a0Cheng se\u00a0produit\u00a0\u00e9galement\u00a0r\u00e9guli\u00e8rement\u00a0en\u00a0r\u00e9cial\u00a0en\u00a0Am\u00e9rique du Nord. On a\u00a0notamment\u00a0pu\u00a0l\u2019entendre\u00a0\u00e0 Banff, Chautauqua,\u00a0au\u00a0Colorado\u00a0Music Festival\u00a0et\u00a0au\u00a0Great Lakes Chamber Music\u00a0Festival, de\u00a0m\u00eame\u00a0qu\u2019\u00e0\u00a0Vancouver, Toronto et au Festival international de\u00a0Lanaudi\u00e8re.\u00a0<\/span><\/p>\n<p style=\"text-align: left;\"><span style=\"font-size: 12px;\">Chambriste des plus actives, Angela Cheng a \u00e9t\u00e9 membre du\u00a0Zukerman\u00a0Trio and\u00a0Chamber\u00a0Players\u00a0durant\u00a0pr\u00e8s d\u2019une d\u00e9cennie,\u00a0participant \u00e9galement \u00e0 de nombreuses tourn\u00e9es nationales et internationales aux c\u00f4t\u00e9s de\u00a0Pinchas Zukerman \u00e0\u00a0titre\u00a0de pianiste-collaboratrice. Elle se\u00a0produit\u00a0\u00e9galement\u00a0avec\u00a0son\u00a0mari, le pianiste Alvin Chow, aux\u00a0c\u00f4t\u00e9s\u00a0de\u00a0plusieurs\u00a0ensembles et soci\u00e9t\u00e9s de musique de chambre,\u00a0notamment\u00a0les\u00a0quatuors\u00a0Tak\u00e1cs, Colorado et Vogler.\u00a0<\/span><\/p>\n<p style=\"text-align: left;\"><span style=\"font-size: 12px;\">Angela Cheng a donn\u00e9 des classes de ma\u00eetre au Royal\u00a0Conservatory\u00a0of Music de Toronto, \u00e0\u00a0l\u2019Academy\u00a0for the\u00a0Performing\u00a0Arts d\u2019Hong\u00a0Kong, \u00e0 l\u2019Universit\u00e9 Taichung de Ta\u00efwan, \u00e0 l\u2019Indiana\u00a0University,\u00a0de m\u00eame qu\u2019au Music Institute de Chicago, pour n\u2019en nommer que quelques-uns.\u00a0Elle a si\u00e9g\u00e9 sur le jury de plusieurs concours, notamment la\u00a0Cliburn\u00a0International Junior Piano\u00a0Competition, la Dallas International Piano\u00a0Competition, la\u00a0Honens\u00a0International Piano\u00a0Competition\u00a0et la Gina\u00a0Bachauer\u00a0International Piano\u00a0Competition.\u00a0\u00a0<\/span><\/p>\n<p style=\"text-align: left;\"><span style=\"font-size: 12px;\">En 1988, Angela\u00a0Cheng a \u00e9t\u00e9 la premi\u00e8re Canadienne \u00e0 remporter le Concours international de musique de Montr\u00e9al, un ancien concours qui a exist\u00e9\u00a0\u00e0 Montr\u00e9al\u00a0de 1965 \u00e0 1991.\u00a0Parmi les autres prix qu\u2019elle a remport\u00e9s,\u00a0mentionnons\u00a0le troisi\u00e8me prix de la Arthur Rubinstein International Piano Master\u00a0Competition\u00a0ainsi que\u00a0la m\u00e9daille d\u2019excellence pour\u00a0de remarquables interpr\u00e9tations de Mozart offerte par\u00a0le\u00a0Mozarteum\u00a0\u00e0 Salzbourg,\u00a0en Autriche.\u00a0<\/span><\/p>\n<p style=\"text-align: left;\"><span style=\"font-size: 12px;\">N\u00e9e \u00e0 Hong Kong, Angela Cheng a \u00e9tudi\u00e9 aupr\u00e8s de Menahem\u00a0Pressler\u00a0\u00e0 l\u2019Indiana\u00a0University\u00a0de m\u00eame qu\u2019avec\u00a0Sascha\u00a0Gorodnitzki\u00a0\u00e0 la\u00a0Juilliard\u00a0School. Elle\u00a0est actuellement professeure au\u00a0Oberlin\u00a0Conservatory\u00a0of Music, o\u00f9 elle a d\u2019ailleurs \u00e9t\u00e9 r\u00e9cipiendaire\u00a0du Prix d&rsquo;excellence en enseignement.\u00a0<\/span><\/p>\n","protected":false},"excerpt":{"rendered":"<p>Concours 2027 &#8211; PIANO Jaeden Izik-Dzurko, Grand laur\u00e9at &#8211; Concours 2024 Montr\u00e9al au diapason du piano en 2027 ! Les meilleurs jeunes pianistes au niveau mondial se donnent rendez-vous \u00e0 Montr\u00e9al du 24 avril au 5 mai 2027 pour un Concours enlevant. Le grand jury international 2027 sera pr\u00e9sid\u00e9 par la pianiste canadienne r\u00e9put\u00e9e mondialement [&hellip;]<\/p>\n","protected":false},"author":1,"featured_media":0,"parent":0,"menu_order":0,"comment_status":"closed","ping_status":"closed","template":"","meta":{"_acf_changed":false,"footnotes":""},"class_list":["post-44304","page","type-page","status-publish","hentry"],"acf":[],"featured_media_src_url":null,"_links":{"self":[{"href":"https:\/\/www.concoursmontreal.ca\/fr\/wp-json\/wp\/v2\/pages\/44304","targetHints":{"allow":["GET"]}}],"collection":[{"href":"https:\/\/www.concoursmontreal.ca\/fr\/wp-json\/wp\/v2\/pages"}],"about":[{"href":"https:\/\/www.concoursmontreal.ca\/fr\/wp-json\/wp\/v2\/types\/page"}],"author":[{"embeddable":true,"href":"https:\/\/www.concoursmontreal.ca\/fr\/wp-json\/wp\/v2\/users\/1"}],"replies":[{"embeddable":true,"href":"https:\/\/www.concoursmontreal.ca\/fr\/wp-json\/wp\/v2\/comments?post=44304"}],"version-history":[{"count":5,"href":"https:\/\/www.concoursmontreal.ca\/fr\/wp-json\/wp\/v2\/pages\/44304\/revisions"}],"predecessor-version":[{"id":44317,"href":"https:\/\/www.concoursmontreal.ca\/fr\/wp-json\/wp\/v2\/pages\/44304\/revisions\/44317"}],"wp:attachment":[{"href":"https:\/\/www.concoursmontreal.ca\/fr\/wp-json\/wp\/v2\/media?parent=44304"}],"curies":[{"name":"wp","href":"https:\/\/api.w.org\/{rel}","templated":true}]}}