{"id":4562,"date":"2016-08-09T16:34:56","date_gmt":"2016-08-09T16:34:56","guid":{"rendered":"https:\/\/concoursmontreal.ca\/fr\/?page_id=4562"},"modified":"2024-08-20T10:53:01","modified_gmt":"2024-08-20T14:53:01","slug":"violon-2016","status":"publish","type":"page","link":"https:\/\/www.concoursmontreal.ca\/fr\/archives\/editions-passees\/violon-2016\/","title":{"rendered":"Violon 2016"},"content":{"rendered":"<h2 style=\"text-align: left;\">Violon 2016<\/h2>\n<p><img loading=\"lazy\" decoding=\"async\" class=\"alignleft size-full wp-image-15112\" src=\"\/wp-content\/uploads\/2020\/10\/Titre_violon-2016_fr.jpg\" alt=\"\" width=\"1200\" height=\"350\" srcset=\"\/wp-content\/uploads\/2020\/10\/Titre_violon-2016_fr.jpg 1200w, \/wp-content\/uploads\/2020\/10\/Titre_violon-2016_fr-768x224.jpg 768w\" sizes=\"auto, (max-width: 1200px) 100vw, 1200px\" \/><\/p>\n<p style=\"text-align: right;\"><a class=\"maxbutton-40 maxbutton maxbutton-editions-passees\" href=\"https:\/\/www.concoursmontreal.ca\/fr\/archives\/editions-passees\/\"><span class='mb-text'>\u00c9ditions pass\u00e9es<\/span><\/a><\/p>\n<p>&nbsp;<\/p>\n<h2 style=\"text-align: left;\">Laur\u00e9ats<\/h2>\n<div class=\"columns-col c0\">\n<div class=\"columns-wrap\"><img loading=\"lazy\" decoding=\"async\" class=\"wp-image-4533  alignleft\" src=\"\/wp-content\/uploads\/2015\/02\/CMIM-Gala-109-e1470758728456.jpg\" alt=\"\" width=\"300\" height=\"287\" \/><\/div>\n<\/div>\n<div class=\"columns-col c1\">\n<div class=\"columns-wrap\">\n<p style=\"text-align: left;\"><span style=\"font-size: 20.014310836792px; text-transform: uppercase;\"><b>ayana tsuji<\/b><\/span><br \/>Japon<\/p>\n<p style=\"text-align: left;\"><strong>Premier prix <br \/><\/strong>30 000 $<br \/>Offert par la Ville de Montr\u00e9al<\/p>\n<p style=\"text-align: left;\"><strong>Prix Andr\u00e9-Bachand<\/strong> <strong>pour la meilleure interpr\u00e9tation de l\u2019\u0153uvre canadienne<\/strong>\u00a0<strong>impos\u00e9e<\/strong>:\u00a0<br \/>4 000 $<br \/>Offert par Jean-Claude et Raymond Bachand<\/p>\n<p style=\"text-align: left;\"><strong>Prix pour le meilleur r\u00e9cital de demi<\/strong><strong>\u2010<\/strong><strong>finale\u00a0: <br \/><\/strong>2 500 $<br \/>Offert par Wilder &amp; Davis<\/p>\n<p style=\"text-align: left;\"><strong>Prix pour la meilleure interpr\u00e9tation d\u2019une sonate en demi-finale<\/strong>\u00a0<br \/>2 000 $<br \/>Offert par Tourisme Montr\u00e9al<\/p>\n<p style=\"text-align: left;\"><strong>Prix Bach pour la meilleure interpr\u00e9tation d\u2019une \u0153uvre de J.-S. Bach en quart de finale<\/strong>\u00a0\u00a0<br \/>1\u00a0000 $<br \/>Offert par le Festival Bach de Montr\u00e9al<\/p>\n<p style=\"text-align: left;\"><strong>Prix Paganini pour la meilleure interpr\u00e9tation d\u2019un Caprice de Paganini en quart de finale<\/strong> <br \/>1 000 $<br \/>Offert par E. No\u00ebl Spinelli, C.M., C.Q.<\/p>\n<p>&nbsp;<\/p>\n<\/div>\n<\/div>\n<div class=\"clearfix\"><!--CLEARFIX --><\/div>\n<div class=\"columns cols14-34\">\n<div class=\"columns-col c0\">\n<div class=\"columns-wrap\"><img loading=\"lazy\" decoding=\"async\" class=\"alignnone wp-image-4551 \" src=\"\/wp-content\/uploads\/2016\/08\/CMIM-Gala-66-e1470759224960.jpg\" alt=\"\" width=\"1120\" height=\"1177\" \/><\/div>\n<\/div>\n<div class=\"columns-col c1\">\n<div class=\"columns-wrap\">\n<p><strong style=\"font-style: normal;\"><strong class=\"h2\">bomsori kim\u00a0<\/strong><br \/><\/strong>Cor\u00e9e du Sud<\/p>\n<p><strong>Deuxi\u00e8me prix<\/strong><br \/>15 000 $<br \/>Offert par\u00a0Canimex<\/p>\n<p><strong>Prix du public Radio-Canada<\/strong><br \/>5 000 $<\/p>\n<\/div>\n<\/div>\n<div class=\"clearfix\"><!--CLEARFIX --><\/div>\n<\/div>\n<div class=\"columns cols14-34\">\n<div class=\"columns-col c0\">\n<div class=\"columns-wrap\"><img loading=\"lazy\" decoding=\"async\" class=\"alignnone wp-image-4552 size-full\" src=\"\/wp-content\/uploads\/2016\/08\/CMIM-25-e1470759304722.jpg\" alt=\"\" width=\"913\" height=\"963\" \/><\/div>\n<\/div>\n<div class=\"columns-col c1\"><strong class=\"h2\">minami yoshida<br \/><\/strong>Japan<\/div>\n<div class=\"columns-col c1\">\n<p><strong><br \/>Troisi\u00e8me prix<br \/><\/strong>10 000 $<br \/>Offert par\u00a0Stingray<\/p>\n<\/div>\n<\/div>\n<div class=\"columns cols14-34\">\n<div class=\"clearfix\"><!--CLEARFIX --><\/div>\n<\/div>\n<div class=\"columns cols14-34\">\n<div class=\"columns-col c0\">\n<div class=\"columns-wrap\"><img loading=\"lazy\" decoding=\"async\" class=\"alignnone wp-image-4554 size-full\" src=\"\/wp-content\/uploads\/2016\/08\/CMIM-Finals-93-e1470759610146.jpg\" alt=\"\" width=\"953\" height=\"934\" \/><\/div>\n<\/div>\n<div class=\"columns-col c1\"><strong class=\"h2\">petteri iivonen<br \/><\/strong>Finlande<\/div>\n<div class=\"columns-col c1\">\u00a0<\/div>\n<div class=\"columns-col c1\">\n<p>&nbsp;<\/p>\n<p><strong>Bourse CMIM\u00a0<br \/><\/strong>Attribu\u00e9e aux trois\u00a0finalistes non class\u00e9s<br \/>2 000 $<br \/>Offerte par Maurice Deschamps<\/p>\n<\/div>\n<div class=\"clearfix\"><!--CLEARFIX --><\/div>\n<\/div>\n<div class=\"columns cols14-34\">\n<div class=\"columns-col c0\">\n<div class=\"columns-wrap\">\u00a0<\/div>\n<\/div>\n<div class=\"clearfix\"><!--CLEARFIX --><\/div>\n<\/div>\n<div class=\"columns cols14-34\">\n<div class=\"columns-col c0\">\n<div class=\"columns-wrap\"><img loading=\"lazy\" decoding=\"async\" class=\"alignnone wp-image-4553 size-full\" src=\"\/wp-content\/uploads\/2016\/08\/CMIMFinals-30-e1470759485286.jpg\" alt=\"\" width=\"996\" height=\"984\" \/><\/div>\n<\/div>\n<div class=\"columns-col c1\"><strong class=\"h2\"><strong>fedor rudin\u00a0<br \/><\/strong><\/strong>France &#8211; Russie<\/div>\n<div class=\"columns-col c1\">\n<p><strong><br \/>Bourse du CMIM<br \/><\/strong>Attribu\u00e9e aux trois\u00a0finalistes non class\u00e9s<br \/>2 000 $<br \/>Offerte par Joseph Rouleau<strong><br \/><\/strong><\/p>\n<\/div>\n<\/div>\n<div class=\"columns cols14-34\">\n<div class=\"clearfix\"><!--CLEARFIX --><\/div>\n<\/div>\n<div class=\"clearfix\"><!--CLEARFIX --><\/div>\n<div class=\"columns cols14-34\">\n<div class=\"columns-col c0\">\n<div class=\"columns-wrap\"><img loading=\"lazy\" decoding=\"async\" class=\"alignnone wp-image-4555 size-full\" src=\"\/wp-content\/uploads\/2016\/08\/CMIMFinals-15-e1470759794684.jpg\" alt=\"\" width=\"1196\" height=\"1267\" \/>Photos :\u00a0Tam Lan Truong<\/div>\n<\/div>\n<div class=\"columns-col c1\"><strong class=\"h2\"><strong>ji won song<br \/><\/strong><\/strong>Cor\u00e9e du Sud<\/div>\n<div class=\"columns-col c1\">\n<p><strong><br \/>Bourse CMIM\u00a0<br \/><\/strong>Attribu\u00e9e aux trois\u00a0finalistes non class\u00e9s<br \/>2 000 $<br \/>Offerte par\u00a0Peter Symcox<\/p>\n<\/div>\n<div class=\"clearfix\"><!--CLEARFIX --><\/div>\n<\/div>\n<hr \/>\n<div style=\"text-align: left;\">\n<h2 class=\"h1\">Jury<\/h2>\n<p class=\"h2\">pierre amoyal (france)<br \/>Boris brott\u00a0(Canada)<br \/>Boris garlitsky (russiE &#8211; france)<br \/>ida kavafian\u00a0(Arm\u00e9niE &#8211; \u00e9tats-unis)<br \/>mihaela martin\u00a0(roumanie)<br \/>vera tsu wei ling\u00a0(chine)<br \/>kathleen winkler\u00a0(\u00c9TATS-UNIS) <\/p>\n<p class=\"h2\"><img loading=\"lazy\" decoding=\"async\" class=\"alignnone wp-image-4556 size-full\" src=\"\/wp-content\/uploads\/2016\/08\/CMIM-Finals-58-e1470760002934.jpg\" alt=\"\" width=\"800\" height=\"534\" \/><a href=\"\/wp-content\/uploads\/2015\/06\/CMIM2015jury-2-e1448481940895.jpg\"><br \/><\/a><span style=\"font-size: 12px;\">Photo: Tam Lan Truong<\/span><\/p>\n<h2 class=\"h1\">Orchestre<\/h2>\n<p><img loading=\"lazy\" decoding=\"async\" class=\"alignnone size-full wp-image-4576\" src=\"\/wp-content\/uploads\/2016\/08\/CMIM-Finals-83-e1470775704919.jpg\" alt=\"CMIM (Finals)-83\" width=\"800\" height=\"476\" \/><\/p>\n<p>Orchestre symphonique de Montr\u00e9al<\/p>\n<h2 class=\"h1\">Chef d&rsquo;orchestre<\/h2>\n<p>Giancarlo Guerrero<\/p>\n<p><img loading=\"lazy\" decoding=\"async\" class=\"alignnone wp-image-4557 size-full\" src=\"\/wp-content\/uploads\/2016\/08\/CMIM-Gala-55-e1470760203922.jpg\" alt=\"\" width=\"600\" height=\"401\" \/><\/p>\n<p>Photo: Tam Lan Truong<\/p>\n<\/div>\n","protected":false},"excerpt":{"rendered":"<p>Violon 2016 &nbsp; Laur\u00e9ats ayana tsujiJapon Premier prix 30 000 $Offert par la Ville de Montr\u00e9al Prix Andr\u00e9-Bachand pour la meilleure interpr\u00e9tation de l\u2019\u0153uvre canadienne\u00a0impos\u00e9e:\u00a04 000 $Offert par Jean-Claude et Raymond Bachand Prix pour le meilleur r\u00e9cital de demi\u2010finale\u00a0: 2 500 $Offert par Wilder &amp; Davis Prix pour la meilleure interpr\u00e9tation d\u2019une sonate en demi-finale\u00a02 [&hellip;]<\/p>\n","protected":false},"author":1,"featured_media":0,"parent":92,"menu_order":9,"comment_status":"closed","ping_status":"closed","template":"tpl-competition.php","meta":{"_acf_changed":false,"footnotes":""},"class_list":["post-4562","page","type-page","status-publish","hentry"],"acf":[],"featured_media_src_url":null,"_links":{"self":[{"href":"https:\/\/www.concoursmontreal.ca\/fr\/wp-json\/wp\/v2\/pages\/4562","targetHints":{"allow":["GET"]}}],"collection":[{"href":"https:\/\/www.concoursmontreal.ca\/fr\/wp-json\/wp\/v2\/pages"}],"about":[{"href":"https:\/\/www.concoursmontreal.ca\/fr\/wp-json\/wp\/v2\/types\/page"}],"author":[{"embeddable":true,"href":"https:\/\/www.concoursmontreal.ca\/fr\/wp-json\/wp\/v2\/users\/1"}],"replies":[{"embeddable":true,"href":"https:\/\/www.concoursmontreal.ca\/fr\/wp-json\/wp\/v2\/comments?post=4562"}],"version-history":[{"count":5,"href":"https:\/\/www.concoursmontreal.ca\/fr\/wp-json\/wp\/v2\/pages\/4562\/revisions"}],"predecessor-version":[{"id":35358,"href":"https:\/\/www.concoursmontreal.ca\/fr\/wp-json\/wp\/v2\/pages\/4562\/revisions\/35358"}],"up":[{"embeddable":true,"href":"https:\/\/www.concoursmontreal.ca\/fr\/wp-json\/wp\/v2\/pages\/92"}],"wp:attachment":[{"href":"https:\/\/www.concoursmontreal.ca\/fr\/wp-json\/wp\/v2\/media?parent=4562"}],"curies":[{"name":"wp","href":"https:\/\/api.w.org\/{rel}","templated":true}]}}