{"id":5327,"date":"2017-03-12T23:45:41","date_gmt":"2017-03-12T23:45:41","guid":{"rendered":"http:\/\/cmim.sequencedigitale.com\/fr\/?page_id=5327"},"modified":"2022-02-12T13:38:31","modified_gmt":"2022-02-12T13:38:31","slug":"hebergez-un-musicien","status":"publish","type":"page","link":"https:\/\/www.concoursmontreal.ca\/fr\/appuyez\/hebergez-un-musicien\/","title":{"rendered":"H\u00e9bergez un musicien"},"content":{"rendered":"<p><img loading=\"lazy\" decoding=\"async\" class=\"alignnone wp-image-5323\" src=\"\/wp-content\/uploads\/2015\/02\/CMIM150605par-50-CROP.jpg\" alt=\"CMIM150605par-50-CROP\" width=\"372\" height=\"250\" \/><\/p>\n<p>Le Concours musical international de Montr\u00e9al vous offre l\u2019occasion d\u2019\u00eatre aux premi\u00e8res loges en h\u00e9bergeant un des violonistes qui participera au concours du\u00a026 mai au 6 juin prochains. Ces jeunes musiciens viennent de partout dans le monde; en les h\u00e9bergeant vous vivrez une exp\u00e9rience d\u2019accueil unique et enrichissante.<\/p>\n<p>Vous pouvez trouver toutes les informations relatives en cliquant sur les liens ci-dessous. N&rsquo;h\u00e9sitez surtout pas \u00e0 nous contacter pour de plus amples renseignements.<\/p>\n<p><a href=\"\/wp-content\/uploads\/2018\/10\/Responsabilit\u00e9s-et-avantages-Familles-daccueil_2019.pdf\">Information Familles d\u2019accueil 2019<\/a><\/p>\n<p><a href=\"\/wp-content\/uploads\/2018\/10\/Questionnaire-Familles-daccueil_2019.pdf\">Questionnaire Familles d\u2019accueil 2019<\/a><\/p>\n<p>Renseignements :<br \/>Scott Tresham<br \/><a href=\"mailto:dbarghout@concoursmontreal.ca\">stresham@concoursmontreal.ca<\/a><br \/>514 845-4108, poste 235<\/p>\n<h2>\u00a0<\/h2>\n","protected":false},"excerpt":{"rendered":"<p>Le Concours musical international de Montr\u00e9al vous offre l\u2019occasion d\u2019\u00eatre aux premi\u00e8res loges en h\u00e9bergeant un des violonistes qui participera au concours du\u00a026 mai au 6 juin prochains. Ces jeunes musiciens viennent de partout dans le monde; en les h\u00e9bergeant vous vivrez une exp\u00e9rience d\u2019accueil unique et enrichissante. Vous pouvez trouver toutes les informations relatives [&hellip;]<\/p>\n","protected":false},"author":1,"featured_media":0,"parent":14,"menu_order":9,"comment_status":"closed","ping_status":"closed","template":"","meta":{"_acf_changed":false,"footnotes":""},"class_list":["post-5327","page","type-page","status-publish","hentry"],"acf":[],"featured_media_src_url":null,"_links":{"self":[{"href":"https:\/\/www.concoursmontreal.ca\/fr\/wp-json\/wp\/v2\/pages\/5327","targetHints":{"allow":["GET"]}}],"collection":[{"href":"https:\/\/www.concoursmontreal.ca\/fr\/wp-json\/wp\/v2\/pages"}],"about":[{"href":"https:\/\/www.concoursmontreal.ca\/fr\/wp-json\/wp\/v2\/types\/page"}],"author":[{"embeddable":true,"href":"https:\/\/www.concoursmontreal.ca\/fr\/wp-json\/wp\/v2\/users\/1"}],"replies":[{"embeddable":true,"href":"https:\/\/www.concoursmontreal.ca\/fr\/wp-json\/wp\/v2\/comments?post=5327"}],"version-history":[{"count":1,"href":"https:\/\/www.concoursmontreal.ca\/fr\/wp-json\/wp\/v2\/pages\/5327\/revisions"}],"predecessor-version":[{"id":12987,"href":"https:\/\/www.concoursmontreal.ca\/fr\/wp-json\/wp\/v2\/pages\/5327\/revisions\/12987"}],"up":[{"embeddable":true,"href":"https:\/\/www.concoursmontreal.ca\/fr\/wp-json\/wp\/v2\/pages\/14"}],"wp:attachment":[{"href":"https:\/\/www.concoursmontreal.ca\/fr\/wp-json\/wp\/v2\/media?parent=5327"}],"curies":[{"name":"wp","href":"https:\/\/api.w.org\/{rel}","templated":true}]}}