{"id":80,"date":"2015-02-28T17:43:26","date_gmt":"2015-02-28T17:43:26","guid":{"rendered":"http:\/\/concoursmontreal.ca\/?page_id=80"},"modified":"2026-04-15T08:44:11","modified_gmt":"2026-04-15T12:44:11","slug":"fondation","status":"publish","type":"page","link":"https:\/\/www.concoursmontreal.ca\/fr\/appuyez\/fondation\/","title":{"rendered":"Fondation Concours"},"content":{"rendered":"<h2 style=\"text-align: left;\">Fondation CONCOURS MUSICAL INTERNATIONAL DE MONTR\u00c9AL<\/h2>\n<p style=\"text-align: right;\"><a href=\"\/wp-content\/uploads\/2024\/11\/Titre_fondation.jpg\"><img loading=\"lazy\" decoding=\"async\" class=\"alignleft size-full wp-image-36391\" src=\"\/wp-content\/uploads\/2024\/11\/Titre_fondation.jpg\" alt=\"\" width=\"1200\" height=\"350\" srcset=\"\/wp-content\/uploads\/2024\/11\/Titre_fondation.jpg 1200w, \/wp-content\/uploads\/2024\/11\/Titre_fondation-768x224.jpg 768w\" sizes=\"auto, (max-width: 1200px) 100vw, 1200px\" \/><\/a><\/p>\n<p><\/p>\n<p style=\"text-align: right;\"><span style=\"font-size: 14px;\"><span style=\"font-size: 11px;\">Meredith Wohlgemuth \u2013 Voix 2022<\/span><\/span><\/p>\n<p style=\"text-align: left;\"><span style=\"font-size: 14px;\" data-teams=\"true\">Le Concours musical international de Montr\u00e9al se d\u00e9veloppe gr\u00e2ce \u00e0 l&rsquo;appui constant d&rsquo;une communaut\u00e9 fid\u00e8le et engag\u00e9e. La Fondation du Concours musical international de Montr\u00e9al rassemble, inspire et dynamise cette communaut\u00e9, jouant un r\u00f4le central dans le rayonnement et la vitalit\u00e9 du Concours.<\/span><\/p>\n<p style=\"text-align: left;\"><span style=\"font-size: 14px;\">Parmi les activit\u00e9s d\u00e9ploy\u00e9es par la Fondation du Concours, soulignons :<\/span><\/p>\n<ul>\n<li><span style=\"font-size: 14px;\">l&rsquo;\u00e9v\u00e9nement-b\u00e9n\u00e9fice annuel<\/span><\/li>\n<li><span style=\"font-size: 14px;\">des activit\u00e9s de reconnaissance<\/span><\/li>\n<li><span style=\"font-size: 14px;\">des <\/span><span style=\"font-size: 14px;\">campagnes de financement annuelles, r\u00e9guli\u00e8res et majeures\u00a0<br \/><\/span><\/li>\n<li><span style=\"font-size: 14px;\">des campagnes de dons ponctuels ou planifi\u00e9s\u00a0<\/span><\/li>\n<li><span style=\"font-size: 14px;\">et plusieurs autres initiatives vari\u00e9es<\/span><\/li>\n<\/ul>\n<p style=\"text-align: left;\"><strong>Renseignements et dons<\/strong><br \/><span style=\"font-size: 14px;\">514-845-4108 poste 232<\/span><br \/><span style=\"font-size: 14px;\"><a href=\"#Zm9uZGF0aW9uQGNvbmNvdXJzbW9udHJlYWwuY2E=\" class=\"mailto\" rel=\"email\">fondation@concoursmontreal.ca<\/a><\/span><\/p>\n<p style=\"text-align: center;\">La Fondation du Concours musical international de Montr\u00e9al est un organisme de bienfaisance enregistr\u00e9 aupr\u00e8s de l&rsquo;Agence du revenu du Canada (ARC) : 847794989 RR 0001<\/p>\n<a class=\"maxbutton-168 maxbutton maxbutton-je-soutiens-le-concours\" target=\"_blank\" rel=\"noopener\" href=\"https:\/\/www.jedonneenligne.org\/fcmim\/FDON2526_FCMIM\/?lng=0\"><span class='mb-text'>JE SOUTIENS LA FONDATION<\/span><\/a>\n<hr \/>\n<h2 style=\"text-align: left;\">Conseil d\u2019administration FONDATION CONCOURS MUSICAL INTERNATIONAL DE MONTR\u00c9AL<\/h2>\n<div class=\"columns cols13-23\">\n<div class=\"columns-col c0\">\n<div class=\"columns-wrap\">\n<p><span style=\"font-size: 22px; color: #ff0000;\">Dirigeants<\/span><\/p>\n<h3><span style=\"color: #ff0000;\">PR\u00c9SIDENT<\/span><\/h3>\n<p><strong>Daniel Lalonde, B.COMM., LL.L, MBA, GPC<br \/><\/strong>Gestionnaire de portefeuille<br \/>Premier vice-pr\u00e9sident<br \/>Financi\u00e8re Banque Nationale<\/p>\n<h3><span style=\"color: #ff0000;\">VICE-PR\u00c9SIDENTE<\/span><\/h3>\n<p><strong>Pascale Bourbeau<\/strong><br \/>Administratrice<\/p>\n<h3><span style=\"color: #ff0000;\">VICE-PR\u00c9SIDENTE<\/span><\/h3>\n<h3><strong>Nicole Fontaine<\/strong><\/h3>\n<p>Administratrice<\/p>\n<h3><span style=\"color: #ff0000;\">SECR\u00c9TAIRE<\/span><\/h3>\n<p><strong>M<sup>e<\/sup> Jacques Vincent<\/strong><br \/>Associ\u00e9<br \/>Gutkin Vincent Dumas S.E.N.C.R.L.<\/p>\n<h3><span style=\"color: #ff0000;\">TR\u00c9SORIER<\/span><\/h3>\n<p><strong>Claude Gagliardi<br \/><\/strong>Administrateur<\/p>\n<p>&nbsp;<\/p>\n<p>&nbsp;<\/p>\n<p>&nbsp;<\/p>\n<\/div>\n<\/div>\n<div class=\"columns-col c1\">\n<div class=\"columns-wrap\">\n<p><span style=\"font-size: 22px; color: #ff0000;\">Administrateurs<\/span><\/p>\n<p><strong>Pierre-Michel d\u2019Anglade<br \/><\/strong>Directeur g\u00e9n\u00e9ral<br \/>ABZAC Canada inc.<\/p>\n<p><strong>Mich\u00e8le Boisvert<br \/><\/strong>Chroniqueure \u00e9conomique, Cog\u00e9co Media<br \/>Ancienne d\u00e9l\u00e9gu\u00e9e g\u00e9n\u00e9rale du Qu\u00e9bec \u00e0 Paris<strong><\/p>\n<p><\/strong><strong>Danielle Champagne<br \/><\/strong>Strat\u00e8ge en philanthropie culturelle, en communications et en marketing culturel<\/p>\n<p><strong>F\u00e9lix Jasmin<br \/><\/strong>Courtier immobilier r\u00e9sidentiel et commercial agr\u00e9\u00e9 DA, Engel &amp; V\u00f6lkers<strong><\/p>\n<p>Jean-Jacques Laurans<br \/><\/strong>Pr\u00e9sident, Alfid Services Immobiliers Lt\u00e9e<\/p>\n<p><b>Christiane LeBlanc <\/b><br \/>Administratrice<\/p>\n<p><strong>Nadia Moretto<\/strong><br \/>Consultante, Services de consultation Nadia Moretto<\/p>\n<p><strong>Chantal Poulin<br \/><\/strong>Directrice g\u00e9n\u00e9rale, Concours musical international de Montr\u00e9al<\/p>\n<p><strong>Fran\u00e7ois R. Roy<br \/><\/strong>Administrateur de soci\u00e9t\u00e9s<\/p>\n<p><strong>Louise Roy, O.C., O.Q.<br \/><\/strong>Chanceli\u00e8re \u00e9m\u00e9rite,\u00a0Universit\u00e9 de Montr\u00e9al <br \/>Pr\u00e9sidente, Concours musical international de Montr\u00e9al<br \/>Fellow\u00a0invit\u00e9e honoraire, CIRANO<\/p>\n<p><strong>Monique Roy<br \/><\/strong>Administratrice<\/p>\n<p><strong>David B. Sela<br \/><\/strong>Pr\u00e9sident<br \/>Copap Inc.<\/p>\n<p><strong>Miroslav Wicha<\/strong><br \/>Pr\u00e9sident et directeur g\u00e9n\u00e9ral<br \/>Haivision Network Video<\/p>\n<\/div>\n<\/div>\n<div class=\"clearfix\"><!--CLEARFIX --><\/div>\n<\/div>\n<p>&nbsp;<\/p>\n<p><!--CLEARFIX --><\/p>\n","protected":false},"excerpt":{"rendered":"<p>Fondation CONCOURS MUSICAL INTERNATIONAL DE MONTR\u00c9AL Meredith Wohlgemuth \u2013 Voix 2022 Le Concours musical international de Montr\u00e9al se d\u00e9veloppe gr\u00e2ce \u00e0 l&rsquo;appui constant d&rsquo;une communaut\u00e9 fid\u00e8le et engag\u00e9e. La Fondation du Concours musical international de Montr\u00e9al rassemble, inspire et dynamise cette communaut\u00e9, jouant un r\u00f4le central dans le rayonnement et la vitalit\u00e9 du Concours. Parmi [&hellip;]<\/p>\n","protected":false},"author":1,"featured_media":0,"parent":14,"menu_order":6,"comment_status":"closed","ping_status":"closed","template":"","meta":{"_acf_changed":false,"footnotes":""},"class_list":["post-80","page","type-page","status-publish","hentry"],"acf":[],"featured_media_src_url":null,"_links":{"self":[{"href":"https:\/\/www.concoursmontreal.ca\/fr\/wp-json\/wp\/v2\/pages\/80","targetHints":{"allow":["GET"]}}],"collection":[{"href":"https:\/\/www.concoursmontreal.ca\/fr\/wp-json\/wp\/v2\/pages"}],"about":[{"href":"https:\/\/www.concoursmontreal.ca\/fr\/wp-json\/wp\/v2\/types\/page"}],"author":[{"embeddable":true,"href":"https:\/\/www.concoursmontreal.ca\/fr\/wp-json\/wp\/v2\/users\/1"}],"replies":[{"embeddable":true,"href":"https:\/\/www.concoursmontreal.ca\/fr\/wp-json\/wp\/v2\/comments?post=80"}],"version-history":[{"count":6,"href":"https:\/\/www.concoursmontreal.ca\/fr\/wp-json\/wp\/v2\/pages\/80\/revisions"}],"predecessor-version":[{"id":44622,"href":"https:\/\/www.concoursmontreal.ca\/fr\/wp-json\/wp\/v2\/pages\/80\/revisions\/44622"}],"up":[{"embeddable":true,"href":"https:\/\/www.concoursmontreal.ca\/fr\/wp-json\/wp\/v2\/pages\/14"}],"wp:attachment":[{"href":"https:\/\/www.concoursmontreal.ca\/fr\/wp-json\/wp\/v2\/media?parent=80"}],"curies":[{"name":"wp","href":"https:\/\/api.w.org\/{rel}","templated":true}]}}