{"id":84,"date":"2015-02-28T17:44:48","date_gmt":"2015-02-28T17:44:48","guid":{"rendered":"http:\/\/concoursmontreal.ca\/?page_id=84"},"modified":"2024-11-27T13:13:24","modified_gmt":"2024-11-27T18:13:24","slug":"benevoles","status":"publish","type":"page","link":"https:\/\/www.concoursmontreal.ca\/fr\/appuyez\/benevoles\/","title":{"rendered":"B\u00e9n\u00e9voles"},"content":{"rendered":"<h2 style=\"text-align: left;\">Les B\u00e9n\u00e9voles du CMIM &#8211; Une \u00e9quipe essentielle<\/h2>\n<p><a href=\"\/wp-content\/uploads\/2024\/11\/Titre_benevoles_fr.jpg\"><img loading=\"lazy\" decoding=\"async\" class=\"size-full wp-image-36442 alignnone\" src=\"\/wp-content\/uploads\/2024\/11\/Titre_benevoles_fr.jpg\" alt=\"\" width=\"1200\" height=\"350\" srcset=\"\/wp-content\/uploads\/2024\/11\/Titre_benevoles_fr.jpg 1200w, \/wp-content\/uploads\/2024\/11\/Titre_benevoles_fr-768x224.jpg 768w\" sizes=\"auto, (max-width: 1200px) 100vw, 1200px\" \/><\/a><\/p>\n<p>&nbsp;<\/p>\n<p style=\"text-align: left;\"><span style=\"font-size: 16px;\">L\u2019\u00e9quipe des b\u00e9n\u00e9voles du Concours musical international de Montr\u00e9al (CMIM) collabore de pr\u00e8s au succ\u00e8s du Concours. Par leur implication et leurs engagements vari\u00e9s, les b\u00e9n\u00e9voles favorisent la bonne marche du Concours, contribuant ainsi \u00e0 l\u2019\u00e9mergence des artistes de la nouvelle g\u00e9n\u00e9ration et \u00e0 la r\u00e9alisation d&rsquo;un rendez-vous inoubliable pour les artistes et le public.\u00a0<\/span><\/p>\n<p style=\"text-align: left;\">\u00a0<\/p>\n<h2 style=\"text-align: left;\"><span style=\"color: #fc4237;\">JOIGNEZ NOTRE \u00c9QUIPE DE B\u00c9N\u00c9VOLES!<\/span><\/h2>\n<p style=\"text-align: left;\"><img loading=\"lazy\" decoding=\"async\" class=\"wp-image-13094 alignright\" src=\"\/wp-content\/uploads\/2020\/05\/Vignette_benevoles.png\" alt=\"\" width=\"400\" height=\"400\" srcset=\"\/wp-content\/uploads\/2020\/05\/Vignette_benevoles.png 1080w, \/wp-content\/uploads\/2020\/05\/Vignette_benevoles-768x768.png 768w\" sizes=\"auto, (max-width: 400px) 100vw, 400px\" \/><span style=\"font-size: 14px;\">\u00c0 l\u2019accueil, dans les coulisses aupr\u00e8s des concurrents ou des membres du jury, sur la route ou dans les bureaux, nous saurons identifier avec vous l\u2019engagement qui saura vous plaire.<\/span><\/p>\n<p style=\"text-align: left;\"><span style=\"font-size: 14px;\">Les \u00e9ditions annuelles du Concours musical international de Montr\u00e9al se d\u00e9roulent au printemps, \u00e0 dates variables, sur une dur\u00e9e d\u2019environ dix jours.<\/span><\/p>\n<p style=\"text-align: left;\"><span style=\"font-size: 14px;\">Le Concours musical international de Montr\u00e9al est heureux de pouvoir compter sur une solide \u00e9quipe de b\u00e9n\u00e9voles. <\/span><\/p>\n<p style=\"text-align: left;\"><span style=\"font-size: 14px;\">Vous aimeriez vous y joindre? Nous sommes \u00e0 la recherche de nouveaux candidats pouvant compl\u00e9ter cette \u00e9quipe dynamique.<\/span><\/p>\n<p style=\"text-align: left;\"><span style=\"font-size: 14px;\">\u00catre b\u00e9n\u00e9vole au sein de l\u2019\u00e9quipe du CMIM, c\u2019est effectuer de nouvelles rencontres, c\u00f4toyer l\u2019\u00e9lite artistique mondiale, contribuer \u00e0 la diffusion de la musique classique et \u00eatre au c\u0153ur d\u2019un des rendez-vous annuels incontournables de la vie musicale montr\u00e9alaise.<\/span><\/p>\n<p style=\"text-align: left;\"><span style=\"font-size: 14px;\"><strong>Renseignements et inscription :<\/strong><\/span><br \/><span style=\"font-size: 14px;\"><a href=\"#aW5mb0Bjb25jb3Vyc21vbnRyZWFsLmNh\" class=\"mailto\" rel=\"email\">info@concoursmontreal.ca<\/a><\/span><\/p>\n<p>&nbsp;<\/p>\n<a class=\"maxbutton-87 maxbutton maxbutton-formulaire-d-inscription-benevolat\" target=\"_blank\" title=\"Formulaire d&#039;inscription\" rel=\"noopener\" href=\"https:\/\/docs.google.com\/forms\/d\/e\/1FAIpQLSeecLmul6QVSYN4lo3EMF6gCmy4nYSMsasicTY8GDCDJ5aJRQ\/viewform?usp=pp_url\"><span class='mb-text'>Devenez b\u00e9n\u00e9vole au Concours<\/span><\/a>\n<p>&nbsp;<\/p>\n<p style=\"text-align: left;\">\u00a0<\/p>\n<p>&nbsp;<\/p>\n<p>&nbsp;<\/p>\n<p>&nbsp;<\/p>\n<p>&nbsp;<\/p>\n","protected":false},"excerpt":{"rendered":"<p>Les B\u00e9n\u00e9voles du CMIM &#8211; Une \u00e9quipe essentielle &nbsp; L\u2019\u00e9quipe des b\u00e9n\u00e9voles du Concours musical international de Montr\u00e9al (CMIM) collabore de pr\u00e8s au succ\u00e8s du Concours. Par leur implication et leurs engagements vari\u00e9s, les b\u00e9n\u00e9voles favorisent la bonne marche du Concours, contribuant ainsi \u00e0 l\u2019\u00e9mergence des artistes de la nouvelle g\u00e9n\u00e9ration et \u00e0 la r\u00e9alisation [&hellip;]<\/p>\n","protected":false},"author":1,"featured_media":0,"parent":14,"menu_order":4,"comment_status":"closed","ping_status":"closed","template":"","meta":{"_acf_changed":false,"footnotes":""},"class_list":["post-84","page","type-page","status-publish","hentry"],"acf":[],"featured_media_src_url":null,"_links":{"self":[{"href":"https:\/\/www.concoursmontreal.ca\/fr\/wp-json\/wp\/v2\/pages\/84","targetHints":{"allow":["GET"]}}],"collection":[{"href":"https:\/\/www.concoursmontreal.ca\/fr\/wp-json\/wp\/v2\/pages"}],"about":[{"href":"https:\/\/www.concoursmontreal.ca\/fr\/wp-json\/wp\/v2\/types\/page"}],"author":[{"embeddable":true,"href":"https:\/\/www.concoursmontreal.ca\/fr\/wp-json\/wp\/v2\/users\/1"}],"replies":[{"embeddable":true,"href":"https:\/\/www.concoursmontreal.ca\/fr\/wp-json\/wp\/v2\/comments?post=84"}],"version-history":[{"count":6,"href":"https:\/\/www.concoursmontreal.ca\/fr\/wp-json\/wp\/v2\/pages\/84\/revisions"}],"predecessor-version":[{"id":36444,"href":"https:\/\/www.concoursmontreal.ca\/fr\/wp-json\/wp\/v2\/pages\/84\/revisions\/36444"}],"up":[{"embeddable":true,"href":"https:\/\/www.concoursmontreal.ca\/fr\/wp-json\/wp\/v2\/pages\/14"}],"wp:attachment":[{"href":"https:\/\/www.concoursmontreal.ca\/fr\/wp-json\/wp\/v2\/media?parent=84"}],"curies":[{"name":"wp","href":"https:\/\/api.w.org\/{rel}","templated":true}]}}