{"id":86,"date":"2015-02-28T17:46:24","date_gmt":"2015-02-28T22:46:24","guid":{"rendered":"http:\/\/concoursmontreal.ca\/?page_id=86"},"modified":"2026-03-30T12:41:21","modified_gmt":"2026-03-30T16:41:21","slug":"le_cconcours","status":"publish","type":"page","link":"https:\/\/www.concoursmontreal.ca\/fr\/a_propos\/le_cconcours\/","title":{"rendered":"Le Concours"},"content":{"rendered":"<h2 style=\"text-align: left;\"><span style=\"font-size: 16px;\">\u00c0 PROPOS DU <strong>Concours musical international de Montr\u00e9aL<\/strong><\/span><\/h2>\n<p><a href=\"\/wp-content\/uploads\/2023\/09\/CMIM_bandeau_logo.jpg\"><img loading=\"lazy\" decoding=\"async\" class=\"size-full wp-image-31148 alignnone\" src=\"\/wp-content\/uploads\/2023\/09\/CMIM_bandeau_logo.jpg\" alt=\"\" width=\"1200\" height=\"350\" srcset=\"\/wp-content\/uploads\/2023\/09\/CMIM_bandeau_logo.jpg 1200w, \/wp-content\/uploads\/2023\/09\/CMIM_bandeau_logo-768x224.jpg 768w\" sizes=\"auto, (max-width: 1200px) 100vw, 1200px\" \/><\/a><\/p>\n<p style=\"text-align: left;\"><span style=\"font-size: 18px;\"><b style=\"color: #ff0000; text-align: left;\">Un grand concours international<\/b><\/span><\/p>\n<p style=\"text-align: left;\"><b><\/b>Le Concours musical international de Montr\u00e9al r\u00e9unit sur une m\u00eame sc\u00e8ne les meilleurs jeunes musiciens du monde. Dans une comp\u00e9tition \u00e9lectrisante, il fait vibrer Montr\u00e9al et le monde entier au rythme du talent de la nouvelle g\u00e9n\u00e9ration.<\/p>\n<p class=\"p2\" style=\"text-align: left;\">Chaque ann\u00e9e, l\u2019\u00e9v\u00e9nement accueille en alternance 24 violonistes, pianistes et artistes lyriques qui viennent \u00e0 Montr\u00e9al pour mesurer leur excellence \u00e0 celle de leurs pairs.<\/p>\n<p style=\"text-align: left;\">Fond\u00e9 en 2001 par la basse de renomm\u00e9e internationale <strong>Joseph Rouleau<\/strong> (1929-2019) et par l\u2019homme politique et grand philanthrope <strong>Andr\u00e9 Bourbeau<\/strong> (1936-2018), le Concours musical international de Montr\u00e9al est n\u00e9 de la volont\u00e9 d\u2019offrir \u00e0 Montr\u00e9al une comp\u00e9tition internationale prestigieuse et de haut niveau.<\/p>\n<p style=\"text-align: left;\">Depuis sa premi\u00e8re \u00e9dition en 2002, le Concours r\u00e9unit chaque ann\u00e9e des musiciens d\u2019exception issus de la nouvelle g\u00e9n\u00e9ration musicale. Il permet aux concurrents et aux concurrentes de mesurer leurs talents \u00e0 ceux d\u2019autres jeunes et de donner une \u00e9lan \u00e0 leur carri\u00e8re depuis Montr\u00e9al.<\/p>\n<p class=\"p1\" style=\"text-align: left;\">Le Concours musical international de Montr\u00e9al est membre de la F\u00e9d\u00e9ration mondiale des concours internationaux de musique.<\/p>\n<p style=\"text-align: left;\"><strong>\u00c9ditions \u00e0 venir :<\/strong><br \/>2026 &#8211; Violon : 27 mai au 4 juin 2026<br \/>2027 &#8211; Piano : 24 avril au 5 mai 207<br \/>2028 &#8211; Voix : 1er au 11 mai 2028<\/p>\n<p style=\"text-align: left;\"><img loading=\"lazy\" decoding=\"async\" class=\"wp-image-7911 alignnone\" src=\"\/wp-content\/uploads\/2018\/05\/wfimc-members-06_247x116.png\" alt=\"\" width=\"151\" height=\"71\" \/><\/p>\n<p class=\"p1\" style=\"text-align: left;\"><span style=\"font-size: 16px;\"><b><br \/><span style=\"color: #ff0000; font-size: 18px;\">Un concours de renomm\u00e9e prestigieuse<\/span><\/b><\/span><b><\/b><\/p>\n<p class=\"p2\" style=\"text-align: left;\">Le Concours musical international de Montr\u00e9al figure parmi les grands concours internationaux de musique classique.<\/p>\n<p class=\"p2\" style=\"text-align: left;\">Depuis sa cr\u00e9ation en 2001, plus de 5 000 jeunes musiciens originaires de 90 pays, et form\u00e9s dans les <span class=\"s1\">plus grandes \u00e9coles du monde, se sont inscrits <\/span>\u00e0 notre concours dans l\u2019espoir de vivre cette extraordinaire aventure humaine et musicale.<\/p>\n<p class=\"p2\" style=\"text-align: left;\">Aujourd\u2019hui, les laur\u00e9ats du Concours musical international de Montr\u00e9al se produisent sur les sc\u00e8nes les plus prestigieuses du monde.<\/p>\n<p style=\"text-align: left;\">Depuis 2025, le Concours accueille une pr\u00e9sidente du jury sp\u00e9cialis\u00e9e pour chacune de ses trois \u00e9ditions en alternance : Adrianne Pieczonka (voix), Lucie Robert (violon) et Angela Cheng (piano). La pr\u00e9sidente du jury travaille en \u00e9troite collaboration avec la directrice artistique. Elle joue \u00e9galement un r\u00f4le de conseill\u00e8re important, notamment en mati\u00e8re de r\u00e9pertoire.<\/p>\n<p class=\"p1\" style=\"text-align: left;\"><span style=\"font-size: 16px;\"><b><br \/><span style=\"color: #ff0000; font-size: 18px;\">Un concours bien montr\u00e9alais <\/span><\/b><\/span><\/p>\n<p class=\"p2\" style=\"text-align: left;\">Solidement ancr\u00e9 dans l\u2019\u00e9cosyst\u00e8me artistique qu\u00e9b\u00e9cois et profond\u00e9ment<span class=\"Apple-converted-space\">\u00a0 <\/span>montr\u00e9alais, le Concours musical international de Montr\u00e9al porte bien haut la richesse culturelle, l\u2019ouverture sur le monde et l\u2019accueil unique qui caract\u00e9risent la m\u00e9tropole de Montr\u00e9al.<\/p>\n<p class=\"p2\" style=\"text-align: left;\">Par ses activit\u00e9s et ses retomb\u00e9es, le Concours musical international de Montr\u00e9al c\u00e9l\u00e8bre la virtuosit\u00e9 et contribue au dynamisme culturel du Qu\u00e9bec.<\/p>\n<p class=\"p4\" style=\"text-align: left;\">Rejoignez les spectateurs en salle ou les quelques 3 millions de m\u00e9lomanes en ligne, vivez ce rendez-vous musical d\u2019envergure, et soyez les t\u00e9moins privil\u00e9gi\u00e9s du Concours et du rayonnement international de Montr\u00e9al.<\/p>\n<p style=\"text-align: left;\">\u00a0<\/p>\n<p class=\"p2\"><span style=\"color: #fc4237; font-size: 16px;\">\u00ab<em> La comp\u00e9tition de Montr\u00e9al a \u00e9t\u00e9 sans aucun doute la plus inspirante, la plus conviviale et la mieux organis\u00e9e que j\u2019ai v\u00e9cue jusqu\u2019\u00e0 pr\u00e9sent ! Et je ch\u00e9rirai ce souvenir.<\/em> \u00bb<span class=\"Apple-converted-space\">\u00a0<\/span><\/span><\/p>\n<p class=\"p3\"><span style=\"font-size: 11px;\">SongHa Choi<br \/>laur\u00e9ate du 2<span class=\"s1\"><sup>e <\/sup><\/span>prix et du Prix du public, Violon 2023<span class=\"Apple-converted-space\">\u00a0<\/span><\/span><\/p>\n<p><span style=\"color: #fc4237;\"><span style=\"font-size: 16px;\"><span style=\"color: #fc4237; font-size: 22px;\">* * *<\/span><\/span><\/span><\/p>\n<p><span style=\"color: #fc4237;\"><span style=\"font-size: 16px;\">\u00ab <em>C\u2019est tout simplement la meilleure exp\u00e9rience d\u2019un concours que j\u2019ai v\u00e9cue. Toute l\u2019\u00e9quipe est juste fabuleuse, tr\u00e8s organis\u00e9e et respectueuse. Cela nous permet de nous concentrer seulement sur la joie de faire de la musique !<\/em> \u00bb<\/span> <\/span><\/p>\n<p><span style=\"font-size: 11px;\">Alexandra Flood<br \/>Voix 2022<\/span><\/p>\n<p>&nbsp;<\/p>\n<p style=\"text-align: left;\"><span style=\"font-size: 18px;\"><strong><span style=\"color: #fc4237;\">Une communaut\u00e9 chaleureuse et dynamique<\/span><\/strong><\/span><\/p>\n<p>Le Concours musical international de Montr\u00e9al jouit d&rsquo;une vitalit\u00e9 exceptionnelle port\u00e9e par toute une communaut\u00e9. Il rassemble des partenaires prestigieux, des familles d&rsquo;accueil, de nombreux b\u00e9n\u00e9voles et de fid\u00e8les donateurs qui assurent le dynamisme et la p\u00e9rennit\u00e9 de l&rsquo;organisation.\u00a0\u00a0<\/p>\n<p><span style=\"color: #fc4237; font-size: 16px;\">\u00ab <em>Je suis venu sans conna\u00eetre une seule personne et j\u2019ai imm\u00e9diatement ressenti le soutien chaleureux de mes coll\u00e8gues comme de toute l\u2019\u00e9quipe du Concours. Je suis \u00e9ternellement reconnaissant pour cette exp\u00e9rience.<\/em> \u00bb<\/span><\/p>\n<p><span style=\"font-size: 11px;\">Bryan Murray<br \/>Voix 2022<\/span><\/p>\n<p style=\"text-align: center;\"><span style=\"color: #fc4237; font-size: 22px;\"><img loading=\"lazy\" decoding=\"async\" class=\"aligncenter size-full wp-image-38311\" src=\"\/wp-content\/uploads\/2025\/03\/Titre_nos_concours.jpg\" alt=\"\" width=\"1200\" height=\"350\" srcset=\"\/wp-content\/uploads\/2025\/03\/Titre_nos_concours.jpg 1200w, \/wp-content\/uploads\/2025\/03\/Titre_nos_concours-768x224.jpg 768w\" sizes=\"auto, (max-width: 1200px) 100vw, 1200px\" \/><\/span><\/p>\n<p style=\"text-align: center;\"><span style=\"color: #fc4237; font-size: 22px;\">* * *<br \/><\/span><\/p>\n<p style=\"text-align: center;\">Le Concours musical international de Montr\u00e9al est un organisme \u00e0 but non lucratif, enregistr\u00e9 comme organisme de bienfaisance aupr\u00e8s de l\u2019Agence du revenu du Canada (144249182 RR 0001).<\/p>\n<p style=\"text-align: center;\">Le Concours est membre de la <a href=\"https:\/\/wfimc-fmcim.org\" target=\"_blank\" rel=\"noopener noreferrer\">F\u00e9d\u00e9ration mondiale des concours internationaux de musique<\/a> et de l\u2019<a href=\"https:\/\/www.alink-argerich.org\/\" target=\"_blank\" rel=\"noopener noreferrer\">Alink-Argerich Foundation<\/a>.<\/p>\n<p>&nbsp;<\/p>\n<p style=\"text-align: center;\"><a class=\"maxbutton-185 maxbutton maxbutton-concours-2026-fr\" href=\"https:\/\/concoursmontreal.ca\/fr\/violon-2026\/\"><span class='mb-text'>ACCUEIL - CONCOURS 2026<\/span><\/a><\/p>\n<p style=\"text-align: center;\"><a class=\"maxbutton-141 maxbutton maxbutton-billets-et-forfaits\" href=\"https:\/\/www.concoursmontreal.ca\/fr\/violon-2026\/billetterie\/\"><span class='mb-text'>BILLETS ET FORFAITS<\/span><\/a><\/p>\n<p style=\"text-align: center;\"><a class=\"maxbutton-74 maxbutton maxbutton-donnez-au-concours\" href=\"https:\/\/www.concoursmontreal.ca\/fr\/appuyez\/faire-un-don\/\"><span class='mb-text'>DONNEZ AU CONCOURS<\/span><\/a>\u00a0<\/p>\n","protected":false},"excerpt":{"rendered":"<p>\u00c0 PROPOS DU Concours musical international de Montr\u00e9aL Un grand concours international Le Concours musical international de Montr\u00e9al r\u00e9unit sur une m\u00eame sc\u00e8ne les meilleurs jeunes musiciens du monde. Dans une comp\u00e9tition \u00e9lectrisante, il fait vibrer Montr\u00e9al et le monde entier au rythme du talent de la nouvelle g\u00e9n\u00e9ration. Chaque ann\u00e9e, l\u2019\u00e9v\u00e9nement accueille en alternance [&hellip;]<\/p>\n","protected":false},"author":1,"featured_media":0,"parent":16,"menu_order":1,"comment_status":"closed","ping_status":"closed","template":"","meta":{"_acf_changed":false,"footnotes":""},"class_list":["post-86","page","type-page","status-publish","hentry"],"acf":[],"featured_media_src_url":null,"_links":{"self":[{"href":"https:\/\/www.concoursmontreal.ca\/fr\/wp-json\/wp\/v2\/pages\/86","targetHints":{"allow":["GET"]}}],"collection":[{"href":"https:\/\/www.concoursmontreal.ca\/fr\/wp-json\/wp\/v2\/pages"}],"about":[{"href":"https:\/\/www.concoursmontreal.ca\/fr\/wp-json\/wp\/v2\/types\/page"}],"author":[{"embeddable":true,"href":"https:\/\/www.concoursmontreal.ca\/fr\/wp-json\/wp\/v2\/users\/1"}],"replies":[{"embeddable":true,"href":"https:\/\/www.concoursmontreal.ca\/fr\/wp-json\/wp\/v2\/comments?post=86"}],"version-history":[{"count":5,"href":"https:\/\/www.concoursmontreal.ca\/fr\/wp-json\/wp\/v2\/pages\/86\/revisions"}],"predecessor-version":[{"id":44333,"href":"https:\/\/www.concoursmontreal.ca\/fr\/wp-json\/wp\/v2\/pages\/86\/revisions\/44333"}],"up":[{"embeddable":true,"href":"https:\/\/www.concoursmontreal.ca\/fr\/wp-json\/wp\/v2\/pages\/16"}],"wp:attachment":[{"href":"https:\/\/www.concoursmontreal.ca\/fr\/wp-json\/wp\/v2\/media?parent=86"}],"curies":[{"name":"wp","href":"https:\/\/api.w.org\/{rel}","templated":true}]}}