{"id":88,"date":"2015-02-28T17:45:57","date_gmt":"2015-02-28T22:45:57","guid":{"rendered":"http:\/\/concoursmontreal.ca\/?page_id=88"},"modified":"2026-04-01T16:28:12","modified_gmt":"2026-04-01T20:28:12","slug":"contact","status":"publish","type":"page","link":"https:\/\/www.concoursmontreal.ca\/fr\/contact\/","title":{"rendered":"Contact"},"content":{"rendered":"<h2 style=\"text-align: left;\">CONTACT<\/h2>\n<p><img loading=\"lazy\" decoding=\"async\" class=\"aligncenter size-full wp-image-13433\" src=\"\/wp-content\/uploads\/2020\/07\/CMIM_bandeau.jpg\" alt=\"\" width=\"1200\" height=\"350\" srcset=\"\/wp-content\/uploads\/2020\/07\/CMIM_bandeau.jpg 1200w, \/wp-content\/uploads\/2020\/07\/CMIM_bandeau-768x224.jpg 768w\" sizes=\"auto, (max-width: 1200px) 100vw, 1200px\" \/><\/p>\n<p style=\"text-align: center;\"><strong><span style=\"font-size: 22px;\">Concours musical international de Montr\u00e9al<\/span><br \/><\/strong><\/p>\n<p style=\"text-align: center;\"><span style=\"font-size: 14px;\">305, avenue du Mont-Royal Est<\/span><br \/><span style=\"font-size: 14px;\">Montr\u00e9al (Qu\u00e9bec) H2T 1P8<\/span><br \/><span style=\"font-size: 14px;\">Canada<\/span><\/p>\n<p style=\"text-align: center;\"><span style=\"font-size: 14px;\"><strong>T\u00e9l\u00e9phone<\/strong> : 514-845-4108\u202c<\/span><br \/><span style=\"font-size: 14px;\">Sans frais : 877-377-7951 (des Am\u00e9riques)\u00a0<\/span><\/p>\n<p><span style=\"font-size: 14px;\"><strong>Courriel<\/strong><\/span><br \/><span style=\"font-size: 14px;\"><a href=\"#aW5mb0Bjb25jb3Vyc21vbnRyZWFsLmNh\" class=\"mailto\" rel=\"email\">info@concoursmontreal.ca<\/a><\/span><\/p>\n<p>&nbsp;<\/p>\n<p style=\"text-align: center;\"><span style=\"font-size: 16px; color: #fc4237;\"><strong>*\u00a0 *\u00a0 *<\/strong><\/span><\/p>\n<p><strong><span style=\"color: #ff0000;\"><span style=\"font-size: 16px;\"><span style=\"font-size: 22px;\">\u00c9QUIPE DU CONCOURS<br \/>et de la FONDATION DU CONCOURS<\/span><\/span><\/span><\/strong><\/p>\n<p>&nbsp;<\/p>\n<h2><span style=\"font-size: 14px; color: #ff0000;\"><strong><span class=\"TextRun MacChromeBold SCXW132262495 BCX0\" lang=\"EN-CA\" style=\"font-size: 14px;\" xml:lang=\"EN-CA\" data-contrast=\"auto\"><span class=\"NormalTextRun SCXW132262495 BCX0\">Directrice<\/span><\/span><\/strong><\/span><span style=\"font-size: 14px; color: #ff0000;\"><strong> G\u00c9N\u00c9RALE<\/strong><\/span><\/h2>\n<address><span style=\"font-size: 14px;\"><strong>Chantal Poulin<\/strong><strong><br \/><\/strong><\/span><span class=\"phone\" style=\"font-size: 14px;\">514-845-4108, poste 245<\/span><br \/><span style=\"font-size: 14px;\"><a href=\"#Y3BvdWxpbkBjb25jb3Vyc21vbnRyZWFsLmNh\" class=\"mailto\" rel=\"email\">cpoulin@concoursmontreal.ca<\/a><\/span><\/address>\n<h2>\u00a0<\/h2>\n<h2><span style=\"font-size: 14px; color: #ff0000;\"><strong><span class=\"TextRun MacChromeBold SCXW132262495 BCX0\" lang=\"EN-CA\" style=\"font-size: 14px;\" xml:lang=\"EN-CA\" data-contrast=\"auto\"><span class=\"NormalTextRun SCXW132262495 BCX0\">Directrice artistique<\/span><\/span><\/strong><\/span><\/h2>\n<address><span style=\"font-size: 14px;\"><strong>Shira Gilbert<\/strong><\/span><br \/><span class=\"phone\" style=\"font-size: 14px;\">514-845-4108, poste 235<\/span><br \/><span style=\"font-size: 14px;\"><a href=\"#c2dpbGJlcnRAY29uY291cnNtb250cmVhbC5jYQ==\" class=\"mailto\" rel=\"email\">sgilbert@concoursmontreal.ca<\/a><\/span><\/address>\n<address>\n<h2>\u00a0<\/h2>\n<h2><span style=\"font-size: 14px; color: #ff0000;\"><strong><span class=\"role\"><span style=\"font-size: 14px;\">d\u00e9veloppement philanthropique ET FINANCEMENT<\/span><\/span><\/strong><\/span><\/h2>\n<p><span style=\"font-size: 14px;\"><span style=\"color: #000000;\"><strong>Anne-Laure Colombani<br \/><\/strong>Directrice, d\u00e9veloppement philanthropique et financement<br \/><span class=\"phone\" style=\"font-size: 14px;\">514-845-4108, poste 232<\/span><br \/><a href=\"#YWxjb2xvbWJhbmlAY29uY291cnNtb250cmVhbC5jYQ==\" class=\"mailto\" rel=\"email\">alcolombani@concoursmontreal.ca<\/a><\/span><\/span><\/p>\n<p><span style=\"font-size: 14px;\"><span style=\"color: #000000;\"><strong>Charles Chiovato Rambaldo<br \/><\/strong>Adjoint, philanthropie et financement<br \/><span class=\"phone\" style=\"font-size: 14px;\">514-845-4108, poste 233<\/span><br \/><a href=\"#Y2NoaW92YXRvQGNvbmNvdXJzbW9udHJlYWwuY2E=\" class=\"mailto\" rel=\"email\">cchiovato@concoursmontreal.ca<\/a><\/span><\/span><\/p>\n<p><span style=\"font-size: 14px;\"><span style=\"color: #000000;\"><strong>Fondation Concours musical international de Montr\u00e9al<br \/><\/strong><\/span><a href=\"#Zm9uZGF0aW9uQGNvbmNvdXJzbW9udHJlYWwuY2E=\" class=\"mailto\" rel=\"email\">fondation@concoursmontreal.ca<\/a><\/span><\/p>\n<p><span style=\"font-size: 14px;\"><span style=\"color: #000000;\"><strong>Anna Buithieu<br \/><\/strong><span style=\"font-style: inherit;\">B\u00e9n\u00e9vole, responsable des familles d&rsquo;accueil<\/span><strong><br \/><\/strong><\/span><\/span><span style=\"font-size: 14px;\"><a href=\"#ZmFtaWxsZXNAY29uY291cnNtb250cmVhbC5jYQ==\" class=\"mailto\" rel=\"email\">familles@concoursmontreal.ca<\/a><\/span><\/p>\n<p>&nbsp;<\/p>\n<h2><span style=\"font-size: 14px; color: #ff0000;\">COMMUNICATIONS ET MARKETING<\/span><\/h2>\n<p><span style=\"font-size: 14px;\"><strong>Claudine Jacques<br \/><\/strong><\/span><span class=\"phone\" style=\"font-size: 14px;\">Cheffe, communications et marketing<br \/>514-845-4108, poste 237<br \/><a href=\"#Y2phY3F1ZXNAY29uY291cnNtb250cmVhbC5jYQ==\" class=\"mailto\" rel=\"email\">cjacques@concoursmontreal.ca<\/a><\/span><\/p>\n<p>&nbsp;<\/p>\n<h2><span style=\"font-size: 14px; color: #ff0000;\"><strong>SERVICES FINANCIERS<\/strong><\/span><\/h2>\n<p><span style=\"font-size: 14px;\"><strong>Nathalie Allen, <\/strong>CPA<strong><br \/><\/strong><span class=\"role\">Directrice, services financiers<\/span><\/span><br \/><span class=\"phone\" style=\"font-size: 14px;\">514-845-4108, poste 248<\/span><br \/><span style=\"font-size: 14px;\"><a href=\"#bmFsbGVuQGNvbmNvdXJzbW9udHJlYWwuY2E=\" class=\"mailto\" rel=\"email\">nallen@concoursmontreal.ca<\/a><\/span><\/address>\n<address><span style=\"font-size: 14px;\"><strong>Andr\u00e9 Mercier<br \/><\/strong><span class=\"role\">Technicien \u00e0 la comptabilit\u00e9<\/span><\/span><br \/><span class=\"phone\" style=\"font-size: 14px;\">514-845-4108, poste 224<\/span><br \/><span style=\"font-size: 14px;\"><a href=\"#YW1lcmNpZXJAY29uY291cnNtb250cmVhbC5jYQ==\" class=\"mailto\" rel=\"email\">amercier@concoursmontreal.ca<\/a><\/span><\/address>\n<address>\n<h2>\u00a0<\/h2>\n<h2><span style=\"font-size: 14px; color: #ff0000;\">COORDONNATEUR DE PRODUCTION<\/span><\/h2>\n<p><span style=\"font-size: 14px;\"><strong>Pascal Pich\u00e9<\/strong><\/span><br \/><span class=\"phone\" style=\"font-size: 14px;\">514-845-4108, poste 244<\/span><br \/><span style=\"font-size: 14px;\"><a href=\"#cHBpY2hlQGNvbmNvdXJzbW9udHJlYWwuY2E=\" class=\"mailto\" rel=\"email\">ppiche@concoursmontreal.ca<\/a><\/span><\/p>\n<p>&nbsp;<\/p>\n<\/address>\n<h2><span style=\"font-size: 14px; color: #ff0000;\">COORDONNATRICE ARTISTIQUE<\/span><\/h2>\n<p><span style=\"font-size: 14px;\"><strong>Laurence Gauvin<\/strong><\/span><span class=\"phone\" style=\"font-size: 14px;\"><br \/><a href=\"#Y2FuZGlkYXRlc0Bjb25jb3Vyc21vbnRyZWFsLmNh\" class=\"mailto\" rel=\"email\">candidates@concoursmontreal.ca<\/a><\/span><\/p>\n<p>&nbsp;<\/p>\n<h2><span style=\"color: #ff0000;\"><strong><span style=\"font-size: 14px;\">INFORMATIONS G\u00c9N\u00c9RALES<\/span><\/strong><\/span><\/h2>\n<p><span style=\"font-size: 14px;\"><span class=\"phone\" style=\"font-size: 14px;\"><a href=\"#aW5mb0Bjb25jb3Vyc21vbnRyZWFsLmNh\" class=\"mailto\" rel=\"email\">info@concoursmontreal.ca<\/a><\/span><\/span><\/p>\n<p>&nbsp;<\/p>\n<p><span style=\"font-size: 14px;\"><strong>Tam Photography<br \/><\/strong>Photographe<\/span><span class=\"phone\" style=\"font-size: 14px;\"><br \/><a href=\"mailto:tam@tamphotography.ca\" target=\"_blank\" rel=\"noopener\">tam@tamphotography.ca<\/a><\/span><\/p>\n<p>&nbsp;<\/p>\n<p><strong><span style=\"font-size: 16px; color: #fc4237;\">* * *<\/span><\/strong><\/p>\n<p>&nbsp;<\/p>\n<p style=\"text-align: center;\"><strong>Facebook<\/strong><br \/><a href=\"https:\/\/www.facebook.com\/CMIMontreal\/\">https:\/\/www.facebook.com\/CMIMontreal<\/a><\/p>\n<p style=\"text-align: center;\"><strong>Instagram<\/strong><br \/><a href=\"https:\/\/www.instagram.com\/cmimontreal\" target=\"_blank\" rel=\"noopener noreferrer\">https:\/\/www.instagram.com\/cmimontreal<\/a><\/p>\n<p style=\"text-align: center;\"><strong>Linkedin<\/strong> <br \/><a href=\"https:\/\/www.linkedin.com\/company\/concoursmontreal\/\" target=\"_blank\" rel=\"noopener\">https:\/\/www.linkedin.com\/company\/concoursmontreal\/<\/a><\/p>\n<p style=\"text-align: center;\">\u00a0<\/p>\n<h2 style=\"text-align: center;\"><strong><span style=\"font-size: 16px; color: #fc4237;\">* * *<\/span><\/strong><\/h2>\n<h2>\u00a0<\/h2>\n<h2 style=\"text-align: center;\">Soumettre une candidature spontan\u00e9e<\/h2>\n<p style=\"text-align: center;\"><a class=\"maxbutton-77 maxbutton maxbutton-candidature\" href=\"mailto:cpoulin@concoursmontreal.ca\"><span class='mb-text'>Candidature<\/span><\/a><\/p>\n","protected":false},"excerpt":{"rendered":"<p>CONTACT Concours musical international de Montr\u00e9al 305, avenue du Mont-Royal EstMontr\u00e9al (Qu\u00e9bec) H2T 1P8Canada T\u00e9l\u00e9phone : 514-845-4108\u202cSans frais : 877-377-7951 (des Am\u00e9riques)\u00a0 Courriel &nbsp; *\u00a0 *\u00a0 * \u00c9QUIPE DU CONCOURSet de la FONDATION DU CONCOURS &nbsp; Directrice G\u00c9N\u00c9RALE Chantal Poulin514-845-4108, poste 245 \u00a0 Directrice artistique Shira Gilbert514-845-4108, poste 235 \u00a0 d\u00e9veloppement philanthropique ET FINANCEMENT Anne-Laure [&hellip;]<\/p>\n","protected":false},"author":1,"featured_media":0,"parent":0,"menu_order":27,"comment_status":"closed","ping_status":"closed","template":"","meta":{"_acf_changed":false,"footnotes":""},"class_list":["post-88","page","type-page","status-publish","hentry"],"acf":[],"featured_media_src_url":null,"_links":{"self":[{"href":"https:\/\/www.concoursmontreal.ca\/fr\/wp-json\/wp\/v2\/pages\/88","targetHints":{"allow":["GET"]}}],"collection":[{"href":"https:\/\/www.concoursmontreal.ca\/fr\/wp-json\/wp\/v2\/pages"}],"about":[{"href":"https:\/\/www.concoursmontreal.ca\/fr\/wp-json\/wp\/v2\/types\/page"}],"author":[{"embeddable":true,"href":"https:\/\/www.concoursmontreal.ca\/fr\/wp-json\/wp\/v2\/users\/1"}],"replies":[{"embeddable":true,"href":"https:\/\/www.concoursmontreal.ca\/fr\/wp-json\/wp\/v2\/comments?post=88"}],"version-history":[{"count":6,"href":"https:\/\/www.concoursmontreal.ca\/fr\/wp-json\/wp\/v2\/pages\/88\/revisions"}],"predecessor-version":[{"id":44350,"href":"https:\/\/www.concoursmontreal.ca\/fr\/wp-json\/wp\/v2\/pages\/88\/revisions\/44350"}],"wp:attachment":[{"href":"https:\/\/www.concoursmontreal.ca\/fr\/wp-json\/wp\/v2\/media?parent=88"}],"curies":[{"name":"wp","href":"https:\/\/api.w.org\/{rel}","templated":true}]}}