{"id":90,"date":"2015-02-28T17:46:58","date_gmt":"2015-02-28T22:46:58","guid":{"rendered":"http:\/\/concoursmontreal.ca\/?page_id=90"},"modified":"2026-04-07T16:41:42","modified_gmt":"2026-04-07T20:41:42","slug":"conseil-administration","status":"publish","type":"page","link":"https:\/\/www.concoursmontreal.ca\/fr\/a_propos\/conseil-administration\/","title":{"rendered":"Conseil d\u2019administration"},"content":{"rendered":"<h2 style=\"text-align: left;\">Conseil d\u2019administration<\/h2>\n<p style=\"text-align: right;\"><img loading=\"lazy\" decoding=\"async\" class=\"aligncenter size-full wp-image-43617\" src=\"\/wp-content\/uploads\/2026\/03\/Titre_ca_fr-2026.jpg\" alt=\"\" width=\"1200\" height=\"350\" srcset=\"\/wp-content\/uploads\/2026\/03\/Titre_ca_fr-2026.jpg 1200w, \/wp-content\/uploads\/2026\/03\/Titre_ca_fr-2026-768x224.jpg 768w\" sizes=\"auto, (max-width: 1200px) 100vw, 1200px\" \/>Dmytro Udovychenko, Grand laur\u00e9at &#8211; Concours 2023<\/p>\n<p style=\"text-align: left;\"><span style=\"font-size: 14px;\">Les membres du conseil d\u2019administration du <strong>Concours musical international de Montr\u00e9al <\/strong>sont des individus provenant de divers milieux professionnels. Ensemble, ils unissent leurs ressources personnelles et collectives pour soutenir pleinement la r\u00e9alisation de la mission du Concours.<\/span><\/p>\n<p>&nbsp;<\/p>\n<h2 style=\"text-align: left;\"><span style=\"font-size: 22px; color: #fc4237;\">Dirigeants<\/span><\/h2>\n<h3 style=\"text-align: left;\">PR\u00c9SIDENTE<\/h3>\n<p style=\"text-align: left;\"><strong>Louise Roy, O.C., O.Q., C.O.M.<br \/><\/strong>Chanceli\u00e8re \u00e9m\u00e9rite, Universit\u00e9 de Montr\u00e9al<br \/>Fellow invit\u00e9e, CIRANO<\/p>\n<h3 style=\"text-align: left;\">VICE-PR\u00c9SIDENT<\/h3>\n<p style=\"text-align: left;\"><strong>D<sup>r<\/sup> Guy Breton, O.C., O.Q., C.O.M. Off. P.A.<br \/><\/strong>Professeur \u00e9m\u00e9rite et recteur \u00e9m\u00e9rite<br aria-hidden=\"true\" \/>Universit\u00e9 de Montr\u00e9al<\/p>\n<h3 style=\"text-align: left;\">VICE-PR\u00c9SIDENTE<\/h3>\n<p style=\"text-align: left;\"><strong>Maryse Beauregard<br \/><\/strong>Productrice multim\u00e9dia<\/p>\n<h3 style=\"text-align: left;\">SECR\u00c9TAIRE\/TR\u00c9SORIER<\/h3>\n<p style=\"text-align: left;\"><strong>M<sup>e<\/sup> Jacques Vincent<\/strong><br \/>Associ\u00e9, Gutkin Vincent Dumas S.E.N.C.R.L.<\/p>\n<p style=\"text-align: left;\">\u00a0<\/p>\n<h2 style=\"text-align: left;\"><span style=\"font-size: 22px; color: #fc4237;\">Administrateurs<\/span><\/h2>\n<p style=\"text-align: left;\"><strong>Madeleine Careau, O.Q., O.A.L.Q., O.O.M.<br \/><\/strong>Administratrice culturelle<\/p>\n<p style=\"text-align: left;\"><strong>Danielle Champagne<br \/><\/strong>Strat\u00e8ge en philanthropie culturelle et en communications et marketing culturel<\/p>\n<p style=\"text-align: left;\"><strong>Isabelle Demers<br \/><\/strong>Vice-pr\u00e9sidente, D\u00e9veloppement strat\u00e9gique, affaires-publiques et innovation, APCHQ<br \/>Pr\u00e9sidente, idmrs<\/p>\n<p style=\"text-align: left;\"><strong>Nicole Fontaine<br \/><\/strong>Administratrice<\/p>\n<p style=\"text-align: left;\"><strong>Paul Fortin<br \/><\/strong>Administrateur artistique<\/p>\n<p style=\"text-align: left;\"><strong>Jean-Jacques Laurans<br \/><\/strong>Pr\u00e9sident, Alfid Services Immobiliers Lt\u00e9e<\/p>\n<p style=\"text-align: left;\"><strong>Luc Plamondon, O.C., C.Q.<br \/><\/strong>Parolier<\/p>\n<p style=\"text-align: left;\"><strong>Chantal Poulin<br \/><\/strong>Directrice g\u00e9n\u00e9rale, Concours musical international de Montr\u00e9al<\/p>\n<p style=\"text-align: left;\"><strong>Kelly Rice<\/strong><br \/>Communicateur, conf\u00e9rencier et consultant<\/p>\n<p style=\"text-align: left;\"><strong>Fran\u00e7ois R. Roy<br \/><\/strong>Administrateur de soci\u00e9t\u00e9s<\/p>\n<p style=\"text-align: left;\"><strong>Myl\u00e8ne Tassy<\/strong><br aria-hidden=\"true\" \/>Cheffe des comptes d&rsquo;entreprises, directrice g\u00e9n\u00e9rale pour le Qu\u00e9bec, Lyft<\/p>\n<p style=\"text-align: left;\"><strong>Andrew Torriani<br \/><\/strong>Pr\u00e9sident et directeur g\u00e9n\u00e9ral<br \/>Ritz Carlton Montreal<\/p>\n<hr \/>\n<p style=\"text-align: left;\"><strong><span style=\"font-size: 22px; color: #ff0000;\">Membres honoraires<\/span><\/strong><\/p>\n<h2 style=\"text-align: left;\"><strong><span style=\"font-size: 22px;\">Andr\u00e9 Bourbeau (1936-2018)<br \/>Joseph Rouleau (1929-2019)<\/span><\/strong><\/h2>\n<p class=\"p1\" style=\"text-align: left;\">Cofondateurs du Concours musical international de Montr\u00e9al<\/p>\n<p style=\"text-align: left;\"><img loading=\"lazy\" decoding=\"async\" class=\"wp-image-13303 aligncenter\" style=\"font-size: 13.0093px;\" src=\"\/wp-content\/uploads\/2020\/07\/CMIM_AndreBourbeau_2017.jpg\" alt=\"\" width=\"549\" height=\"265\" \/><\/p>\n<p style=\"text-align: center;\"><span style=\"font-size: 14px; color: #808080;\">Violon 2016 : Andr\u00e9 Bourbeau annonce les r\u00e9sultats \u00e0 la Maison symphonique de Montr\u00e9al<\/span><\/p>\n","protected":false},"excerpt":{"rendered":"<p>Conseil d\u2019administration Dmytro Udovychenko, Grand laur\u00e9at &#8211; Concours 2023 Les membres du conseil d\u2019administration du Concours musical international de Montr\u00e9al sont des individus provenant de divers milieux professionnels. Ensemble, ils unissent leurs ressources personnelles et collectives pour soutenir pleinement la r\u00e9alisation de la mission du Concours. &nbsp; Dirigeants PR\u00c9SIDENTE Louise Roy, O.C., O.Q., C.O.M.Chanceli\u00e8re \u00e9m\u00e9rite, [&hellip;]<\/p>\n","protected":false},"author":1,"featured_media":0,"parent":16,"menu_order":4,"comment_status":"closed","ping_status":"closed","template":"","meta":{"_acf_changed":false,"footnotes":""},"class_list":["post-90","page","type-page","status-publish","hentry"],"acf":[],"featured_media_src_url":null,"_links":{"self":[{"href":"https:\/\/www.concoursmontreal.ca\/fr\/wp-json\/wp\/v2\/pages\/90","targetHints":{"allow":["GET"]}}],"collection":[{"href":"https:\/\/www.concoursmontreal.ca\/fr\/wp-json\/wp\/v2\/pages"}],"about":[{"href":"https:\/\/www.concoursmontreal.ca\/fr\/wp-json\/wp\/v2\/types\/page"}],"author":[{"embeddable":true,"href":"https:\/\/www.concoursmontreal.ca\/fr\/wp-json\/wp\/v2\/users\/1"}],"replies":[{"embeddable":true,"href":"https:\/\/www.concoursmontreal.ca\/fr\/wp-json\/wp\/v2\/comments?post=90"}],"version-history":[{"count":5,"href":"https:\/\/www.concoursmontreal.ca\/fr\/wp-json\/wp\/v2\/pages\/90\/revisions"}],"predecessor-version":[{"id":44373,"href":"https:\/\/www.concoursmontreal.ca\/fr\/wp-json\/wp\/v2\/pages\/90\/revisions\/44373"}],"up":[{"embeddable":true,"href":"https:\/\/www.concoursmontreal.ca\/fr\/wp-json\/wp\/v2\/pages\/16"}],"wp:attachment":[{"href":"https:\/\/www.concoursmontreal.ca\/fr\/wp-json\/wp\/v2\/media?parent=90"}],"curies":[{"name":"wp","href":"https:\/\/api.w.org\/{rel}","templated":true}]}}